{"id":30736,"date":"2025-08-31T10:21:13","date_gmt":"2025-08-31T08:21:13","guid":{"rendered":"https:\/\/glaciersalive.ch\/?page_id=30736"},"modified":"2025-12-14T21:41:01","modified_gmt":"2025-12-14T20:41:01","slug":"schwankungen-der-gletscherlaenge","status":"publish","type":"page","link":"https:\/\/glaciersalive.ch\/en\/schwankungen-der-gletscherlaenge\/","title":{"rendered":"Glacier length fluctuations"},"content":{"rendered":"<p>[et_pb_section fb_built=&#8220;1&#8243; fullwidth=&#8220;on&#8220; disabled_on=&#8220;on|on|off&#8220; _builder_version=&#8220;4.27.4&#8243; _module_preset=&#8220;default&#8220; global_colors_info=&#8220;{}&#8220;][et_pb_fullwidth_menu menu_id=&#8220;14&#8243; fullwidth_menu=&#8220;off&#8220; logo=&#8220;https:\/\/glaciersalive.ch\/wp-content\/uploads\/2025\/12\/IMG_1429.jpg&#8220; logo_width=&#8220;32%&#8220; show_search_icon=&#8220;on&#8220; _builder_version=&#8220;4.27.4&#8243; _module_preset=&#8220;default&#8220; menu_font_size=&#8220;16px&#8220; text_orientation=&#8220;right&#8220; custom_padding=&#8220;||0px|||&#8220; global_colors_info=&#8220;{}&#8220;][\/et_pb_fullwidth_menu][et_pb_fullwidth_menu menu_style=&#8220;centered&#8220; fullwidth_menu=&#8220;off&#8220; active_link_color=&#8220;#FFFFFF&#8220; logo_height=&#8220;104px&#8220; logo_max_height=&#8220;78px&#8220; _builder_version=&#8220;4.27.4&#8243; _module_preset=&#8220;default&#8220; menu_text_color=&#8220;#FFFFFF&#8220; menu_font_size=&#8220;20px&#8220; background_color=&#8220;#072130&#8243; custom_padding=&#8220;1px|||||&#8220; child_filter_hue_rotate=&#8220;359deg&#8220; child_filter_brightness=&#8220;200%&#8220; child_filter_contrast=&#8220;0%&#8220; border_color_all_image=&#8220;#FFFFFF&#8220; global_colors_info=&#8220;{}&#8220;][\/et_pb_fullwidth_menu][\/et_pb_section][et_pb_section fb_built=&#8220;1&#8243; fullwidth=&#8220;on&#8220; disabled_on=&#8220;off|off|on&#8220; _builder_version=&#8220;4.27.4&#8243; _module_preset=&#8220;default&#8220; global_colors_info=&#8220;{}&#8220;][et_pb_fullwidth_menu menu_id=&#8220;14&#8243; fullwidth_menu=&#8220;off&#8220; logo=&#8220;https:\/\/glaciersalive.ch\/wp-content\/uploads\/2025\/12\/IMG_1429.jpg&#8220; logo_width=&#8220;76%&#8220; show_search_icon=&#8220;on&#8220; _builder_version=&#8220;4.27.4&#8243; _module_preset=&#8220;default&#8220; menu_font_size=&#8220;16px&#8220; text_orientation=&#8220;right&#8220; custom_padding=&#8220;||0px|||&#8220; global_colors_info=&#8220;{}&#8220;][\/et_pb_fullwidth_menu][et_pb_fullwidth_menu menu_style=&#8220;centered&#8220; fullwidth_menu=&#8220;off&#8220; active_link_color=&#8220;#FFFFFF&#8220; logo_height=&#8220;104px&#8220; logo_max_height=&#8220;78px&#8220; _builder_version=&#8220;4.27.4&#8243; _module_preset=&#8220;default&#8220; menu_text_color=&#8220;#FFFFFF&#8220; menu_font_size=&#8220;20px&#8220; background_color=&#8220;#072130&#8243; custom_padding=&#8220;1px|||||&#8220; child_filter_hue_rotate=&#8220;359deg&#8220; child_filter_brightness=&#8220;200%&#8220; child_filter_contrast=&#8220;0%&#8220; border_color_all_image=&#8220;#FFFFFF&#8220; global_colors_info=&#8220;{}&#8220;][\/et_pb_fullwidth_menu][\/et_pb_section][et_pb_section fb_built=&#8220;1&#8243; disabled_on=&#8220;on|off|off&#8220; admin_label=&#8220;Header&#8220; _builder_version=&#8220;4.27.4&#8243; _module_preset=&#8220;f08e7613-a180-4797-9c4f-8fef2b5afe95&#8243; background_color_gradient_stops=&#8220;gcid-d119accd-44d7-4f2f-b9d7-599c8463324b 0%|rgba(255,255,255,0) 100%|#072130 100%|rgba(7,33,48,0.6) 100%&#8220; background_image=&#8220;https:\/\/glaciersalive.ch\/wp-content\/uploads\/2025\/08\/0002-NGS-61181S-19_200822_14072.jpg&#8220; background_enable_image=&#8220;on&#8220; locked=&#8220;off&#8220; collapsed=&#8220;on&#8220; global_colors_info=&#8220;{%22gcid-1f1bf5fb-a99d-4acc-8d9e-ddac074c158c%22:%91%22background_color_gradient_stops%22,%22background_color_gradient_stops%22%93,%22gcid-4c79ba3d-a281-4fb6-9b14-02f9a4c793f2%22:%91%22background_color_gradient_stops%22,%22background_color_gradient_stops%22%93,%22gcid-688c464a-d6f2-4296-b592-395352c71c79%22:%91%22background_color_gradient_stops%22,%22background_color_gradient_stops%22%93,%22gcid-d119accd-44d7-4f2f-b9d7-599c8463324b%22:%91%22background_color_gradient_stops%22,%22background_color_gradient_stops%22%93}&#8220;][et_pb_row _builder_version=&#8220;4.25.1&#8243; _module_preset=&#8220;default&#8220; custom_padding=&#8220;||3px|||&#8220; global_colors_info=&#8220;{}&#8220;][et_pb_column type=&#8220;4_4&#8243; _builder_version=&#8220;4.25.1&#8243; _module_preset=&#8220;default&#8220; global_colors_info=&#8220;{}&#8220;][et_pb_heading title=&#8220;Schwankungen der Gletscherl\u00e4nge&#8220; _builder_version=&#8220;4.27.4&#8243; _module_preset=&#8220;9bab56d2-91ba-4ba3-b0ff-49ada2eb4275&#8243; title_text_align=&#8220;center&#8220; title_text_color=&#8220;#FFFFFF&#8220; title_font_size=&#8220;68px&#8220; custom_margin=&#8220;||10px||false|false&#8220; global_colors_info=&#8220;{}&#8220;][\/et_pb_heading][\/et_pb_column][\/et_pb_row][\/et_pb_section][et_pb_section fb_built=&#8220;1&#8243; disabled_on=&#8220;off|on|on&#8220; admin_label=&#8220;Header&#8220; _builder_version=&#8220;4.27.4&#8243; _module_preset=&#8220;f08e7613-a180-4797-9c4f-8fef2b5afe95&#8243; background_color_gradient_stops=&#8220;gcid-d119accd-44d7-4f2f-b9d7-599c8463324b 0%|rgba(255,255,255,0) 100%|#072130 100%|rgba(7,33,48,0.6) 100%&#8220; background_image=&#8220;https:\/\/glaciersalive.ch\/wp-content\/uploads\/2025\/08\/0002-NGS-61181S-19_200822_14072.jpg&#8220; background_enable_image=&#8220;on&#8220; custom_padding=&#8220;27px||29px|||&#8220; locked=&#8220;off&#8220; collapsed=&#8220;on&#8220; global_colors_info=&#8220;{%22gcid-1f1bf5fb-a99d-4acc-8d9e-ddac074c158c%22:%91%22background_color_gradient_stops%22,%22background_color_gradient_stops%22%93,%22gcid-4c79ba3d-a281-4fb6-9b14-02f9a4c793f2%22:%91%22background_color_gradient_stops%22,%22background_color_gradient_stops%22%93,%22gcid-688c464a-d6f2-4296-b592-395352c71c79%22:%91%22background_color_gradient_stops%22,%22background_color_gradient_stops%22%93,%22gcid-d119accd-44d7-4f2f-b9d7-599c8463324b%22:%91%22background_color_gradient_stops%22,%22background_color_gradient_stops%22%93}&#8220;][et_pb_row _builder_version=&#8220;4.25.1&#8243; _module_preset=&#8220;default&#8220; custom_padding=&#8220;||3px|||&#8220; global_colors_info=&#8220;{}&#8220;][et_pb_column type=&#8220;4_4&#8243; _builder_version=&#8220;4.25.1&#8243; _module_preset=&#8220;default&#8220; global_colors_info=&#8220;{}&#8220;][et_pb_heading title=&#8220;Schwankungen der Gletscherl\u00e4nge&#8220; _builder_version=&#8220;4.27.4&#8243; _module_preset=&#8220;9bab56d2-91ba-4ba3-b0ff-49ada2eb4275&#8243; title_text_align=&#8220;center&#8220; title_text_color=&#8220;#FFFFFF&#8220; title_font_size=&#8220;68px&#8220; custom_margin=&#8220;||10px||false|false&#8220; title_font_size_phone=&#8220;36px&#8220; global_colors_info=&#8220;{}&#8220;][\/et_pb_heading][\/et_pb_column][\/et_pb_row][\/et_pb_section][et_pb_section fb_built=&#8220;1&#8243; _builder_version=&#8220;4.27.4&#8243; _module_preset=&#8220;default&#8220; global_colors_info=&#8220;{}&#8220;][et_pb_row _builder_version=&#8220;4.27.4&#8243; _module_preset=&#8220;default&#8220; custom_margin=&#8220;-22px|auto||auto||&#8220; custom_padding=&#8220;||3px|||&#8220; global_colors_info=&#8220;{}&#8220;][et_pb_column type=&#8220;4_4&#8243; _builder_version=&#8220;4.27.4&#8243; _module_preset=&#8220;default&#8220; global_colors_info=&#8220;{}&#8220;][et_pb_image src=&#8220;https:\/\/glaciersalive.ch\/wp-content\/uploads\/2025\/08\/Grafik-mit-D.png&#8220; _builder_version=&#8220;4.27.5&#8243; _module_preset=&#8220;default&#8220; hover_enabled=&#8220;0&#8243; global_colors_info=&#8220;{}&#8220; sticky_enabled=&#8220;0&#8243;][\/et_pb_image][\/et_pb_column][\/et_pb_row][et_pb_row _builder_version=&#8220;4.27.4&#8243; _module_preset=&#8220;default&#8220; global_colors_info=&#8220;{}&#8220;][et_pb_column type=&#8220;4_4&#8243; _builder_version=&#8220;4.27.4&#8243; _module_preset=&#8220;default&#8220; global_colors_info=&#8220;{}&#8220;][et_pb_text _builder_version=&#8220;4.27.4&#8243; _module_preset=&#8220;default&#8220; text_font=&#8220;Inter||||||||&#8220; global_colors_info=&#8220;{}&#8220;]<\/p>\n<p>Zahlreiche Aufzeichnungen zur Gletscherl\u00e4nge zeigen, dass sich die Gletscher auf allen Kontinenten zur\u00fcckziehen (Abbildung 1, basierend auf Leclerq et al., 2014). Forscher haben die Gletscherl\u00e4nge anhand von alten Zeichnungen und Gem\u00e4lden, Mor\u00e4nen, historischen Karten und, ab etwa 1900, geod\u00e4tischen Messungen rekonstruiert. In den letzten Jahrzehnten haben sich Satellitenbeobachtungen als sehr hilfreich f\u00fcr die Aktualisierung der Aufzeichnungen erwiesen. Gletscher unterscheiden sich in ihren Eigenschaften: viele befinden sich in feuchten Klimazonen, andere \u00fcberleben in kalten und trockenen Bedingungen. Ein gro\u00dfer Prozentsatz der Gletscher in h\u00f6heren Breitengraden sind kalbende Gletscher, die Eisberge in einen See oder einen Fjord bef\u00f6rdern. Es ist daher nicht \u00fcberraschend, dass die Reaktion eines Gletschers auf den Klimawandel von Gletscher zu Gletscher unterschiedlich ausf\u00e4llt. Dennoch zeigen die Gletscherl\u00e4ngenaufzeichnungen in Abbildung 1 eine gro\u00dfe Koh\u00e4renz \u00fcber den Globus hinweg: Mitte des 19. Jahrhunderts begannen viele Gletscher sich zur\u00fcckzuziehen und tun dies bis heute. Die dargestellte Stichprobe enth\u00e4lt grosse Gezeitengletscher (z.B. Hansbreen, Portage Glacier), typische Talgletscher der mittleren Breiten (z.B. Rhonegletscher, Hintereisferner, Gangotri Glacier) und tropische Gletscher (Meren Glacier \u2013 verschwunden; Lewis Glacier). In einigen F\u00e4llen wurden kurze Perioden des Vorsto\u00dfes beobachtet (insbesondere Franz-Josef-Gletscher; Leirafjardarj\u00f6kull, Schwall), doch handelt es sich dabei um geringf\u00fcgige Schwankungen, die einen klaren langfristigen Trend \u00fcberlagern.<br \/>In den letzten Jahrzehnten hat sich der Gletscherr\u00fcckgang beschleunigt, und der Volumenverlust des Eises findet jetzt in einem noch nie dagewesenen Tempo statt (Zemp et al. 2015). Es besteht wenig Zweifel, dass der Anstieg der atmosph\u00e4rischen Temperatur die Hauptursache f\u00fcr den beobachteten Gletscherr\u00fcckgang ist (Leclerc et al., 2012; Roe, 2011). Wie in vielen Studien festgestellt wurde (z. B. Oerlemans et al., 1998; Mernild et al., 2013), sind die meisten Gletscher stark aus dem Gleichgewicht mit dem gegenw\u00e4rtigen Klima geraten und werden sich daher in den kommenden Jahrzehnten weiter zur\u00fcckziehen, selbst wenn sich die globale Erw\u00e4rmung verlangsamen w\u00fcrde.<\/p>\n<p>&nbsp;<\/p>\n<p>Quellenverzeichnis:<\/p>\n<p>Leclercq PW and Oerlemans J (2012) Global and hemispheric temperature reconstruction from glacier length fluctuations. Clim. Dyn., 38, 1065-1079 (doi: 10.1007\/ s00382-011-1145-7)<\/p>\n<p>Leclerq PW, Oerlemans J, Basagic HJ, Bushueva I, Cook AJ and Le Bris R (2014) A data set of worldwide glacier fluctuations, Cryosphere, 8, 659-672 (doi: 10.5194\/tc-8-659-2014)<\/p>\n<p>Mernild SH, Lipscomb WH, Bahr DB, Radi\u0107 V and Zemp M (2013) Global glacier changes: a revised assessment of committed mass losses and sampling uncertainties. Cryosphere, 7(5), 1565\u20131577 (doi: 10.5194\/tc-7-1565-2013)<\/p>\n<p>Oerlemans J and 10 others (1998) Modelling the response of glaciers to climate warming, Clim. Dyn., 14(4), 267-274<\/p>\n<p>Zemp M and 38 others (2015): Historically unprecedented global glacier decline in the early 21st century, J. Glaciol., 61(228), 754-761 (doi: 10.3189\/2015JoG15J017)<\/p>\n<p>&nbsp;<\/p>\n<p>[\/et_pb_text][\/et_pb_column][\/et_pb_row][\/et_pb_section]<\/p>\n","protected":false},"excerpt":{"rendered":"<p>Zahlreiche Aufzeichnungen zur Gletscherl\u00e4nge zeigen, dass sich die Gletscher auf allen Kontinenten zur\u00fcckziehen (Abbildung 1, basierend auf Leclerq et al., 2014). Forscher haben die Gletscherl\u00e4nge anhand von alten Zeichnungen und Gem\u00e4lden, Mor\u00e4nen, historischen Karten und, ab etwa 1900, geod\u00e4tischen Messungen rekonstruiert. In den letzten Jahrzehnten haben sich Satellitenbeobachtungen als sehr hilfreich f\u00fcr die Aktualisierung der [&hellip;]<\/p>\n","protected":false},"author":1,"featured_media":0,"parent":0,"menu_order":0,"comment_status":"closed","ping_status":"closed","template":"","meta":{"give_campaign_id":0,"_et_pb_use_builder":"on","_et_pb_old_content":"","_et_gb_content_width":"","footnotes":""},"class_list":["post-30736","page","type-page","status-publish","hentry"],"yoast_head":"<!-- This site is optimized with the Yoast SEO plugin v27.1.1 - https:\/\/yoast.com\/product\/yoast-seo-wordpress\/ -->\n<title>Schwankungen der Gletscherl\u00e4nge | GlaciersAlive<\/title>\n<meta name=\"robots\" content=\"index, follow, max-snippet:-1, max-image-preview:large, max-video-preview:-1\" \/>\n<link rel=\"canonical\" href=\"https:\/\/glaciersalive.ch\/en\/schwankungen-der-gletscherlaenge\/\" \/>\n<meta property=\"og:locale\" content=\"en_US\" \/>\n<meta property=\"og:type\" content=\"article\" \/>\n<meta property=\"og:title\" content=\"Schwankungen der Gletscherl\u00e4nge | GlaciersAlive\" \/>\n<meta property=\"og:description\" content=\"Zahlreiche Aufzeichnungen zur Gletscherl\u00e4nge zeigen, dass sich die Gletscher auf allen Kontinenten zur\u00fcckziehen (Abbildung 1, basierend auf Leclerq et al., 2014). Forscher haben die Gletscherl\u00e4nge anhand von alten Zeichnungen und Gem\u00e4lden, Mor\u00e4nen, historischen Karten und, ab etwa 1900, geod\u00e4tischen Messungen rekonstruiert. In den letzten Jahrzehnten haben sich Satellitenbeobachtungen als sehr hilfreich f\u00fcr die Aktualisierung der [&hellip;]\" \/>\n<meta property=\"og:url\" content=\"https:\/\/glaciersalive.ch\/en\/schwankungen-der-gletscherlaenge\/\" \/>\n<meta property=\"og:site_name\" content=\"GlaciersAlive\" \/>\n<meta property=\"article:publisher\" content=\"https:\/\/www.facebook.com\/GlaciersAlive\" \/>\n<meta property=\"article:modified_time\" content=\"2025-12-14T20:41:01+00:00\" \/>\n<meta name=\"twitter:card\" content=\"summary_large_image\" \/>\n<meta name=\"twitter:label1\" content=\"Est. reading time\" \/>\n\t<meta name=\"twitter:data1\" content=\"4 minutes\" \/>\n<script type=\"application\/ld+json\" class=\"yoast-schema-graph\">{\"@context\":\"https:\/\/schema.org\",\"@graph\":[{\"@type\":\"WebPage\",\"@id\":\"https:\/\/glaciersalive.ch\/schwankungen-der-gletscherlaenge\/\",\"url\":\"https:\/\/glaciersalive.ch\/schwankungen-der-gletscherlaenge\/\",\"name\":\"Schwankungen der Gletscherl\u00e4nge | GlaciersAlive\",\"isPartOf\":{\"@id\":\"https:\/\/glaciersalive.ch\/#website\"},\"datePublished\":\"2025-08-31T08:21:13+00:00\",\"dateModified\":\"2025-12-14T20:41:01+00:00\",\"breadcrumb\":{\"@id\":\"https:\/\/glaciersalive.ch\/schwankungen-der-gletscherlaenge\/#breadcrumb\"},\"inLanguage\":\"en-US\",\"potentialAction\":[{\"@type\":\"ReadAction\",\"target\":[\"https:\/\/glaciersalive.ch\/schwankungen-der-gletscherlaenge\/\"]}]},{\"@type\":\"BreadcrumbList\",\"@id\":\"https:\/\/glaciersalive.ch\/schwankungen-der-gletscherlaenge\/#breadcrumb\",\"itemListElement\":[{\"@type\":\"ListItem\",\"position\":1,\"name\":\"Startseite\",\"item\":\"https:\/\/glaciersalive.ch\/\"},{\"@type\":\"ListItem\",\"position\":2,\"name\":\"Schwankungen der Gletscherl\u00e4nge\"}]},{\"@type\":\"WebSite\",\"@id\":\"https:\/\/glaciersalive.ch\/#website\",\"url\":\"https:\/\/glaciersalive.ch\/\",\"name\":\"GlaciersAlive\",\"description\":\"Gletscherpflege f\u00fcr die nachhaltigen Sicherung der Wasserversorgung in Gebirgsregionen.\",\"publisher\":{\"@id\":\"https:\/\/glaciersalive.ch\/#organization\"},\"potentialAction\":[{\"@type\":\"SearchAction\",\"target\":{\"@type\":\"EntryPoint\",\"urlTemplate\":\"https:\/\/glaciersalive.ch\/?s={search_term_string}\"},\"query-input\":{\"@type\":\"PropertyValueSpecification\",\"valueRequired\":true,\"valueName\":\"search_term_string\"}}],\"inLanguage\":\"en-US\"},{\"@type\":\"Organization\",\"@id\":\"https:\/\/glaciersalive.ch\/#organization\",\"name\":\"GlaciersAlive\",\"url\":\"https:\/\/glaciersalive.ch\/\",\"logo\":{\"@type\":\"ImageObject\",\"inLanguage\":\"en-US\",\"@id\":\"https:\/\/glaciersalive.ch\/#\/schema\/logo\/image\/\",\"url\":\"https:\/\/glaciersalive.ch\/wp-content\/uploads\/2025\/12\/GlaciersAlivelogo.jpg\",\"contentUrl\":\"https:\/\/glaciersalive.ch\/wp-content\/uploads\/2025\/12\/GlaciersAlivelogo.jpg\",\"width\":1091,\"height\":1031,\"caption\":\"GlaciersAlive\"},\"image\":{\"@id\":\"https:\/\/glaciersalive.ch\/#\/schema\/logo\/image\/\"},\"sameAs\":[\"https:\/\/www.facebook.com\/GlaciersAlive\",\"https:\/\/www.instagram.com\/glaciers_alive\/\"]}]}<\/script>\n<!-- \/ Yoast SEO plugin. -->","yoast_head_json":{"title":"Schwankungen der Gletscherl\u00e4nge | GlaciersAlive","robots":{"index":"index","follow":"follow","max-snippet":"max-snippet:-1","max-image-preview":"max-image-preview:large","max-video-preview":"max-video-preview:-1"},"canonical":"https:\/\/glaciersalive.ch\/en\/schwankungen-der-gletscherlaenge\/","og_locale":"en_US","og_type":"article","og_title":"Schwankungen der Gletscherl\u00e4nge | GlaciersAlive","og_description":"Zahlreiche Aufzeichnungen zur Gletscherl\u00e4nge zeigen, dass sich die Gletscher auf allen Kontinenten zur\u00fcckziehen (Abbildung 1, basierend auf Leclerq et al., 2014). Forscher haben die Gletscherl\u00e4nge anhand von alten Zeichnungen und Gem\u00e4lden, Mor\u00e4nen, historischen Karten und, ab etwa 1900, geod\u00e4tischen Messungen rekonstruiert. In den letzten Jahrzehnten haben sich Satellitenbeobachtungen als sehr hilfreich f\u00fcr die Aktualisierung der [&hellip;]","og_url":"https:\/\/glaciersalive.ch\/en\/schwankungen-der-gletscherlaenge\/","og_site_name":"GlaciersAlive","article_publisher":"https:\/\/www.facebook.com\/GlaciersAlive","article_modified_time":"2025-12-14T20:41:01+00:00","twitter_card":"summary_large_image","twitter_misc":{"Est. reading time":"4 minutes"},"schema":{"@context":"https:\/\/schema.org","@graph":[{"@type":"WebPage","@id":"https:\/\/glaciersalive.ch\/schwankungen-der-gletscherlaenge\/","url":"https:\/\/glaciersalive.ch\/schwankungen-der-gletscherlaenge\/","name":"Schwankungen der Gletscherl\u00e4nge | GlaciersAlive","isPartOf":{"@id":"https:\/\/glaciersalive.ch\/#website"},"datePublished":"2025-08-31T08:21:13+00:00","dateModified":"2025-12-14T20:41:01+00:00","breadcrumb":{"@id":"https:\/\/glaciersalive.ch\/schwankungen-der-gletscherlaenge\/#breadcrumb"},"inLanguage":"en-US","potentialAction":[{"@type":"ReadAction","target":["https:\/\/glaciersalive.ch\/schwankungen-der-gletscherlaenge\/"]}]},{"@type":"BreadcrumbList","@id":"https:\/\/glaciersalive.ch\/schwankungen-der-gletscherlaenge\/#breadcrumb","itemListElement":[{"@type":"ListItem","position":1,"name":"Startseite","item":"https:\/\/glaciersalive.ch\/"},{"@type":"ListItem","position":2,"name":"Schwankungen der Gletscherl\u00e4nge"}]},{"@type":"WebSite","@id":"https:\/\/glaciersalive.ch\/#website","url":"https:\/\/glaciersalive.ch\/","name":"GlaciersAlive","description":"Gletscherpflege f\u00fcr die nachhaltigen Sicherung der Wasserversorgung in Gebirgsregionen.","publisher":{"@id":"https:\/\/glaciersalive.ch\/#organization"},"potentialAction":[{"@type":"SearchAction","target":{"@type":"EntryPoint","urlTemplate":"https:\/\/glaciersalive.ch\/?s={search_term_string}"},"query-input":{"@type":"PropertyValueSpecification","valueRequired":true,"valueName":"search_term_string"}}],"inLanguage":"en-US"},{"@type":"Organization","@id":"https:\/\/glaciersalive.ch\/#organization","name":"GlaciersAlive","url":"https:\/\/glaciersalive.ch\/","logo":{"@type":"ImageObject","inLanguage":"en-US","@id":"https:\/\/glaciersalive.ch\/#\/schema\/logo\/image\/","url":"https:\/\/glaciersalive.ch\/wp-content\/uploads\/2025\/12\/GlaciersAlivelogo.jpg","contentUrl":"https:\/\/glaciersalive.ch\/wp-content\/uploads\/2025\/12\/GlaciersAlivelogo.jpg","width":1091,"height":1031,"caption":"GlaciersAlive"},"image":{"@id":"https:\/\/glaciersalive.ch\/#\/schema\/logo\/image\/"},"sameAs":["https:\/\/www.facebook.com\/GlaciersAlive","https:\/\/www.instagram.com\/glaciers_alive\/"]}]}},"campaignId":"","_links":{"self":[{"href":"https:\/\/glaciersalive.ch\/en\/wp-json\/wp\/v2\/pages\/30736","targetHints":{"allow":["GET"]}}],"collection":[{"href":"https:\/\/glaciersalive.ch\/en\/wp-json\/wp\/v2\/pages"}],"about":[{"href":"https:\/\/glaciersalive.ch\/en\/wp-json\/wp\/v2\/types\/page"}],"author":[{"embeddable":true,"href":"https:\/\/glaciersalive.ch\/en\/wp-json\/wp\/v2\/users\/1"}],"replies":[{"embeddable":true,"href":"https:\/\/glaciersalive.ch\/en\/wp-json\/wp\/v2\/comments?post=30736"}],"version-history":[{"count":13,"href":"https:\/\/glaciersalive.ch\/en\/wp-json\/wp\/v2\/pages\/30736\/revisions"}],"predecessor-version":[{"id":32714,"href":"https:\/\/glaciersalive.ch\/en\/wp-json\/wp\/v2\/pages\/30736\/revisions\/32714"}],"wp:attachment":[{"href":"https:\/\/glaciersalive.ch\/en\/wp-json\/wp\/v2\/media?parent=30736"}],"curies":[{"name":"wp","href":"https:\/\/api.w.org\/{rel}","templated":true}]}}