{"id":30742,"date":"2025-08-14T16:53:45","date_gmt":"2025-08-14T14:53:45","guid":{"rendered":"https:\/\/glaciersalive.ch\/?page_id=30742"},"modified":"2025-12-14T21:42:08","modified_gmt":"2025-12-14T20:42:08","slug":"wie-funktioniert-ein-gletscher","status":"publish","type":"page","link":"https:\/\/glaciersalive.ch\/en\/wie-funktioniert-ein-gletscher\/","title":{"rendered":"How does a glacier work?"},"content":{"rendered":"<p>[et_pb_section fb_built=&#8220;1&#8243; fullwidth=&#8220;on&#8220; disabled_on=&#8220;on|on|off&#8220; _builder_version=&#8220;4.27.4&#8243; _module_preset=&#8220;default&#8220; global_colors_info=&#8220;{}&#8220;][et_pb_fullwidth_menu menu_id=&#8220;14&#8243; fullwidth_menu=&#8220;off&#8220; logo=&#8220;https:\/\/glaciersalive.ch\/wp-content\/uploads\/2025\/12\/IMG_1429.jpg&#8220; logo_width=&#8220;32%&#8220; show_search_icon=&#8220;on&#8220; _builder_version=&#8220;4.27.4&#8243; _module_preset=&#8220;default&#8220; menu_font_size=&#8220;16px&#8220; text_orientation=&#8220;right&#8220; custom_padding=&#8220;||0px|||&#8220; global_colors_info=&#8220;{}&#8220;][\/et_pb_fullwidth_menu][et_pb_fullwidth_menu menu_style=&#8220;centered&#8220; fullwidth_menu=&#8220;off&#8220; active_link_color=&#8220;#FFFFFF&#8220; logo_height=&#8220;104px&#8220; logo_max_height=&#8220;78px&#8220; _builder_version=&#8220;4.27.4&#8243; _module_preset=&#8220;default&#8220; menu_text_color=&#8220;#FFFFFF&#8220; menu_font_size=&#8220;20px&#8220; background_color=&#8220;#072130&#8243; custom_padding=&#8220;1px|||||&#8220; child_filter_hue_rotate=&#8220;359deg&#8220; child_filter_brightness=&#8220;200%&#8220; child_filter_contrast=&#8220;0%&#8220; border_color_all_image=&#8220;#FFFFFF&#8220; global_colors_info=&#8220;{}&#8220;][\/et_pb_fullwidth_menu][\/et_pb_section][et_pb_section fb_built=&#8220;1&#8243; fullwidth=&#8220;on&#8220; disabled_on=&#8220;off|off|on&#8220; _builder_version=&#8220;4.27.4&#8243; _module_preset=&#8220;default&#8220; global_colors_info=&#8220;{}&#8220;][et_pb_fullwidth_menu menu_id=&#8220;14&#8243; fullwidth_menu=&#8220;off&#8220; logo=&#8220;https:\/\/glaciersalive.ch\/wp-content\/uploads\/2025\/12\/IMG_1429.jpg&#8220; logo_width=&#8220;76%&#8220; show_search_icon=&#8220;on&#8220; _builder_version=&#8220;4.27.4&#8243; _module_preset=&#8220;default&#8220; menu_font_size=&#8220;16px&#8220; text_orientation=&#8220;right&#8220; custom_padding=&#8220;||0px|||&#8220; global_colors_info=&#8220;{}&#8220;][\/et_pb_fullwidth_menu][et_pb_fullwidth_menu menu_style=&#8220;centered&#8220; fullwidth_menu=&#8220;off&#8220; active_link_color=&#8220;#FFFFFF&#8220; logo_height=&#8220;104px&#8220; logo_max_height=&#8220;78px&#8220; _builder_version=&#8220;4.27.4&#8243; _module_preset=&#8220;default&#8220; menu_text_color=&#8220;#FFFFFF&#8220; menu_font_size=&#8220;20px&#8220; background_color=&#8220;#072130&#8243; custom_padding=&#8220;1px|||||&#8220; child_filter_hue_rotate=&#8220;359deg&#8220; child_filter_brightness=&#8220;200%&#8220; child_filter_contrast=&#8220;0%&#8220; border_color_all_image=&#8220;#FFFFFF&#8220; global_colors_info=&#8220;{}&#8220;][\/et_pb_fullwidth_menu][\/et_pb_section][et_pb_section fb_built=&#8220;1&#8243; disabled_on=&#8220;on|off|off&#8220; admin_label=&#8220;Header&#8220; _builder_version=&#8220;4.27.4&#8243; _module_preset=&#8220;f08e7613-a180-4797-9c4f-8fef2b5afe95&#8243; background_color_gradient_stops=&#8220;gcid-d119accd-44d7-4f2f-b9d7-599c8463324b 0%|rgba(255,255,255,0) 100%|rgba(7,33,48,0.6) 100%|#072130 100%&#8220; background_image=&#8220;https:\/\/glaciersalive.ch\/wp-content\/uploads\/2020\/07\/Diavolezza-14.1.1-scaled.jpg&#8220; background_enable_image=&#8220;on&#8220; hover_enabled=&#8220;0&#8243; locked=&#8220;off&#8220; collapsed=&#8220;on&#8220; global_colors_info=&#8220;{%22gcid-1f1bf5fb-a99d-4acc-8d9e-ddac074c158c%22:%91%22background_color_gradient_stops%22,%22background_color_gradient_stops%22%93,%22gcid-4c79ba3d-a281-4fb6-9b14-02f9a4c793f2%22:%91%22background_color_gradient_stops%22,%22background_color_gradient_stops%22%93,%22gcid-688c464a-d6f2-4296-b592-395352c71c79%22:%91%22background_color_gradient_stops%22,%22background_color_gradient_stops%22%93,%22gcid-d119accd-44d7-4f2f-b9d7-599c8463324b%22:%91%22background_color_gradient_stops%22,%22background_color_gradient_stops%22%93}&#8220; sticky_enabled=&#8220;0&#8243;][et_pb_row _builder_version=&#8220;4.25.1&#8243; _module_preset=&#8220;default&#8220; custom_padding=&#8220;||3px|||&#8220; global_colors_info=&#8220;{}&#8220;][et_pb_column type=&#8220;4_4&#8243; _builder_version=&#8220;4.25.1&#8243; _module_preset=&#8220;default&#8220; global_colors_info=&#8220;{}&#8220;][et_pb_heading title=&#8220;Wie funktioniert ein Gletscher?&#8220; _builder_version=&#8220;4.27.4&#8243; _module_preset=&#8220;9bab56d2-91ba-4ba3-b0ff-49ada2eb4275&#8243; title_text_align=&#8220;center&#8220; title_text_color=&#8220;#FFFFFF&#8220; title_font_size=&#8220;80px&#8220; custom_margin=&#8220;||10px||false|false&#8220; global_colors_info=&#8220;{}&#8220;][\/et_pb_heading][\/et_pb_column][\/et_pb_row][\/et_pb_section][et_pb_section fb_built=&#8220;1&#8243; disabled_on=&#8220;off|on|on&#8220; admin_label=&#8220;Header&#8220; _builder_version=&#8220;4.27.4&#8243; _module_preset=&#8220;f08e7613-a180-4797-9c4f-8fef2b5afe95&#8243; background_color_gradient_stops=&#8220;gcid-d119accd-44d7-4f2f-b9d7-599c8463324b 0%|rgba(255,255,255,0) 100%|rgba(7,33,48,0.6) 100%|#072130 100%&#8220; background_image=&#8220;https:\/\/glaciersalive.ch\/wp-content\/uploads\/2020\/07\/Diavolezza-14.1.1-scaled.jpg&#8220; background_enable_image=&#8220;on&#8220; custom_padding=&#8220;28px||27px|||&#8220; locked=&#8220;off&#8220; collapsed=&#8220;on&#8220; global_colors_info=&#8220;{%22gcid-1f1bf5fb-a99d-4acc-8d9e-ddac074c158c%22:%91%22background_color_gradient_stops%22,%22background_color_gradient_stops%22%93,%22gcid-4c79ba3d-a281-4fb6-9b14-02f9a4c793f2%22:%91%22background_color_gradient_stops%22,%22background_color_gradient_stops%22%93,%22gcid-688c464a-d6f2-4296-b592-395352c71c79%22:%91%22background_color_gradient_stops%22,%22background_color_gradient_stops%22%93,%22gcid-d119accd-44d7-4f2f-b9d7-599c8463324b%22:%91%22background_color_gradient_stops%22,%22background_color_gradient_stops%22%93}&#8220;][et_pb_row _builder_version=&#8220;4.25.1&#8243; _module_preset=&#8220;default&#8220; custom_padding=&#8220;||3px|||&#8220; global_colors_info=&#8220;{}&#8220;][et_pb_column type=&#8220;4_4&#8243; _builder_version=&#8220;4.25.1&#8243; _module_preset=&#8220;default&#8220; global_colors_info=&#8220;{}&#8220;][et_pb_heading title=&#8220;Wie funktioniert ein Gletscher?&#8220; _builder_version=&#8220;4.27.4&#8243; _module_preset=&#8220;9bab56d2-91ba-4ba3-b0ff-49ada2eb4275&#8243; title_text_align=&#8220;center&#8220; title_text_color=&#8220;#FFFFFF&#8220; title_font_size=&#8220;80px&#8220; custom_margin=&#8220;||10px||false|false&#8220; title_font_size_phone=&#8220;46px&#8220; global_colors_info=&#8220;{}&#8220;][\/et_pb_heading][\/et_pb_column][\/et_pb_row][\/et_pb_section][et_pb_section fb_built=&#8220;1&#8243; _builder_version=&#8220;4.27.4&#8243; _module_preset=&#8220;default&#8220; custom_padding=&#8220;1px||1px|||&#8220; global_colors_info=&#8220;{}&#8220;][et_pb_row _builder_version=&#8220;4.27.4&#8243; _module_preset=&#8220;default&#8220; hover_enabled=&#8220;0&#8243; global_colors_info=&#8220;{}&#8220; sticky_enabled=&#8220;0&#8243;][et_pb_column type=&#8220;4_4&#8243; _builder_version=&#8220;4.27.4&#8243; _module_preset=&#8220;default&#8220; global_colors_info=&#8220;{}&#8220;][et_pb_image src=&#8220;https:\/\/glaciersalive.ch\/wp-content\/uploads\/2025\/08\/Back-Fig2.png&#8220; _builder_version=&#8220;4.27.5&#8243; _module_preset=&#8220;default&#8220; hover_enabled=&#8220;0&#8243; global_colors_info=&#8220;{}&#8220; sticky_enabled=&#8220;0&#8243;][\/et_pb_image][\/et_pb_column][\/et_pb_row][et_pb_row _builder_version=&#8220;4.27.4&#8243; _module_preset=&#8220;default&#8220; custom_padding=&#8220;5px||4px|||&#8220; global_colors_info=&#8220;{}&#8220;][et_pb_column type=&#8220;4_4&#8243; _builder_version=&#8220;4.27.4&#8243; _module_preset=&#8220;default&#8220; global_colors_info=&#8220;{}&#8220;][et_pb_text _builder_version=&#8220;4.27.4&#8243; _module_preset=&#8220;default&#8220; text_font=&#8220;Inter||||||||&#8220; custom_padding=&#8220;||0px|||&#8220; global_colors_info=&#8220;{}&#8220;]<\/p>\n<div class=\"et_pb_module et_pb_text et_pb_text_9  et_pb_text_align_justified et_pb_bg_layout_light\">\n<div class=\"et_pb_text_inner\">\n<p>Gletscher bilden sich, wenn erh\u00f6htes Gel\u00e4nde, ein Plateau oder Berggipfel, oberhalb der so genannten Gleichgewichtslinie liegt. Die Gleichgewichtslinie (gelb in der Abbildung) trennt die Akkumulationszone, in der die Schneemenge im Winter die Schmelze im Sommer \u00fcbersteigt, von der Ablationszone, in der der gesamte Winterschnee im Sommer verschwindet. Aufgrund von thermodynamischen und druckbedingten Effekten verwandelt sich der Schnee in der Akkumulationszone in Eis. Wenn der Druck hoch ist, verh\u00e4lt sich Eis wie ein viskoses Material und beginnt nach unten zu flie\u00dfen (schwarze Linien). Bei einem Gletscher, der sich im Gleichgewicht mit dem vorherrschenden Klima befindet, ist die in der Akkumulationszone hinzugewonnene Gesamtmasse gleich der in der Ablationszone verlorenen Masse. Der Eisfluss sorgt f\u00fcr den notwendigen Massentransfer gletscherabw\u00e4rts.<\/p>\n<p>&nbsp;<\/p>\n<\/div>\n<p>Wenn sich das Klima erw\u00e4rmt, steigt die Gleichgewichtslinie an, typischerweise um 100 m pro Grad K Temperaturanstieg (z. B. Oerlemans, 2010). Es wird mehr schmelzen und ein kleinerer Teil des Niederschlags wird als Schnee fallen. Die Ablationszone dehnt sich aus und die Akkumulationszone schrumpft. Der Nettomassenhaushalt wird somit negativ. Das Massengleichgewicht kann nur wiederhergestellt werden, wenn die Ablationszone durch den R\u00fcckzug der Gletscherzunge verkleinert wird. Bei einer Abk\u00fchlung des Klimas ist das Gegenteil der Fall und der Gletscher wird sich ausdehnen. Beachten Sie, dass bei einem Gletscher mit geringer Oberfl\u00e4chenneigung die Auswirkungen einer steigenden Gleichgewichtslinie gr\u00f6\u00dfer sind \u2013 ein solcher Gletscher reagiert empfindlicher auf den Klimawandel.<br \/>Die meisten Gletscher sind derzeit nicht im Gleichgewicht mit dem vorherrschenden Klima, d. h. sie sind \u201ezu gro\u00df\u201c f\u00fcr die heutigen Temperaturen. Am Ende des Sommers l\u00e4sst sich die Gr\u00f6\u00dfe der Akkumulationsfl\u00e4che durch eine visuelle Inspektion feststellen. In den letzten Jahren hatten viele kleinere Gletscher in den Alpen aufgrund einer sehr hohen Gleichgewichtslinie keine Akkumulationszonen mehr. Je nach Gr\u00f6sse werden diese Gletscher innerhalb weniger Jahrzehnte verschwinden (z.B. Zekollari et al., 2019).<\/p>\n<p><em>Abbildung: W. Haeberli<\/em><\/p>\n<p><em>Quellenverzeichnis:<\/em><\/p>\n<p><em>Oerlemans J (2010): The Microclimate of Valley Glaciers. Igitur, Utrecht University, 138 pp. ISBN 987-90-393-5303-5<\/em><\/p>\n<p><em>Zekollari H, Huss M and Farinotti D (2019) Modelling the future evolution of glaciers in the European Alps under the EURO-CORDEX RCM ensemble, Cryosphere, 13, 1125\u20131146 (<a href=\"http:\/\/doi.org\/10.5194\/tc-13-1125-2019\">doi.org\/10.5194\/tc-13-1125-2019<\/a>)<\/em><\/p>\n<div class=\"et_pb_text_inner\">\u00a0<\/div>\n<\/div>\n<p>[\/et_pb_text][\/et_pb_column][\/et_pb_row][\/et_pb_section]<\/p>\n","protected":false},"excerpt":{"rendered":"<p>Gletscher bilden sich, wenn erh\u00f6htes Gel\u00e4nde, ein Plateau oder Berggipfel, oberhalb der so genannten Gleichgewichtslinie liegt. Die Gleichgewichtslinie (gelb in der Abbildung) trennt die Akkumulationszone, in der die Schneemenge im Winter die Schmelze im Sommer \u00fcbersteigt, von der Ablationszone, in der der gesamte Winterschnee im Sommer verschwindet. Aufgrund von thermodynamischen und druckbedingten Effekten verwandelt sich [&hellip;]<\/p>\n","protected":false},"author":1,"featured_media":0,"parent":0,"menu_order":0,"comment_status":"closed","ping_status":"closed","template":"","meta":{"give_campaign_id":0,"_et_pb_use_builder":"on","_et_pb_old_content":"","_et_gb_content_width":"","footnotes":""},"class_list":["post-30742","page","type-page","status-publish","hentry"],"yoast_head":"<!-- This site is optimized with the Yoast SEO plugin v27.1.1 - https:\/\/yoast.com\/product\/yoast-seo-wordpress\/ -->\n<title>Wie funktioniert ein Gletscher? | GlaciersAlive<\/title>\n<meta name=\"robots\" content=\"index, follow, max-snippet:-1, max-image-preview:large, max-video-preview:-1\" \/>\n<link rel=\"canonical\" href=\"https:\/\/glaciersalive.ch\/en\/wie-funktioniert-ein-gletscher\/\" \/>\n<meta property=\"og:locale\" content=\"en_US\" \/>\n<meta property=\"og:type\" content=\"article\" \/>\n<meta property=\"og:title\" content=\"Wie funktioniert ein Gletscher? | GlaciersAlive\" \/>\n<meta property=\"og:description\" content=\"Gletscher bilden sich, wenn erh\u00f6htes Gel\u00e4nde, ein Plateau oder Berggipfel, oberhalb der so genannten Gleichgewichtslinie liegt. Die Gleichgewichtslinie (gelb in der Abbildung) trennt die Akkumulationszone, in der die Schneemenge im Winter die Schmelze im Sommer \u00fcbersteigt, von der Ablationszone, in der der gesamte Winterschnee im Sommer verschwindet. Aufgrund von thermodynamischen und druckbedingten Effekten verwandelt sich [&hellip;]\" \/>\n<meta property=\"og:url\" content=\"https:\/\/glaciersalive.ch\/en\/wie-funktioniert-ein-gletscher\/\" \/>\n<meta property=\"og:site_name\" content=\"GlaciersAlive\" \/>\n<meta property=\"article:publisher\" content=\"https:\/\/www.facebook.com\/GlaciersAlive\" \/>\n<meta property=\"article:modified_time\" content=\"2025-12-14T20:42:08+00:00\" \/>\n<meta name=\"twitter:card\" content=\"summary_large_image\" \/>\n<meta name=\"twitter:label1\" content=\"Est. reading time\" \/>\n\t<meta name=\"twitter:data1\" content=\"4 minutes\" \/>\n<script type=\"application\/ld+json\" class=\"yoast-schema-graph\">{\"@context\":\"https:\/\/schema.org\",\"@graph\":[{\"@type\":\"WebPage\",\"@id\":\"https:\/\/glaciersalive.ch\/wie-funktioniert-ein-gletscher\/\",\"url\":\"https:\/\/glaciersalive.ch\/wie-funktioniert-ein-gletscher\/\",\"name\":\"Wie funktioniert ein Gletscher? | GlaciersAlive\",\"isPartOf\":{\"@id\":\"https:\/\/glaciersalive.ch\/#website\"},\"datePublished\":\"2025-08-14T14:53:45+00:00\",\"dateModified\":\"2025-12-14T20:42:08+00:00\",\"breadcrumb\":{\"@id\":\"https:\/\/glaciersalive.ch\/wie-funktioniert-ein-gletscher\/#breadcrumb\"},\"inLanguage\":\"en-US\",\"potentialAction\":[{\"@type\":\"ReadAction\",\"target\":[\"https:\/\/glaciersalive.ch\/wie-funktioniert-ein-gletscher\/\"]}]},{\"@type\":\"BreadcrumbList\",\"@id\":\"https:\/\/glaciersalive.ch\/wie-funktioniert-ein-gletscher\/#breadcrumb\",\"itemListElement\":[{\"@type\":\"ListItem\",\"position\":1,\"name\":\"Startseite\",\"item\":\"https:\/\/glaciersalive.ch\/\"},{\"@type\":\"ListItem\",\"position\":2,\"name\":\"Wie funktioniert ein Gletscher?\"}]},{\"@type\":\"WebSite\",\"@id\":\"https:\/\/glaciersalive.ch\/#website\",\"url\":\"https:\/\/glaciersalive.ch\/\",\"name\":\"GlaciersAlive\",\"description\":\"Gletscherpflege f\u00fcr die nachhaltigen Sicherung der Wasserversorgung in Gebirgsregionen.\",\"publisher\":{\"@id\":\"https:\/\/glaciersalive.ch\/#organization\"},\"potentialAction\":[{\"@type\":\"SearchAction\",\"target\":{\"@type\":\"EntryPoint\",\"urlTemplate\":\"https:\/\/glaciersalive.ch\/?s={search_term_string}\"},\"query-input\":{\"@type\":\"PropertyValueSpecification\",\"valueRequired\":true,\"valueName\":\"search_term_string\"}}],\"inLanguage\":\"en-US\"},{\"@type\":\"Organization\",\"@id\":\"https:\/\/glaciersalive.ch\/#organization\",\"name\":\"GlaciersAlive\",\"url\":\"https:\/\/glaciersalive.ch\/\",\"logo\":{\"@type\":\"ImageObject\",\"inLanguage\":\"en-US\",\"@id\":\"https:\/\/glaciersalive.ch\/#\/schema\/logo\/image\/\",\"url\":\"https:\/\/glaciersalive.ch\/wp-content\/uploads\/2025\/12\/GlaciersAlivelogo.jpg\",\"contentUrl\":\"https:\/\/glaciersalive.ch\/wp-content\/uploads\/2025\/12\/GlaciersAlivelogo.jpg\",\"width\":1091,\"height\":1031,\"caption\":\"GlaciersAlive\"},\"image\":{\"@id\":\"https:\/\/glaciersalive.ch\/#\/schema\/logo\/image\/\"},\"sameAs\":[\"https:\/\/www.facebook.com\/GlaciersAlive\",\"https:\/\/www.instagram.com\/glaciers_alive\/\"]}]}<\/script>\n<!-- \/ Yoast SEO plugin. -->","yoast_head_json":{"title":"Wie funktioniert ein Gletscher? | GlaciersAlive","robots":{"index":"index","follow":"follow","max-snippet":"max-snippet:-1","max-image-preview":"max-image-preview:large","max-video-preview":"max-video-preview:-1"},"canonical":"https:\/\/glaciersalive.ch\/en\/wie-funktioniert-ein-gletscher\/","og_locale":"en_US","og_type":"article","og_title":"Wie funktioniert ein Gletscher? | GlaciersAlive","og_description":"Gletscher bilden sich, wenn erh\u00f6htes Gel\u00e4nde, ein Plateau oder Berggipfel, oberhalb der so genannten Gleichgewichtslinie liegt. Die Gleichgewichtslinie (gelb in der Abbildung) trennt die Akkumulationszone, in der die Schneemenge im Winter die Schmelze im Sommer \u00fcbersteigt, von der Ablationszone, in der der gesamte Winterschnee im Sommer verschwindet. Aufgrund von thermodynamischen und druckbedingten Effekten verwandelt sich [&hellip;]","og_url":"https:\/\/glaciersalive.ch\/en\/wie-funktioniert-ein-gletscher\/","og_site_name":"GlaciersAlive","article_publisher":"https:\/\/www.facebook.com\/GlaciersAlive","article_modified_time":"2025-12-14T20:42:08+00:00","twitter_card":"summary_large_image","twitter_misc":{"Est. reading time":"4 minutes"},"schema":{"@context":"https:\/\/schema.org","@graph":[{"@type":"WebPage","@id":"https:\/\/glaciersalive.ch\/wie-funktioniert-ein-gletscher\/","url":"https:\/\/glaciersalive.ch\/wie-funktioniert-ein-gletscher\/","name":"Wie funktioniert ein Gletscher? | GlaciersAlive","isPartOf":{"@id":"https:\/\/glaciersalive.ch\/#website"},"datePublished":"2025-08-14T14:53:45+00:00","dateModified":"2025-12-14T20:42:08+00:00","breadcrumb":{"@id":"https:\/\/glaciersalive.ch\/wie-funktioniert-ein-gletscher\/#breadcrumb"},"inLanguage":"en-US","potentialAction":[{"@type":"ReadAction","target":["https:\/\/glaciersalive.ch\/wie-funktioniert-ein-gletscher\/"]}]},{"@type":"BreadcrumbList","@id":"https:\/\/glaciersalive.ch\/wie-funktioniert-ein-gletscher\/#breadcrumb","itemListElement":[{"@type":"ListItem","position":1,"name":"Startseite","item":"https:\/\/glaciersalive.ch\/"},{"@type":"ListItem","position":2,"name":"Wie funktioniert ein Gletscher?"}]},{"@type":"WebSite","@id":"https:\/\/glaciersalive.ch\/#website","url":"https:\/\/glaciersalive.ch\/","name":"GlaciersAlive","description":"Gletscherpflege f\u00fcr die nachhaltigen Sicherung der Wasserversorgung in Gebirgsregionen.","publisher":{"@id":"https:\/\/glaciersalive.ch\/#organization"},"potentialAction":[{"@type":"SearchAction","target":{"@type":"EntryPoint","urlTemplate":"https:\/\/glaciersalive.ch\/?s={search_term_string}"},"query-input":{"@type":"PropertyValueSpecification","valueRequired":true,"valueName":"search_term_string"}}],"inLanguage":"en-US"},{"@type":"Organization","@id":"https:\/\/glaciersalive.ch\/#organization","name":"GlaciersAlive","url":"https:\/\/glaciersalive.ch\/","logo":{"@type":"ImageObject","inLanguage":"en-US","@id":"https:\/\/glaciersalive.ch\/#\/schema\/logo\/image\/","url":"https:\/\/glaciersalive.ch\/wp-content\/uploads\/2025\/12\/GlaciersAlivelogo.jpg","contentUrl":"https:\/\/glaciersalive.ch\/wp-content\/uploads\/2025\/12\/GlaciersAlivelogo.jpg","width":1091,"height":1031,"caption":"GlaciersAlive"},"image":{"@id":"https:\/\/glaciersalive.ch\/#\/schema\/logo\/image\/"},"sameAs":["https:\/\/www.facebook.com\/GlaciersAlive","https:\/\/www.instagram.com\/glaciers_alive\/"]}]}},"campaignId":"","_links":{"self":[{"href":"https:\/\/glaciersalive.ch\/en\/wp-json\/wp\/v2\/pages\/30742","targetHints":{"allow":["GET"]}}],"collection":[{"href":"https:\/\/glaciersalive.ch\/en\/wp-json\/wp\/v2\/pages"}],"about":[{"href":"https:\/\/glaciersalive.ch\/en\/wp-json\/wp\/v2\/types\/page"}],"author":[{"embeddable":true,"href":"https:\/\/glaciersalive.ch\/en\/wp-json\/wp\/v2\/users\/1"}],"replies":[{"embeddable":true,"href":"https:\/\/glaciersalive.ch\/en\/wp-json\/wp\/v2\/comments?post=30742"}],"version-history":[{"count":12,"href":"https:\/\/glaciersalive.ch\/en\/wp-json\/wp\/v2\/pages\/30742\/revisions"}],"predecessor-version":[{"id":32715,"href":"https:\/\/glaciersalive.ch\/en\/wp-json\/wp\/v2\/pages\/30742\/revisions\/32715"}],"wp:attachment":[{"href":"https:\/\/glaciersalive.ch\/en\/wp-json\/wp\/v2\/media?parent=30742"}],"curies":[{"name":"wp","href":"https:\/\/api.w.org\/{rel}","templated":true}]}}