{"id":30747,"date":"2025-08-14T16:57:21","date_gmt":"2025-08-14T14:57:21","guid":{"rendered":"https:\/\/glaciersalive.ch\/?page_id=30747"},"modified":"2025-12-14T21:43:10","modified_gmt":"2025-12-14T20:43:10","slug":"weltweite-temperaturveraenderung","status":"publish","type":"page","link":"https:\/\/glaciersalive.ch\/en\/weltweite-temperaturveraenderung\/","title":{"rendered":"World-wide temperature change"},"content":{"rendered":"<p>[et_pb_section fb_built=&#8220;1&#8243; fullwidth=&#8220;on&#8220; disabled_on=&#8220;on|on|off&#8220; _builder_version=&#8220;4.27.4&#8243; _module_preset=&#8220;default&#8220; global_colors_info=&#8220;{}&#8220;][et_pb_fullwidth_menu menu_id=&#8220;14&#8243; fullwidth_menu=&#8220;off&#8220; logo=&#8220;https:\/\/glaciersalive.ch\/wp-content\/uploads\/2025\/12\/IMG_1429.jpg&#8220; logo_width=&#8220;32%&#8220; show_search_icon=&#8220;on&#8220; _builder_version=&#8220;4.27.4&#8243; _module_preset=&#8220;default&#8220; menu_font_size=&#8220;16px&#8220; text_orientation=&#8220;right&#8220; custom_padding=&#8220;||0px|||&#8220; global_colors_info=&#8220;{}&#8220;][\/et_pb_fullwidth_menu][et_pb_fullwidth_menu menu_style=&#8220;centered&#8220; fullwidth_menu=&#8220;off&#8220; active_link_color=&#8220;#FFFFFF&#8220; logo_height=&#8220;104px&#8220; logo_max_height=&#8220;78px&#8220; _builder_version=&#8220;4.27.4&#8243; _module_preset=&#8220;default&#8220; menu_text_color=&#8220;#FFFFFF&#8220; menu_font_size=&#8220;20px&#8220; background_color=&#8220;#072130&#8243; custom_padding=&#8220;1px|||||&#8220; child_filter_hue_rotate=&#8220;359deg&#8220; child_filter_brightness=&#8220;200%&#8220; child_filter_contrast=&#8220;0%&#8220; border_color_all_image=&#8220;#FFFFFF&#8220; global_colors_info=&#8220;{}&#8220;][\/et_pb_fullwidth_menu][\/et_pb_section][et_pb_section fb_built=&#8220;1&#8243; fullwidth=&#8220;on&#8220; disabled_on=&#8220;off|off|on&#8220; _builder_version=&#8220;4.27.4&#8243; _module_preset=&#8220;default&#8220; global_colors_info=&#8220;{}&#8220;][et_pb_fullwidth_menu menu_id=&#8220;14&#8243; fullwidth_menu=&#8220;off&#8220; logo=&#8220;https:\/\/glaciersalive.ch\/wp-content\/uploads\/2025\/12\/IMG_1429.jpg&#8220; logo_width=&#8220;76%&#8220; show_search_icon=&#8220;on&#8220; _builder_version=&#8220;4.27.4&#8243; _module_preset=&#8220;default&#8220; menu_font_size=&#8220;16px&#8220; text_orientation=&#8220;right&#8220; custom_padding=&#8220;||0px|||&#8220; global_colors_info=&#8220;{}&#8220;][\/et_pb_fullwidth_menu][et_pb_fullwidth_menu menu_style=&#8220;centered&#8220; fullwidth_menu=&#8220;off&#8220; active_link_color=&#8220;#FFFFFF&#8220; logo_height=&#8220;104px&#8220; logo_max_height=&#8220;78px&#8220; _builder_version=&#8220;4.27.4&#8243; _module_preset=&#8220;default&#8220; menu_text_color=&#8220;#FFFFFF&#8220; menu_font_size=&#8220;20px&#8220; background_color=&#8220;#072130&#8243; custom_padding=&#8220;1px|||||&#8220; child_filter_hue_rotate=&#8220;359deg&#8220; child_filter_brightness=&#8220;200%&#8220; child_filter_contrast=&#8220;0%&#8220; border_color_all_image=&#8220;#FFFFFF&#8220; global_colors_info=&#8220;{}&#8220;][\/et_pb_fullwidth_menu][\/et_pb_section][et_pb_section fb_built=&#8220;1&#8243; custom_padding_last_edited=&#8220;on|phone&#8220; disabled_on=&#8220;on|off|off&#8220; admin_label=&#8220;Header&#8220; _builder_version=&#8220;4.27.4&#8243; _module_preset=&#8220;666a704e-953a-48ab-8452-47e064fb844b&#8220; background_enable_color=&#8220;off&#8220; background_color_gradient_stops=&#8220;#000000 0%|rgba(0,0,0,0.3) 0%&#8220; background_image=&#8220;https:\/\/glaciersalive.ch\/wp-content\/uploads\/2022\/10\/Morteratsch-low-res-scaled-1.jpg&#8220; custom_padding=&#8220;5vw||87px||false|false&#8220; custom_padding_tablet=&#8220;20vw||0px||false|false&#8220; custom_padding_phone=&#8220;20vw||0px||false|false&#8220; global_colors_info=&#8220;{}&#8220;][et_pb_row _builder_version=&#8220;4.25.2&#8243; _module_preset=&#8220;85717deb-27f5-495c-ba93-9af503a11886&#8243; global_colors_info=&#8220;{}&#8220;][et_pb_column type=&#8220;4_4&#8243; _builder_version=&#8220;4.25.2&#8243; _module_preset=&#8220;default&#8220; global_colors_info=&#8220;{}&#8220;][et_pb_text _builder_version=&#8220;4.27.4&#8243; _module_preset=&#8220;default&#8220; text_font=&#8220;Urbanist||||||||&#8220; text_text_color=&#8220;#FFFFFF&#8220; text_font_size=&#8220;80px&#8220; header_font=&#8220;Urbanist||||||||&#8220; header_text_align=&#8220;center&#8220; text_orientation=&#8220;center&#8220; text_font_size_tablet=&#8220;80px&#8220; text_font_size_phone=&#8220;80px&#8220; text_font_size_last_edited=&#8220;on|desktop&#8220; global_colors_info=&#8220;{}&#8220;]<\/p>\n<p>Weltweite Temperaturver\u00e4nderung<\/p>\n<p>[\/et_pb_text][\/et_pb_column][\/et_pb_row][\/et_pb_section][et_pb_section fb_built=&#8220;1&#8243; custom_padding_last_edited=&#8220;on|phone&#8220; disabled_on=&#8220;off|on|on&#8220; admin_label=&#8220;Header&#8220; _builder_version=&#8220;4.27.4&#8243; _module_preset=&#8220;666a704e-953a-48ab-8452-47e064fb844b&#8220; background_enable_color=&#8220;off&#8220; background_color_gradient_stops=&#8220;#000000 0%|rgba(0,0,0,0.3) 0%&#8220; background_image=&#8220;https:\/\/glaciersalive.ch\/wp-content\/uploads\/2022\/10\/Morteratsch-low-res-scaled-1.jpg&#8220; custom_padding=&#8220;5vw||87px||false|false&#8220; custom_padding_tablet=&#8220;20vw||0px||false|false&#8220; custom_padding_phone=&#8220;7vw||0px||false|false&#8220; global_colors_info=&#8220;{}&#8220;][et_pb_row _builder_version=&#8220;4.25.2&#8243; _module_preset=&#8220;85717deb-27f5-495c-ba93-9af503a11886&#8243; custom_padding=&#8220;||54px|||&#8220; global_colors_info=&#8220;{}&#8220;][et_pb_column type=&#8220;4_4&#8243; _builder_version=&#8220;4.25.2&#8243; _module_preset=&#8220;default&#8220; global_colors_info=&#8220;{}&#8220;][et_pb_text _builder_version=&#8220;4.27.4&#8243; _module_preset=&#8220;default&#8220; text_font=&#8220;Urbanist||||||||&#8220; text_text_color=&#8220;#FFFFFF&#8220; text_font_size=&#8220;80px&#8220; text_letter_spacing=&#8220;0.8px&#8220; header_font=&#8220;Urbanist||||||||&#8220; header_text_align=&#8220;center&#8220; header_font_size=&#8220;60px&#8220; text_orientation=&#8220;center&#8220; text_font_size_tablet=&#8220;80px&#8220; text_font_size_phone=&#8220;30px&#8220; text_font_size_last_edited=&#8220;on|desktop&#8220; global_colors_info=&#8220;{}&#8220;]<\/p>\n<p>Weltweite Temperaturver\u00e4nderung<\/p>\n<p>[\/et_pb_text][\/et_pb_column][\/et_pb_row][\/et_pb_section][et_pb_section fb_built=&#8220;1&#8243; _builder_version=&#8220;4.27.4&#8243; _module_preset=&#8220;default&#8220; global_colors_info=&#8220;{}&#8220;][et_pb_row _builder_version=&#8220;4.27.4&#8243; _module_preset=&#8220;default&#8220; global_colors_info=&#8220;{}&#8220;][et_pb_column type=&#8220;4_4&#8243; _builder_version=&#8220;4.27.4&#8243; _module_preset=&#8220;default&#8220; global_colors_info=&#8220;{}&#8220;][et_pb_image src=&#8220;https:\/\/glaciersalive.ch\/wp-content\/uploads\/2025\/08\/Back-Fig3.png&#8220; _builder_version=&#8220;4.27.5&#8243; _module_preset=&#8220;default&#8220; hover_enabled=&#8220;0&#8243; global_colors_info=&#8220;{}&#8220; sticky_enabled=&#8220;0&#8243;][\/et_pb_image][\/et_pb_column][\/et_pb_row][et_pb_row _builder_version=&#8220;4.27.4&#8243; _module_preset=&#8220;default&#8220; custom_padding=&#8220;5px|||||&#8220; global_colors_info=&#8220;{}&#8220;][et_pb_column type=&#8220;4_4&#8243; _builder_version=&#8220;4.27.4&#8243; _module_preset=&#8220;default&#8220; global_colors_info=&#8220;{}&#8220;][et_pb_text _builder_version=&#8220;4.27.4&#8243; _module_preset=&#8220;default&#8220; text_font=&#8220;Inter||||||||&#8220; global_colors_info=&#8220;{}&#8220;]<\/p>\n<div class=\"et_pb_module et_pb_text et_pb_text_9  et_pb_text_align_justified et_pb_bg_layout_light\">\n<div class=\"et_pb_text_inner\">\n<p>In den letzten 100 Jahren ist die globale mittlere Oberfl\u00e4chentemperatur um etwa 1 \u00b0C gestiegen. Dieser Erw\u00e4rmungstrend folgte auf die so genannte Kleine Eiszeit (~1600 bis ~1850), eine k\u00fchlere Periode, die sich \u00fcber einen gro\u00dfen Teil des Globus erstreckte und in den mittleren und hohen Breiten der n\u00f6rdlichen Hemisph\u00e4re am st\u00e4rksten war. W\u00e4hrend der Kleinen Eiszeit erreichten die Gletscher in vielen Teilen der Welt ihren H\u00f6chststand, und die Ausdehnung des Meereises in den arktischen Meeren war deutlich gr\u00f6\u00dfer als heute.<br \/>Die wichtigsten Faktoren, die Temperaturschwankungen auf einer Zeitskala von zehn bis hundert Jahren verursachen, sind: (i) Schwankungen der Sonnenaktivit\u00e4t, (ii) Aerosolbelastung der h\u00f6heren Atmosph\u00e4re durch explosive Vulkanausbr\u00fcche, (iii) langfristige Verschiebungen der Ozeanzirkulation und des damit verbundenen W\u00e4rmetransports und nicht zuletzt (iv) Ver\u00e4nderungen der Zusammensetzung der Atmosph\u00e4re (vor allem CO2) durch menschliche Aktivit\u00e4ten. Die Forscher haben Klimamodellsimulationen verwendet, um die verschiedenen Faktoren zu entflechten (z. B. Lehner et al., 2013).<\/p>\n<p>Es besteht kaum ein Zweifel daran, dass ein wesentlicher Teil der Erw\u00e4rmung in den letzten 50 Jahren eine direkte Folge der anthropogenen Treibhausgasemissionen ist (IPCC, 2013). Die deutliche Erw\u00e4rmung in der ersten H\u00e4lfte des 19. Jahrhunderts ist m\u00f6glicherweise teilweise auf eine geringere Anzahl von Vulkanausbr\u00fcchen in diesem Zeitraum zur\u00fcckzuf\u00fchren.<\/p>\n<p>Die Erw\u00e4rmung ist nicht gleichm\u00e4\u00dfig \u00fcber den gesamten Globus verteilt. Das st\u00e4rkste Signal wird in den hohen Breiten der n\u00f6rdlichen Hemisph\u00e4re beobachtet (die \u201epolare Verst\u00e4rkung\u201c), was wahrscheinlich mit kryosph\u00e4rischen R\u00fcckkopplungen (Meereis, Schneebedeckung) auf die Oberfl\u00e4chenenergiebilanz zusammenh\u00e4ngt. Auch die regionalen Unterschiede k\u00f6nnen gro\u00df sein. Der Temperaturanstieg in Mitteleuropa zum Beispiel ist mehr als doppelt so hoch wie der globale Mittelwert. Solche Unterschiede h\u00e4ngen oft mit Verschiebungen in den gro\u00dfen Wettersystemen wie den quasi permanenten subtropischen Hochdruckzellen (z. B. dem Azorenhoch) zusammen.<\/p>\n<p><em>Abbildung erstellt von NOAA (climate.gov)<\/em><\/p>\n<p><em>Quellenverzeichnis:<\/em><\/p>\n<p>IPCC (2013)\u00a0<em>Climate Change 2013: The Physical Science Basis. Contribution of Working Group I to the Fifth Assessment Report of the Intergovernmental Panel on Climate Change\u00a0<\/em>[Stocker TF, and 9 others (eds)]. Cambridge University Press, 1535 pp, (doi:10.1017\/ CBO9781107415324)<\/p>\n<p>Lehner F, Born A, Raible CC and Stocker TF (2013): Amplified inception of European Little Ice Age by sea ice-ocean-atmosphere feedbacks.\u00a0<em>J. Climate<\/em>,\u00a0<strong>26<\/strong>, 7568-7602<\/p>\n<p>&nbsp;<\/p>\n<\/div>\n<\/div>\n<p>[\/et_pb_text][\/et_pb_column][\/et_pb_row][\/et_pb_section]<\/p>\n","protected":false},"excerpt":{"rendered":"<p>Weltweite Temperaturver\u00e4nderungWeltweite Temperaturver\u00e4nderung In den letzten 100 Jahren ist die globale mittlere Oberfl\u00e4chentemperatur um etwa 1 \u00b0C gestiegen. Dieser Erw\u00e4rmungstrend folgte auf die so genannte Kleine Eiszeit (~1600 bis ~1850), eine k\u00fchlere Periode, die sich \u00fcber einen gro\u00dfen Teil des Globus erstreckte und in den mittleren und hohen Breiten der n\u00f6rdlichen Hemisph\u00e4re am st\u00e4rksten war. [&hellip;]<\/p>\n","protected":false},"author":1,"featured_media":0,"parent":0,"menu_order":0,"comment_status":"closed","ping_status":"closed","template":"","meta":{"give_campaign_id":0,"_et_pb_use_builder":"on","_et_pb_old_content":"","_et_gb_content_width":"","footnotes":""},"class_list":["post-30747","page","type-page","status-publish","hentry"],"yoast_head":"<!-- This site is optimized with the Yoast SEO plugin v27.1.1 - https:\/\/yoast.com\/product\/yoast-seo-wordpress\/ -->\n<title>Weltweite Temperaturver\u00e4nderung | GlaciersAlive<\/title>\n<meta name=\"robots\" content=\"index, follow, max-snippet:-1, max-image-preview:large, max-video-preview:-1\" \/>\n<link rel=\"canonical\" href=\"https:\/\/glaciersalive.ch\/en\/weltweite-temperaturveraenderung\/\" \/>\n<meta property=\"og:locale\" content=\"en_US\" \/>\n<meta property=\"og:type\" content=\"article\" \/>\n<meta property=\"og:title\" content=\"Weltweite Temperaturver\u00e4nderung | GlaciersAlive\" \/>\n<meta property=\"og:description\" content=\"Weltweite Temperaturver\u00e4nderungWeltweite Temperaturver\u00e4nderung In den letzten 100 Jahren ist die globale mittlere Oberfl\u00e4chentemperatur um etwa 1 \u00b0C gestiegen. Dieser Erw\u00e4rmungstrend folgte auf die so genannte Kleine Eiszeit (~1600 bis ~1850), eine k\u00fchlere Periode, die sich \u00fcber einen gro\u00dfen Teil des Globus erstreckte und in den mittleren und hohen Breiten der n\u00f6rdlichen Hemisph\u00e4re am st\u00e4rksten war. [&hellip;]\" \/>\n<meta property=\"og:url\" content=\"https:\/\/glaciersalive.ch\/en\/weltweite-temperaturveraenderung\/\" \/>\n<meta property=\"og:site_name\" content=\"GlaciersAlive\" \/>\n<meta property=\"article:publisher\" content=\"https:\/\/www.facebook.com\/GlaciersAlive\" \/>\n<meta property=\"article:modified_time\" content=\"2025-12-14T20:43:10+00:00\" \/>\n<meta name=\"twitter:card\" content=\"summary_large_image\" \/>\n<meta name=\"twitter:label1\" content=\"Est. reading time\" \/>\n\t<meta name=\"twitter:data1\" content=\"4 minutes\" \/>\n<script type=\"application\/ld+json\" class=\"yoast-schema-graph\">{\"@context\":\"https:\/\/schema.org\",\"@graph\":[{\"@type\":\"WebPage\",\"@id\":\"https:\/\/glaciersalive.ch\/weltweite-temperaturveraenderung\/\",\"url\":\"https:\/\/glaciersalive.ch\/weltweite-temperaturveraenderung\/\",\"name\":\"Weltweite Temperaturver\u00e4nderung | GlaciersAlive\",\"isPartOf\":{\"@id\":\"https:\/\/glaciersalive.ch\/#website\"},\"datePublished\":\"2025-08-14T14:57:21+00:00\",\"dateModified\":\"2025-12-14T20:43:10+00:00\",\"breadcrumb\":{\"@id\":\"https:\/\/glaciersalive.ch\/weltweite-temperaturveraenderung\/#breadcrumb\"},\"inLanguage\":\"en-US\",\"potentialAction\":[{\"@type\":\"ReadAction\",\"target\":[\"https:\/\/glaciersalive.ch\/weltweite-temperaturveraenderung\/\"]}]},{\"@type\":\"BreadcrumbList\",\"@id\":\"https:\/\/glaciersalive.ch\/weltweite-temperaturveraenderung\/#breadcrumb\",\"itemListElement\":[{\"@type\":\"ListItem\",\"position\":1,\"name\":\"Startseite\",\"item\":\"https:\/\/glaciersalive.ch\/\"},{\"@type\":\"ListItem\",\"position\":2,\"name\":\"Weltweite Temperaturver\u00e4nderung\"}]},{\"@type\":\"WebSite\",\"@id\":\"https:\/\/glaciersalive.ch\/#website\",\"url\":\"https:\/\/glaciersalive.ch\/\",\"name\":\"GlaciersAlive\",\"description\":\"Gletscherpflege f\u00fcr die nachhaltigen Sicherung der Wasserversorgung in Gebirgsregionen.\",\"publisher\":{\"@id\":\"https:\/\/glaciersalive.ch\/#organization\"},\"potentialAction\":[{\"@type\":\"SearchAction\",\"target\":{\"@type\":\"EntryPoint\",\"urlTemplate\":\"https:\/\/glaciersalive.ch\/?s={search_term_string}\"},\"query-input\":{\"@type\":\"PropertyValueSpecification\",\"valueRequired\":true,\"valueName\":\"search_term_string\"}}],\"inLanguage\":\"en-US\"},{\"@type\":\"Organization\",\"@id\":\"https:\/\/glaciersalive.ch\/#organization\",\"name\":\"GlaciersAlive\",\"url\":\"https:\/\/glaciersalive.ch\/\",\"logo\":{\"@type\":\"ImageObject\",\"inLanguage\":\"en-US\",\"@id\":\"https:\/\/glaciersalive.ch\/#\/schema\/logo\/image\/\",\"url\":\"https:\/\/glaciersalive.ch\/wp-content\/uploads\/2025\/12\/GlaciersAlivelogo.jpg\",\"contentUrl\":\"https:\/\/glaciersalive.ch\/wp-content\/uploads\/2025\/12\/GlaciersAlivelogo.jpg\",\"width\":1091,\"height\":1031,\"caption\":\"GlaciersAlive\"},\"image\":{\"@id\":\"https:\/\/glaciersalive.ch\/#\/schema\/logo\/image\/\"},\"sameAs\":[\"https:\/\/www.facebook.com\/GlaciersAlive\",\"https:\/\/www.instagram.com\/glaciers_alive\/\"]}]}<\/script>\n<!-- \/ Yoast SEO plugin. -->","yoast_head_json":{"title":"Weltweite Temperaturver\u00e4nderung | GlaciersAlive","robots":{"index":"index","follow":"follow","max-snippet":"max-snippet:-1","max-image-preview":"max-image-preview:large","max-video-preview":"max-video-preview:-1"},"canonical":"https:\/\/glaciersalive.ch\/en\/weltweite-temperaturveraenderung\/","og_locale":"en_US","og_type":"article","og_title":"Weltweite Temperaturver\u00e4nderung | GlaciersAlive","og_description":"Weltweite Temperaturver\u00e4nderungWeltweite Temperaturver\u00e4nderung In den letzten 100 Jahren ist die globale mittlere Oberfl\u00e4chentemperatur um etwa 1 \u00b0C gestiegen. Dieser Erw\u00e4rmungstrend folgte auf die so genannte Kleine Eiszeit (~1600 bis ~1850), eine k\u00fchlere Periode, die sich \u00fcber einen gro\u00dfen Teil des Globus erstreckte und in den mittleren und hohen Breiten der n\u00f6rdlichen Hemisph\u00e4re am st\u00e4rksten war. [&hellip;]","og_url":"https:\/\/glaciersalive.ch\/en\/weltweite-temperaturveraenderung\/","og_site_name":"GlaciersAlive","article_publisher":"https:\/\/www.facebook.com\/GlaciersAlive","article_modified_time":"2025-12-14T20:43:10+00:00","twitter_card":"summary_large_image","twitter_misc":{"Est. reading time":"4 minutes"},"schema":{"@context":"https:\/\/schema.org","@graph":[{"@type":"WebPage","@id":"https:\/\/glaciersalive.ch\/weltweite-temperaturveraenderung\/","url":"https:\/\/glaciersalive.ch\/weltweite-temperaturveraenderung\/","name":"Weltweite Temperaturver\u00e4nderung | GlaciersAlive","isPartOf":{"@id":"https:\/\/glaciersalive.ch\/#website"},"datePublished":"2025-08-14T14:57:21+00:00","dateModified":"2025-12-14T20:43:10+00:00","breadcrumb":{"@id":"https:\/\/glaciersalive.ch\/weltweite-temperaturveraenderung\/#breadcrumb"},"inLanguage":"en-US","potentialAction":[{"@type":"ReadAction","target":["https:\/\/glaciersalive.ch\/weltweite-temperaturveraenderung\/"]}]},{"@type":"BreadcrumbList","@id":"https:\/\/glaciersalive.ch\/weltweite-temperaturveraenderung\/#breadcrumb","itemListElement":[{"@type":"ListItem","position":1,"name":"Startseite","item":"https:\/\/glaciersalive.ch\/"},{"@type":"ListItem","position":2,"name":"Weltweite Temperaturver\u00e4nderung"}]},{"@type":"WebSite","@id":"https:\/\/glaciersalive.ch\/#website","url":"https:\/\/glaciersalive.ch\/","name":"GlaciersAlive","description":"Gletscherpflege f\u00fcr die nachhaltigen Sicherung der Wasserversorgung in Gebirgsregionen.","publisher":{"@id":"https:\/\/glaciersalive.ch\/#organization"},"potentialAction":[{"@type":"SearchAction","target":{"@type":"EntryPoint","urlTemplate":"https:\/\/glaciersalive.ch\/?s={search_term_string}"},"query-input":{"@type":"PropertyValueSpecification","valueRequired":true,"valueName":"search_term_string"}}],"inLanguage":"en-US"},{"@type":"Organization","@id":"https:\/\/glaciersalive.ch\/#organization","name":"GlaciersAlive","url":"https:\/\/glaciersalive.ch\/","logo":{"@type":"ImageObject","inLanguage":"en-US","@id":"https:\/\/glaciersalive.ch\/#\/schema\/logo\/image\/","url":"https:\/\/glaciersalive.ch\/wp-content\/uploads\/2025\/12\/GlaciersAlivelogo.jpg","contentUrl":"https:\/\/glaciersalive.ch\/wp-content\/uploads\/2025\/12\/GlaciersAlivelogo.jpg","width":1091,"height":1031,"caption":"GlaciersAlive"},"image":{"@id":"https:\/\/glaciersalive.ch\/#\/schema\/logo\/image\/"},"sameAs":["https:\/\/www.facebook.com\/GlaciersAlive","https:\/\/www.instagram.com\/glaciers_alive\/"]}]}},"campaignId":"","_links":{"self":[{"href":"https:\/\/glaciersalive.ch\/en\/wp-json\/wp\/v2\/pages\/30747","targetHints":{"allow":["GET"]}}],"collection":[{"href":"https:\/\/glaciersalive.ch\/en\/wp-json\/wp\/v2\/pages"}],"about":[{"href":"https:\/\/glaciersalive.ch\/en\/wp-json\/wp\/v2\/types\/page"}],"author":[{"embeddable":true,"href":"https:\/\/glaciersalive.ch\/en\/wp-json\/wp\/v2\/users\/1"}],"replies":[{"embeddable":true,"href":"https:\/\/glaciersalive.ch\/en\/wp-json\/wp\/v2\/comments?post=30747"}],"version-history":[{"count":10,"href":"https:\/\/glaciersalive.ch\/en\/wp-json\/wp\/v2\/pages\/30747\/revisions"}],"predecessor-version":[{"id":32716,"href":"https:\/\/glaciersalive.ch\/en\/wp-json\/wp\/v2\/pages\/30747\/revisions\/32716"}],"wp:attachment":[{"href":"https:\/\/glaciersalive.ch\/en\/wp-json\/wp\/v2\/media?parent=30747"}],"curies":[{"name":"wp","href":"https:\/\/api.w.org\/{rel}","templated":true}]}}