{"id":30757,"date":"2025-08-31T10:21:20","date_gmt":"2025-08-31T08:21:20","guid":{"rendered":"https:\/\/glaciersalive.ch\/?page_id=30757"},"modified":"2025-12-14T21:45:07","modified_gmt":"2025-12-14T20:45:07","slug":"rueckzug-der-gletscher-in-den-alpen","status":"publish","type":"page","link":"https:\/\/glaciersalive.ch\/en\/rueckzug-der-gletscher-in-den-alpen\/","title":{"rendered":"Retreat of glaciers in the Alps"},"content":{"rendered":"<p>[et_pb_section fb_built=&#8220;1&#8243; fullwidth=&#8220;on&#8220; disabled_on=&#8220;on|on|off&#8220; _builder_version=&#8220;4.27.4&#8243; _module_preset=&#8220;default&#8220; global_colors_info=&#8220;{}&#8220;][et_pb_fullwidth_menu menu_id=&#8220;14&#8243; fullwidth_menu=&#8220;off&#8220; logo=&#8220;https:\/\/glaciersalive.ch\/wp-content\/uploads\/2025\/12\/IMG_1429.jpg&#8220; logo_width=&#8220;32%&#8220; show_search_icon=&#8220;on&#8220; _builder_version=&#8220;4.27.4&#8243; _module_preset=&#8220;default&#8220; menu_font_size=&#8220;16px&#8220; text_orientation=&#8220;right&#8220; custom_padding=&#8220;||0px|||&#8220; global_colors_info=&#8220;{}&#8220;][\/et_pb_fullwidth_menu][et_pb_fullwidth_menu menu_style=&#8220;centered&#8220; fullwidth_menu=&#8220;off&#8220; active_link_color=&#8220;#FFFFFF&#8220; logo_height=&#8220;104px&#8220; logo_max_height=&#8220;78px&#8220; _builder_version=&#8220;4.27.4&#8243; _module_preset=&#8220;default&#8220; menu_text_color=&#8220;#FFFFFF&#8220; menu_font_size=&#8220;20px&#8220; background_color=&#8220;#072130&#8243; custom_padding=&#8220;1px|||||&#8220; child_filter_hue_rotate=&#8220;359deg&#8220; child_filter_brightness=&#8220;200%&#8220; child_filter_contrast=&#8220;0%&#8220; border_color_all_image=&#8220;#FFFFFF&#8220; global_colors_info=&#8220;{}&#8220;][\/et_pb_fullwidth_menu][\/et_pb_section][et_pb_section fb_built=&#8220;1&#8243; fullwidth=&#8220;on&#8220; disabled_on=&#8220;off|off|on&#8220; _builder_version=&#8220;4.27.4&#8243; _module_preset=&#8220;default&#8220; global_colors_info=&#8220;{}&#8220;][et_pb_fullwidth_menu menu_id=&#8220;14&#8243; fullwidth_menu=&#8220;off&#8220; logo=&#8220;https:\/\/glaciersalive.ch\/wp-content\/uploads\/2025\/12\/IMG_1429.jpg&#8220; logo_width=&#8220;76%&#8220; show_search_icon=&#8220;on&#8220; _builder_version=&#8220;4.27.4&#8243; _module_preset=&#8220;default&#8220; menu_font_size=&#8220;16px&#8220; text_orientation=&#8220;right&#8220; custom_padding=&#8220;||0px|||&#8220; global_colors_info=&#8220;{}&#8220;][\/et_pb_fullwidth_menu][et_pb_fullwidth_menu menu_style=&#8220;centered&#8220; fullwidth_menu=&#8220;off&#8220; active_link_color=&#8220;#FFFFFF&#8220; logo_height=&#8220;104px&#8220; logo_max_height=&#8220;78px&#8220; _builder_version=&#8220;4.27.4&#8243; _module_preset=&#8220;default&#8220; menu_text_color=&#8220;#FFFFFF&#8220; menu_font_size=&#8220;20px&#8220; background_color=&#8220;#072130&#8243; custom_padding=&#8220;1px|||||&#8220; child_filter_hue_rotate=&#8220;359deg&#8220; child_filter_brightness=&#8220;200%&#8220; child_filter_contrast=&#8220;0%&#8220; border_color_all_image=&#8220;#FFFFFF&#8220; global_colors_info=&#8220;{}&#8220;][\/et_pb_fullwidth_menu][\/et_pb_section][et_pb_section fb_built=&#8220;1&#8243; disabled_on=&#8220;on|off|off&#8220; admin_label=&#8220;Header&#8220; _builder_version=&#8220;4.27.4&#8243; _module_preset=&#8220;f08e7613-a180-4797-9c4f-8fef2b5afe95&#8243; background_color_gradient_stops=&#8220;gcid-d119accd-44d7-4f2f-b9d7-599c8463324b 0%|rgba(255,255,255,0) 25%|rgba(7,33,48,0.6) 76%|#072130 100%&#8220; background_image=&#8220;https:\/\/glaciersalive.ch\/wp-content\/uploads\/2025\/08\/Rueckzug-Gletscher.jpg&#8220; background_enable_image=&#8220;on&#8220; locked=&#8220;off&#8220; collapsed=&#8220;on&#8220; global_colors_info=&#8220;{%22gcid-1f1bf5fb-a99d-4acc-8d9e-ddac074c158c%22:%91%22background_color_gradient_stops%22,%22background_color_gradient_stops%22%93,%22gcid-4c79ba3d-a281-4fb6-9b14-02f9a4c793f2%22:%91%22background_color_gradient_stops%22,%22background_color_gradient_stops%22%93,%22gcid-688c464a-d6f2-4296-b592-395352c71c79%22:%91%22background_color_gradient_stops%22,%22background_color_gradient_stops%22%93,%22gcid-d119accd-44d7-4f2f-b9d7-599c8463324b%22:%91%22background_color_gradient_stops%22,%22background_color_gradient_stops%22%93}&#8220;][et_pb_row _builder_version=&#8220;4.25.1&#8243; _module_preset=&#8220;default&#8220; custom_padding=&#8220;||3px|||&#8220; global_colors_info=&#8220;{}&#8220;][et_pb_column type=&#8220;4_4&#8243; _builder_version=&#8220;4.25.1&#8243; _module_preset=&#8220;default&#8220; global_colors_info=&#8220;{}&#8220;][et_pb_heading title=&#8220;R\u00fcckzug der Gletscher in den Alpen&#8220; _builder_version=&#8220;4.27.4&#8243; _module_preset=&#8220;9bab56d2-91ba-4ba3-b0ff-49ada2eb4275&#8243; title_text_align=&#8220;center&#8220; title_text_color=&#8220;#FFFFFF&#8220; title_font_size=&#8220;68px&#8220; custom_margin=&#8220;||10px||false|false&#8220; global_colors_info=&#8220;{}&#8220;][\/et_pb_heading][\/et_pb_column][\/et_pb_row][\/et_pb_section][et_pb_section fb_built=&#8220;1&#8243; disabled_on=&#8220;off|on|on&#8220; admin_label=&#8220;Header&#8220; _builder_version=&#8220;4.27.4&#8243; _module_preset=&#8220;f08e7613-a180-4797-9c4f-8fef2b5afe95&#8243; background_color_gradient_stops=&#8220;gcid-d119accd-44d7-4f2f-b9d7-599c8463324b 0%|rgba(255,255,255,0) 25%|rgba(7,33,48,0.6) 76%|#072130 100%&#8220; background_image=&#8220;https:\/\/glaciersalive.ch\/wp-content\/uploads\/2025\/08\/Rueckzug-Gletscher.jpg&#8220; background_enable_image=&#8220;on&#8220; locked=&#8220;off&#8220; collapsed=&#8220;on&#8220; global_colors_info=&#8220;{%22gcid-1f1bf5fb-a99d-4acc-8d9e-ddac074c158c%22:%91%22background_color_gradient_stops%22,%22background_color_gradient_stops%22%93,%22gcid-4c79ba3d-a281-4fb6-9b14-02f9a4c793f2%22:%91%22background_color_gradient_stops%22,%22background_color_gradient_stops%22%93,%22gcid-688c464a-d6f2-4296-b592-395352c71c79%22:%91%22background_color_gradient_stops%22,%22background_color_gradient_stops%22%93,%22gcid-d119accd-44d7-4f2f-b9d7-599c8463324b%22:%91%22background_color_gradient_stops%22,%22background_color_gradient_stops%22%93}&#8220;][et_pb_row _builder_version=&#8220;4.25.1&#8243; _module_preset=&#8220;default&#8220; custom_padding=&#8220;||3px|||&#8220; global_colors_info=&#8220;{}&#8220;][et_pb_column type=&#8220;4_4&#8243; _builder_version=&#8220;4.25.1&#8243; _module_preset=&#8220;default&#8220; global_colors_info=&#8220;{}&#8220;][et_pb_heading title=&#8220;R\u00fcckzug der Gletscher in den Alpen&#8220; _builder_version=&#8220;4.27.4&#8243; _module_preset=&#8220;9bab56d2-91ba-4ba3-b0ff-49ada2eb4275&#8243; title_text_align=&#8220;center&#8220; title_text_color=&#8220;#FFFFFF&#8220; title_font_size=&#8220;68px&#8220; custom_margin=&#8220;||10px||false|false&#8220; title_font_size_phone=&#8220;28px&#8220; global_colors_info=&#8220;{}&#8220;][\/et_pb_heading][\/et_pb_column][\/et_pb_row][\/et_pb_section][et_pb_section fb_built=&#8220;1&#8243; _builder_version=&#8220;4.27.4&#8243; _module_preset=&#8220;default&#8220; global_colors_info=&#8220;{}&#8220;][et_pb_row _builder_version=&#8220;4.27.4&#8243; _module_preset=&#8220;default&#8220; custom_margin=&#8220;-18px|auto||auto||&#8220; global_colors_info=&#8220;{}&#8220;][et_pb_column type=&#8220;4_4&#8243; _builder_version=&#8220;4.27.4&#8243; _module_preset=&#8220;default&#8220; global_colors_info=&#8220;{}&#8220;][et_pb_image src=&#8220;https:\/\/glaciersalive.ch\/wp-content\/uploads\/2025\/08\/Back-Fig5.png&#8220; _builder_version=&#8220;4.27.5&#8243; _module_preset=&#8220;default&#8220; hover_enabled=&#8220;0&#8243; global_colors_info=&#8220;{}&#8220; sticky_enabled=&#8220;0&#8243;][\/et_pb_image][\/et_pb_column][\/et_pb_row][et_pb_row _builder_version=&#8220;4.27.4&#8243; _module_preset=&#8220;default&#8220; custom_padding=&#8220;5px|||||&#8220; global_colors_info=&#8220;{}&#8220;][et_pb_column type=&#8220;4_4&#8243; _builder_version=&#8220;4.27.4&#8243; _module_preset=&#8220;default&#8220; global_colors_info=&#8220;{}&#8220;][et_pb_text _builder_version=&#8220;4.27.4&#8243; _module_preset=&#8220;default&#8220; text_font=&#8220;Inter||||||||&#8220; global_colors_info=&#8220;{}&#8220;]<\/p>\n<div class=\"et_pb_module et_pb_text et_pb_text_9  et_pb_text_align_justified et_pb_bg_layout_light\">\n<div class=\"et_pb_text_inner\">\n<p>Es ist unwahrscheinlich, dass die Klimaerw\u00e4rmung in naher Zukunft zum Stillstand kommt, so dass sich der Gletscherr\u00fcckgang fortsetzen wird. Die gro\u00dfen Gletscher werden sich weiter aus den T\u00e4lern zur\u00fcckziehen, und die meisten kleineren Gletscher werden verschwinden (wenn sie es nicht schon getan haben). Bis zum Jahr 2100 werden Gletscher wahrscheinlich nur noch auf den h\u00f6chsten Gipfeln der Alpen (&gt; ~3500 m) existieren. F\u00fcr die kleineren Gletscher (Huss und Fischer, 2016) sowie f\u00fcr einige Talgletscher (z. B. Oerlemans und Keller, 2021) wurden Projektionen der k\u00fcnftigen Gletscherentwicklung auf der Grundlage von Computermodellen erstellt. Die Unsicherheiten in den Projektionen sind jedoch gro\u00df. Vieles h\u00e4ngt von der Zuverl\u00e4ssigkeit der klimatologischen Szenarien ab. Da komplexe Modelle verwendet werden, die \u201efast alle\u201c physikalischen Prozesse behandeln, neigen wir dazu, die Zuverl\u00e4ssigkeit der Modellergebnisse zu \u00fcbersch\u00e4tzen. Das Klimasystem weist eine interne Variabilit\u00e4t in der Gr\u00f6\u00dfenordnung von Jahrzehnten auf, die schwer zu erfassen ist. So ist zum Beispiel schwer zu beurteilen, ob die \u201emitteleurop\u00e4ische Verst\u00e4rkung\u201c, die zum Teil mit einer Verlagerung des Azorenhochs zusammenh\u00e4ngt, in Zukunft ein konstanter Faktor sein wird oder sich abschw\u00e4cht. Klimasimulationen mit verschiedenen Modellen (ab 1865) haben gezeigt, dass die meisten Modelle hinsichtlich des globalen Signals und der polaren Verst\u00e4rkung \u00fcbereinstimmen, nicht aber hinsichtlich der (sub)kontinentalen Schwankungen.<br \/>Trotz dieser Unsicherheiten besteht kein Zweifel daran, dass der Gletscherschwund in den Alpen und rund um den Globus anhalten und sich in den kommenden Jahrzehnten wahrscheinlich noch verst\u00e4rken wird.<br \/>Durch den R\u00fcckzug der Gletscher und den Abbau des Permafrosts entstehen neue Landschaften, vor allem Seen und instabile H\u00e4nge. Dies birgt Risiken und Herausforderungen, und tats\u00e4chlich entsteht hier ein neues Forschungsfeld (Haeberli et al., 2019).<\/p>\n<p>Abbildung: J. Oerlemans<\/p>\n<p>Quellenverzeichnis:<\/p>\n<p>Haeberli W, Oerlemans J and Zemp M (2019): The future of alpine glaciers and beyond.\u00a0<em>Oxford Research Encyclopedia of Climate Science<\/em>, 36 pp, DOI: 10.1093\/acrefore\/ 9780190228620.013.769.<\/p>\n<p>Huss M and Fischer M (2016): Sensitivity of very small glaciers in the Swiss Alps to future climate change.\u00a0<em>Front. Earth Sci<\/em>.,\u00a0<strong>49\u00a0<\/strong>(34). doi: 10.3389\/feart.2016.00034<\/p>\n<p>Oerlemans J and Keller F (2021): Modelling the Vadret da Tschierva, Switzerland: calibration with the historical length record and future response to climate change.\u00a0<em>J. Glaciology<\/em>,\u00a0<strong>67<\/strong>\u00a0(261), 1-10, https:\/\/ doi.org\/10.1017\/jog.2021.82.<\/p>\n<\/div>\n<\/div>\n<p>[\/et_pb_text][\/et_pb_column][\/et_pb_row][\/et_pb_section]<\/p>\n","protected":false},"excerpt":{"rendered":"<p>Es ist unwahrscheinlich, dass die Klimaerw\u00e4rmung in naher Zukunft zum Stillstand kommt, so dass sich der Gletscherr\u00fcckgang fortsetzen wird. Die gro\u00dfen Gletscher werden sich weiter aus den T\u00e4lern zur\u00fcckziehen, und die meisten kleineren Gletscher werden verschwinden (wenn sie es nicht schon getan haben). Bis zum Jahr 2100 werden Gletscher wahrscheinlich nur noch auf den h\u00f6chsten [&hellip;]<\/p>\n","protected":false},"author":1,"featured_media":0,"parent":0,"menu_order":0,"comment_status":"closed","ping_status":"closed","template":"","meta":{"give_campaign_id":0,"_et_pb_use_builder":"on","_et_pb_old_content":"","_et_gb_content_width":"","footnotes":""},"class_list":["post-30757","page","type-page","status-publish","hentry"],"yoast_head":"<!-- This site is optimized with the Yoast SEO plugin v27.1.1 - https:\/\/yoast.com\/product\/yoast-seo-wordpress\/ -->\n<title>R\u00fcckzug der Gletscher in den Alpen | GlaciersAlive<\/title>\n<meta name=\"robots\" content=\"index, follow, max-snippet:-1, max-image-preview:large, max-video-preview:-1\" \/>\n<link rel=\"canonical\" href=\"https:\/\/glaciersalive.ch\/en\/rueckzug-der-gletscher-in-den-alpen\/\" \/>\n<meta property=\"og:locale\" content=\"en_US\" \/>\n<meta property=\"og:type\" content=\"article\" \/>\n<meta property=\"og:title\" content=\"R\u00fcckzug der Gletscher in den Alpen | GlaciersAlive\" \/>\n<meta property=\"og:description\" content=\"Es ist unwahrscheinlich, dass die Klimaerw\u00e4rmung in naher Zukunft zum Stillstand kommt, so dass sich der Gletscherr\u00fcckgang fortsetzen wird. Die gro\u00dfen Gletscher werden sich weiter aus den T\u00e4lern zur\u00fcckziehen, und die meisten kleineren Gletscher werden verschwinden (wenn sie es nicht schon getan haben). Bis zum Jahr 2100 werden Gletscher wahrscheinlich nur noch auf den h\u00f6chsten [&hellip;]\" \/>\n<meta property=\"og:url\" content=\"https:\/\/glaciersalive.ch\/en\/rueckzug-der-gletscher-in-den-alpen\/\" \/>\n<meta property=\"og:site_name\" content=\"GlaciersAlive\" \/>\n<meta property=\"article:publisher\" content=\"https:\/\/www.facebook.com\/GlaciersAlive\" \/>\n<meta property=\"article:modified_time\" content=\"2025-12-14T20:45:07+00:00\" \/>\n<meta name=\"twitter:card\" content=\"summary_large_image\" \/>\n<meta name=\"twitter:label1\" content=\"Est. reading time\" \/>\n\t<meta name=\"twitter:data1\" content=\"4 minutes\" \/>\n<script type=\"application\/ld+json\" class=\"yoast-schema-graph\">{\"@context\":\"https:\/\/schema.org\",\"@graph\":[{\"@type\":\"WebPage\",\"@id\":\"https:\/\/glaciersalive.ch\/rueckzug-der-gletscher-in-den-alpen\/\",\"url\":\"https:\/\/glaciersalive.ch\/rueckzug-der-gletscher-in-den-alpen\/\",\"name\":\"R\u00fcckzug der Gletscher in den Alpen | GlaciersAlive\",\"isPartOf\":{\"@id\":\"https:\/\/glaciersalive.ch\/#website\"},\"datePublished\":\"2025-08-31T08:21:20+00:00\",\"dateModified\":\"2025-12-14T20:45:07+00:00\",\"breadcrumb\":{\"@id\":\"https:\/\/glaciersalive.ch\/rueckzug-der-gletscher-in-den-alpen\/#breadcrumb\"},\"inLanguage\":\"en-US\",\"potentialAction\":[{\"@type\":\"ReadAction\",\"target\":[\"https:\/\/glaciersalive.ch\/rueckzug-der-gletscher-in-den-alpen\/\"]}]},{\"@type\":\"BreadcrumbList\",\"@id\":\"https:\/\/glaciersalive.ch\/rueckzug-der-gletscher-in-den-alpen\/#breadcrumb\",\"itemListElement\":[{\"@type\":\"ListItem\",\"position\":1,\"name\":\"Startseite\",\"item\":\"https:\/\/glaciersalive.ch\/\"},{\"@type\":\"ListItem\",\"position\":2,\"name\":\"R\u00fcckzug der Gletscher in den Alpen\"}]},{\"@type\":\"WebSite\",\"@id\":\"https:\/\/glaciersalive.ch\/#website\",\"url\":\"https:\/\/glaciersalive.ch\/\",\"name\":\"GlaciersAlive\",\"description\":\"Gletscherpflege f\u00fcr die nachhaltigen Sicherung der Wasserversorgung in Gebirgsregionen.\",\"publisher\":{\"@id\":\"https:\/\/glaciersalive.ch\/#organization\"},\"potentialAction\":[{\"@type\":\"SearchAction\",\"target\":{\"@type\":\"EntryPoint\",\"urlTemplate\":\"https:\/\/glaciersalive.ch\/?s={search_term_string}\"},\"query-input\":{\"@type\":\"PropertyValueSpecification\",\"valueRequired\":true,\"valueName\":\"search_term_string\"}}],\"inLanguage\":\"en-US\"},{\"@type\":\"Organization\",\"@id\":\"https:\/\/glaciersalive.ch\/#organization\",\"name\":\"GlaciersAlive\",\"url\":\"https:\/\/glaciersalive.ch\/\",\"logo\":{\"@type\":\"ImageObject\",\"inLanguage\":\"en-US\",\"@id\":\"https:\/\/glaciersalive.ch\/#\/schema\/logo\/image\/\",\"url\":\"https:\/\/glaciersalive.ch\/wp-content\/uploads\/2025\/12\/GlaciersAlivelogo.jpg\",\"contentUrl\":\"https:\/\/glaciersalive.ch\/wp-content\/uploads\/2025\/12\/GlaciersAlivelogo.jpg\",\"width\":1091,\"height\":1031,\"caption\":\"GlaciersAlive\"},\"image\":{\"@id\":\"https:\/\/glaciersalive.ch\/#\/schema\/logo\/image\/\"},\"sameAs\":[\"https:\/\/www.facebook.com\/GlaciersAlive\",\"https:\/\/www.instagram.com\/glaciers_alive\/\"]}]}<\/script>\n<!-- \/ Yoast SEO plugin. -->","yoast_head_json":{"title":"R\u00fcckzug der Gletscher in den Alpen | GlaciersAlive","robots":{"index":"index","follow":"follow","max-snippet":"max-snippet:-1","max-image-preview":"max-image-preview:large","max-video-preview":"max-video-preview:-1"},"canonical":"https:\/\/glaciersalive.ch\/en\/rueckzug-der-gletscher-in-den-alpen\/","og_locale":"en_US","og_type":"article","og_title":"R\u00fcckzug der Gletscher in den Alpen | GlaciersAlive","og_description":"Es ist unwahrscheinlich, dass die Klimaerw\u00e4rmung in naher Zukunft zum Stillstand kommt, so dass sich der Gletscherr\u00fcckgang fortsetzen wird. Die gro\u00dfen Gletscher werden sich weiter aus den T\u00e4lern zur\u00fcckziehen, und die meisten kleineren Gletscher werden verschwinden (wenn sie es nicht schon getan haben). Bis zum Jahr 2100 werden Gletscher wahrscheinlich nur noch auf den h\u00f6chsten [&hellip;]","og_url":"https:\/\/glaciersalive.ch\/en\/rueckzug-der-gletscher-in-den-alpen\/","og_site_name":"GlaciersAlive","article_publisher":"https:\/\/www.facebook.com\/GlaciersAlive","article_modified_time":"2025-12-14T20:45:07+00:00","twitter_card":"summary_large_image","twitter_misc":{"Est. reading time":"4 minutes"},"schema":{"@context":"https:\/\/schema.org","@graph":[{"@type":"WebPage","@id":"https:\/\/glaciersalive.ch\/rueckzug-der-gletscher-in-den-alpen\/","url":"https:\/\/glaciersalive.ch\/rueckzug-der-gletscher-in-den-alpen\/","name":"R\u00fcckzug der Gletscher in den Alpen | GlaciersAlive","isPartOf":{"@id":"https:\/\/glaciersalive.ch\/#website"},"datePublished":"2025-08-31T08:21:20+00:00","dateModified":"2025-12-14T20:45:07+00:00","breadcrumb":{"@id":"https:\/\/glaciersalive.ch\/rueckzug-der-gletscher-in-den-alpen\/#breadcrumb"},"inLanguage":"en-US","potentialAction":[{"@type":"ReadAction","target":["https:\/\/glaciersalive.ch\/rueckzug-der-gletscher-in-den-alpen\/"]}]},{"@type":"BreadcrumbList","@id":"https:\/\/glaciersalive.ch\/rueckzug-der-gletscher-in-den-alpen\/#breadcrumb","itemListElement":[{"@type":"ListItem","position":1,"name":"Startseite","item":"https:\/\/glaciersalive.ch\/"},{"@type":"ListItem","position":2,"name":"R\u00fcckzug der Gletscher in den Alpen"}]},{"@type":"WebSite","@id":"https:\/\/glaciersalive.ch\/#website","url":"https:\/\/glaciersalive.ch\/","name":"GlaciersAlive","description":"Gletscherpflege f\u00fcr die nachhaltigen Sicherung der Wasserversorgung in Gebirgsregionen.","publisher":{"@id":"https:\/\/glaciersalive.ch\/#organization"},"potentialAction":[{"@type":"SearchAction","target":{"@type":"EntryPoint","urlTemplate":"https:\/\/glaciersalive.ch\/?s={search_term_string}"},"query-input":{"@type":"PropertyValueSpecification","valueRequired":true,"valueName":"search_term_string"}}],"inLanguage":"en-US"},{"@type":"Organization","@id":"https:\/\/glaciersalive.ch\/#organization","name":"GlaciersAlive","url":"https:\/\/glaciersalive.ch\/","logo":{"@type":"ImageObject","inLanguage":"en-US","@id":"https:\/\/glaciersalive.ch\/#\/schema\/logo\/image\/","url":"https:\/\/glaciersalive.ch\/wp-content\/uploads\/2025\/12\/GlaciersAlivelogo.jpg","contentUrl":"https:\/\/glaciersalive.ch\/wp-content\/uploads\/2025\/12\/GlaciersAlivelogo.jpg","width":1091,"height":1031,"caption":"GlaciersAlive"},"image":{"@id":"https:\/\/glaciersalive.ch\/#\/schema\/logo\/image\/"},"sameAs":["https:\/\/www.facebook.com\/GlaciersAlive","https:\/\/www.instagram.com\/glaciers_alive\/"]}]}},"campaignId":"","_links":{"self":[{"href":"https:\/\/glaciersalive.ch\/en\/wp-json\/wp\/v2\/pages\/30757","targetHints":{"allow":["GET"]}}],"collection":[{"href":"https:\/\/glaciersalive.ch\/en\/wp-json\/wp\/v2\/pages"}],"about":[{"href":"https:\/\/glaciersalive.ch\/en\/wp-json\/wp\/v2\/types\/page"}],"author":[{"embeddable":true,"href":"https:\/\/glaciersalive.ch\/en\/wp-json\/wp\/v2\/users\/1"}],"replies":[{"embeddable":true,"href":"https:\/\/glaciersalive.ch\/en\/wp-json\/wp\/v2\/comments?post=30757"}],"version-history":[{"count":12,"href":"https:\/\/glaciersalive.ch\/en\/wp-json\/wp\/v2\/pages\/30757\/revisions"}],"predecessor-version":[{"id":32718,"href":"https:\/\/glaciersalive.ch\/en\/wp-json\/wp\/v2\/pages\/30757\/revisions\/32718"}],"wp:attachment":[{"href":"https:\/\/glaciersalive.ch\/en\/wp-json\/wp\/v2\/media?parent=30757"}],"curies":[{"name":"wp","href":"https:\/\/api.w.org\/{rel}","templated":true}]}}