{"id":30818,"date":"2025-08-31T10:22:54","date_gmt":"2025-08-31T08:22:54","guid":{"rendered":"https:\/\/glaciersalive.ch\/?page_id=30818"},"modified":"2025-12-14T21:45:53","modified_gmt":"2025-12-14T20:45:53","slug":"gletscherschutz-weltweit","status":"publish","type":"page","link":"https:\/\/glaciersalive.ch\/en\/gletscherschutz-weltweit\/","title":{"rendered":"Glacier protection worldwide"},"content":{"rendered":"<p>[et_pb_section fb_built=&#8220;1&#8243; fullwidth=&#8220;on&#8220; disabled_on=&#8220;on|on|off&#8220; _builder_version=&#8220;4.27.4&#8243; _module_preset=&#8220;default&#8220; global_colors_info=&#8220;{}&#8220;][et_pb_fullwidth_menu menu_id=&#8220;14&#8243; fullwidth_menu=&#8220;off&#8220; logo=&#8220;https:\/\/glaciersalive.ch\/wp-content\/uploads\/2025\/12\/IMG_1429.jpg&#8220; logo_width=&#8220;32%&#8220; show_search_icon=&#8220;on&#8220; _builder_version=&#8220;4.27.4&#8243; _module_preset=&#8220;default&#8220; menu_font_size=&#8220;16px&#8220; text_orientation=&#8220;right&#8220; custom_padding=&#8220;||0px|||&#8220; global_colors_info=&#8220;{}&#8220;][\/et_pb_fullwidth_menu][et_pb_fullwidth_menu menu_style=&#8220;centered&#8220; fullwidth_menu=&#8220;off&#8220; active_link_color=&#8220;#FFFFFF&#8220; logo_height=&#8220;104px&#8220; logo_max_height=&#8220;78px&#8220; _builder_version=&#8220;4.27.4&#8243; _module_preset=&#8220;default&#8220; menu_text_color=&#8220;#FFFFFF&#8220; menu_font_size=&#8220;20px&#8220; background_color=&#8220;#072130&#8243; custom_padding=&#8220;1px|||||&#8220; child_filter_hue_rotate=&#8220;359deg&#8220; child_filter_brightness=&#8220;200%&#8220; child_filter_contrast=&#8220;0%&#8220; border_color_all_image=&#8220;#FFFFFF&#8220; global_colors_info=&#8220;{}&#8220;][\/et_pb_fullwidth_menu][\/et_pb_section][et_pb_section fb_built=&#8220;1&#8243; fullwidth=&#8220;on&#8220; disabled_on=&#8220;off|off|on&#8220; _builder_version=&#8220;4.27.4&#8243; _module_preset=&#8220;default&#8220; global_colors_info=&#8220;{}&#8220;][et_pb_fullwidth_menu menu_id=&#8220;14&#8243; fullwidth_menu=&#8220;off&#8220; logo=&#8220;https:\/\/glaciersalive.ch\/wp-content\/uploads\/2025\/12\/IMG_1429.jpg&#8220; logo_width=&#8220;76%&#8220; show_search_icon=&#8220;on&#8220; _builder_version=&#8220;4.27.4&#8243; _module_preset=&#8220;default&#8220; menu_font_size=&#8220;16px&#8220; text_orientation=&#8220;right&#8220; custom_padding=&#8220;||0px|||&#8220; global_colors_info=&#8220;{}&#8220;][\/et_pb_fullwidth_menu][et_pb_fullwidth_menu menu_style=&#8220;centered&#8220; fullwidth_menu=&#8220;off&#8220; active_link_color=&#8220;#FFFFFF&#8220; logo_height=&#8220;104px&#8220; logo_max_height=&#8220;78px&#8220; _builder_version=&#8220;4.27.4&#8243; _module_preset=&#8220;default&#8220; menu_text_color=&#8220;#FFFFFF&#8220; menu_font_size=&#8220;20px&#8220; background_color=&#8220;#072130&#8243; custom_padding=&#8220;1px|||||&#8220; child_filter_hue_rotate=&#8220;359deg&#8220; child_filter_brightness=&#8220;200%&#8220; child_filter_contrast=&#8220;0%&#8220; border_color_all_image=&#8220;#FFFFFF&#8220; global_colors_info=&#8220;{}&#8220;][\/et_pb_fullwidth_menu][\/et_pb_section][et_pb_section fb_built=&#8220;1&#8243; admin_label=&#8220;Header&#8220; _builder_version=&#8220;4.27.4&#8243; _module_preset=&#8220;f08e7613-a180-4797-9c4f-8fef2b5afe95&#8243; background_color_gradient_stops=&#8220;gcid-d119accd-44d7-4f2f-b9d7-599c8463324b 0%|rgba(255,255,255,0) 100%|#072130 100%|rgba(7,33,48,0.6) 100%&#8220; background_image=&#8220;https:\/\/glaciersalive.ch\/wp-content\/uploads\/2025\/08\/0014-NGS-61181S-19_200820_12285_ret.jpg&#8220; background_enable_image=&#8220;on&#8220; locked=&#8220;off&#8220; collapsed=&#8220;on&#8220; global_colors_info=&#8220;{%22gcid-1f1bf5fb-a99d-4acc-8d9e-ddac074c158c%22:%91%22background_color_gradient_stops%22,%22background_color_gradient_stops%22%93,%22gcid-4c79ba3d-a281-4fb6-9b14-02f9a4c793f2%22:%91%22background_color_gradient_stops%22,%22background_color_gradient_stops%22%93,%22gcid-688c464a-d6f2-4296-b592-395352c71c79%22:%91%22background_color_gradient_stops%22,%22background_color_gradient_stops%22%93,%22gcid-d119accd-44d7-4f2f-b9d7-599c8463324b%22:%91%22background_color_gradient_stops%22,%22background_color_gradient_stops%22%93}&#8220;][et_pb_row _builder_version=&#8220;4.25.1&#8243; _module_preset=&#8220;default&#8220; custom_padding=&#8220;||3px|||&#8220; global_colors_info=&#8220;{}&#8220;][et_pb_column type=&#8220;4_4&#8243; _builder_version=&#8220;4.25.1&#8243; _module_preset=&#8220;default&#8220; global_colors_info=&#8220;{}&#8220;][et_pb_heading title=&#8220;Gletscherschutz weltweit&#8220; _builder_version=&#8220;4.27.4&#8243; _module_preset=&#8220;9bab56d2-91ba-4ba3-b0ff-49ada2eb4275&#8243; title_text_align=&#8220;center&#8220; title_text_color=&#8220;#FFFFFF&#8220; title_font_size=&#8220;90px&#8220; custom_margin=&#8220;||10px||false|false&#8220; global_colors_info=&#8220;{}&#8220;][\/et_pb_heading][\/et_pb_column][\/et_pb_row][\/et_pb_section][et_pb_section fb_built=&#8220;1&#8243; admin_label=&#8220;Video&#8220; _builder_version=&#8220;4.25.1&#8243; _module_preset=&#8220;ebd57eff-f9d4-426f-9813-6efc706727b4&#8243; custom_padding=&#8220;7px||1px|||&#8220; locked=&#8220;off&#8220; collapsed=&#8220;on&#8220; global_colors_info=&#8220;{}&#8220;][et_pb_row _builder_version=&#8220;4.25.1&#8243; _module_preset=&#8220;default&#8220; custom_padding=&#8220;47px|||||&#8220; locked=&#8220;off&#8220; global_colors_info=&#8220;{}&#8220;][et_pb_column type=&#8220;4_4&#8243; _builder_version=&#8220;4.25.1&#8243; _module_preset=&#8220;default&#8220; global_colors_info=&#8220;{}&#8220;][et_pb_image src=&#8220;https:\/\/glaciersalive.ch\/wp-content\/uploads\/2025\/08\/Schnee.png&#8220; title_text=&#8220;$&#8220; _builder_version=&#8220;4.27.5&#8243; _module_preset=&#8220;default&#8220; hover_enabled=&#8220;0&#8243; global_colors_info=&#8220;{}&#8220; sticky_enabled=&#8220;0&#8243;][\/et_pb_image][\/et_pb_column][\/et_pb_row][et_pb_row _builder_version=&#8220;4.25.1&#8243; _module_preset=&#8220;default&#8220; custom_padding=&#8220;5px||0px|||&#8220; locked=&#8220;off&#8220; global_colors_info=&#8220;{}&#8220;][et_pb_column type=&#8220;4_4&#8243; _builder_version=&#8220;4.25.1&#8243; _module_preset=&#8220;default&#8220; global_colors_info=&#8220;{}&#8220;][et_pb_text _builder_version=&#8220;4.27.4&#8243; _module_preset=&#8220;8f302659-ff75-4ed0-9f7b-3d265b7a27e2&#8243; text_orientation=&#8220;justified&#8220; custom_margin=&#8220;||10px||false|false&#8220; global_colors_info=&#8220;{}&#8220;]<\/p>\n<h2>\u00a0<\/h2>\n<p>Die Beschneiungsanlage des <a href=\"https:\/\/mortalive.ch\/\">MortAlive<\/a><a href=\"https:\/\/mortalive.ch\/\">\u00a0Projektes<\/a>\u00a0soll dazu beitragen, dem Problem der schmelzenden Gletscher entgegenzuwirken. Schnee sch\u00fctzt das darunter liegende Eis vor dem Abschmelzen, weil er isolierend wirkt und einen gro\u00dfen Teil der Sonneneinstrahlung reflektiert. Solange der Gletscher mit Schnee bedeckt ist, wird das Eis nicht schmelzen.<\/p>\n<p>Dadurch werden die Gletscher auch f\u00fcr k\u00fcnftige Generationen als zuverl\u00e4ssiger Wasserspeicher erhalten und ihre Wasserversorgung und damit die Lebensgrundlage der Menschen gesichert. Um solche Gletscherschutzprojekte zu erm\u00f6glichen, braucht es eine bodenunabh\u00e4ngige Beschneiungsanlage.<\/p>\n<p>Man fragt sich nun vielleicht, warum man nicht eine Vlies Abedeckung verwendet. Vlies ist nur f\u00fcr kleine Gletscher geeignet. Gro\u00dfe Gletscher sind zu gro\u00df und haben zu viel Eisbewegung. Das innovative Beschneiungssystem unterscheidet sich von herk\u00f6mmlichen Beschneiungsanlagen, es ist speziell f\u00fcr Gletscher ausgelegt. <span style=\"font-size: 16px; font-family: Inter, Helvetica, Arial, Lucida, sans-serif; color: #666666;\">Das Projekt w\u00fcrde einen Durchbruch f\u00fcr die weltweite Speicherung von S\u00fcsswasser bedeuten.<\/span><\/p>\n<p>[\/et_pb_text][et_pb_text _builder_version=&#8220;4.27.4&#8243; _module_preset=&#8220;8f302659-ff75-4ed0-9f7b-3d265b7a27e2&#8243; text_orientation=&#8220;justified&#8220; custom_margin=&#8220;||10px||false|false&#8220; custom_padding=&#8220;||0px|||&#8220; global_colors_info=&#8220;{}&#8220;]<\/p>\n<p>Die Wasserversorgung in Leh (Ladakh, Nordindien) h\u00e4ngt zum Beispiel von einem Gletscher ab, der in den n\u00e4chsten Jahren verschwinden wird. Mit der Installation der bodenunabh\u00e4ngigen Beschneiungsanlage k\u00f6nnte der Gletscher und damit auch die Trinkwasserversorgung der Hauptstadt dieser Region gesch\u00fctzt werden.<\/p>\n<p>Die untenstehende Abbildung zeigt in weiss alle Orte, an denen eine solche Beschneiungsanlage die Trinkwasserversorgung der Bev\u00f6lkerung sichern k\u00f6nnte.<\/p>\n<p>[\/et_pb_text][\/et_pb_column][\/et_pb_row][et_pb_row column_structure=&#8220;1_2,1_2&#8243; _builder_version=&#8220;4.27.4&#8243; _module_preset=&#8220;default&#8220; global_colors_info=&#8220;{}&#8220;][et_pb_column type=&#8220;1_2&#8243; _builder_version=&#8220;4.27.4&#8243; _module_preset=&#8220;default&#8220; global_colors_info=&#8220;{}&#8220;][et_pb_image src=&#8220;https:\/\/glaciersalive.ch\/wp-content\/uploads\/2025\/08\/Weltkarte.jpg&#8220; title_text=&#8220;Weltkarte&#8220; _builder_version=&#8220;4.27.4&#8243; _module_preset=&#8220;default&#8220; global_colors_info=&#8220;{}&#8220;][\/et_pb_image][\/et_pb_column][et_pb_column type=&#8220;1_2&#8243; _builder_version=&#8220;4.27.4&#8243; _module_preset=&#8220;default&#8220; global_colors_info=&#8220;{}&#8220;][et_pb_video src=&#8220;https:\/\/glaciersalive.ch\/wp-content\/uploads\/2025\/08\/WhatsApp-Video-2022-11-16-at-18.08.41-1.mp4&#8243; _builder_version=&#8220;4.27.4&#8243; _module_preset=&#8220;default&#8220; width=&#8220;100%&#8220; module_alignment=&#8220;center&#8220; global_colors_info=&#8220;{}&#8220;][\/et_pb_video][\/et_pb_column][\/et_pb_row][\/et_pb_section]<\/p>\n","protected":false},"excerpt":{"rendered":"<p>\u00a0 Die Beschneiungsanlage des MortAlive\u00a0Projektes\u00a0soll dazu beitragen, dem Problem der schmelzenden Gletscher entgegenzuwirken. Schnee sch\u00fctzt das darunter liegende Eis vor dem Abschmelzen, weil er isolierend wirkt und einen gro\u00dfen Teil der Sonneneinstrahlung reflektiert. Solange der Gletscher mit Schnee bedeckt ist, wird das Eis nicht schmelzen. Dadurch werden die Gletscher auch f\u00fcr k\u00fcnftige Generationen als zuverl\u00e4ssiger [&hellip;]<\/p>\n","protected":false},"author":1,"featured_media":0,"parent":0,"menu_order":0,"comment_status":"closed","ping_status":"closed","template":"","meta":{"give_campaign_id":0,"_et_pb_use_builder":"on","_et_pb_old_content":"","_et_gb_content_width":"","footnotes":""},"class_list":["post-30818","page","type-page","status-publish","hentry"],"yoast_head":"<!-- This site is optimized with the Yoast SEO plugin v27.1.1 - https:\/\/yoast.com\/product\/yoast-seo-wordpress\/ -->\n<title>Gletscherschutz weltweit | GlaciersAlive<\/title>\n<meta name=\"robots\" content=\"index, follow, max-snippet:-1, max-image-preview:large, max-video-preview:-1\" \/>\n<link rel=\"canonical\" href=\"https:\/\/glaciersalive.ch\/en\/gletscherschutz-weltweit\/\" \/>\n<meta property=\"og:locale\" content=\"en_US\" \/>\n<meta property=\"og:type\" content=\"article\" \/>\n<meta property=\"og:title\" content=\"Gletscherschutz weltweit | GlaciersAlive\" \/>\n<meta property=\"og:description\" content=\"\u00a0 Die Beschneiungsanlage des MortAlive\u00a0Projektes\u00a0soll dazu beitragen, dem Problem der schmelzenden Gletscher entgegenzuwirken. Schnee sch\u00fctzt das darunter liegende Eis vor dem Abschmelzen, weil er isolierend wirkt und einen gro\u00dfen Teil der Sonneneinstrahlung reflektiert. Solange der Gletscher mit Schnee bedeckt ist, wird das Eis nicht schmelzen. Dadurch werden die Gletscher auch f\u00fcr k\u00fcnftige Generationen als zuverl\u00e4ssiger [&hellip;]\" \/>\n<meta property=\"og:url\" content=\"https:\/\/glaciersalive.ch\/en\/gletscherschutz-weltweit\/\" \/>\n<meta property=\"og:site_name\" content=\"GlaciersAlive\" \/>\n<meta property=\"article:publisher\" content=\"https:\/\/www.facebook.com\/GlaciersAlive\" \/>\n<meta property=\"article:modified_time\" content=\"2025-12-14T20:45:53+00:00\" \/>\n<meta name=\"twitter:card\" content=\"summary_large_image\" \/>\n<meta name=\"twitter:label1\" content=\"Est. reading time\" \/>\n\t<meta name=\"twitter:data1\" content=\"3 minutes\" \/>\n<script type=\"application\/ld+json\" class=\"yoast-schema-graph\">{\"@context\":\"https:\/\/schema.org\",\"@graph\":[{\"@type\":\"WebPage\",\"@id\":\"https:\/\/glaciersalive.ch\/gletscherschutz-weltweit\/\",\"url\":\"https:\/\/glaciersalive.ch\/gletscherschutz-weltweit\/\",\"name\":\"Gletscherschutz weltweit | GlaciersAlive\",\"isPartOf\":{\"@id\":\"https:\/\/glaciersalive.ch\/#website\"},\"datePublished\":\"2025-08-31T08:22:54+00:00\",\"dateModified\":\"2025-12-14T20:45:53+00:00\",\"breadcrumb\":{\"@id\":\"https:\/\/glaciersalive.ch\/gletscherschutz-weltweit\/#breadcrumb\"},\"inLanguage\":\"en-US\",\"potentialAction\":[{\"@type\":\"ReadAction\",\"target\":[\"https:\/\/glaciersalive.ch\/gletscherschutz-weltweit\/\"]}]},{\"@type\":\"BreadcrumbList\",\"@id\":\"https:\/\/glaciersalive.ch\/gletscherschutz-weltweit\/#breadcrumb\",\"itemListElement\":[{\"@type\":\"ListItem\",\"position\":1,\"name\":\"Startseite\",\"item\":\"https:\/\/glaciersalive.ch\/\"},{\"@type\":\"ListItem\",\"position\":2,\"name\":\"Gletscherschutz weltweit\"}]},{\"@type\":\"WebSite\",\"@id\":\"https:\/\/glaciersalive.ch\/#website\",\"url\":\"https:\/\/glaciersalive.ch\/\",\"name\":\"GlaciersAlive\",\"description\":\"Gletscherpflege f\u00fcr die nachhaltigen Sicherung der Wasserversorgung in Gebirgsregionen.\",\"publisher\":{\"@id\":\"https:\/\/glaciersalive.ch\/#organization\"},\"potentialAction\":[{\"@type\":\"SearchAction\",\"target\":{\"@type\":\"EntryPoint\",\"urlTemplate\":\"https:\/\/glaciersalive.ch\/?s={search_term_string}\"},\"query-input\":{\"@type\":\"PropertyValueSpecification\",\"valueRequired\":true,\"valueName\":\"search_term_string\"}}],\"inLanguage\":\"en-US\"},{\"@type\":\"Organization\",\"@id\":\"https:\/\/glaciersalive.ch\/#organization\",\"name\":\"GlaciersAlive\",\"url\":\"https:\/\/glaciersalive.ch\/\",\"logo\":{\"@type\":\"ImageObject\",\"inLanguage\":\"en-US\",\"@id\":\"https:\/\/glaciersalive.ch\/#\/schema\/logo\/image\/\",\"url\":\"https:\/\/glaciersalive.ch\/wp-content\/uploads\/2025\/12\/GlaciersAlivelogo.jpg\",\"contentUrl\":\"https:\/\/glaciersalive.ch\/wp-content\/uploads\/2025\/12\/GlaciersAlivelogo.jpg\",\"width\":1091,\"height\":1031,\"caption\":\"GlaciersAlive\"},\"image\":{\"@id\":\"https:\/\/glaciersalive.ch\/#\/schema\/logo\/image\/\"},\"sameAs\":[\"https:\/\/www.facebook.com\/GlaciersAlive\",\"https:\/\/www.instagram.com\/glaciers_alive\/\"]}]}<\/script>\n<!-- \/ Yoast SEO plugin. -->","yoast_head_json":{"title":"Gletscherschutz weltweit | GlaciersAlive","robots":{"index":"index","follow":"follow","max-snippet":"max-snippet:-1","max-image-preview":"max-image-preview:large","max-video-preview":"max-video-preview:-1"},"canonical":"https:\/\/glaciersalive.ch\/en\/gletscherschutz-weltweit\/","og_locale":"en_US","og_type":"article","og_title":"Gletscherschutz weltweit | GlaciersAlive","og_description":"\u00a0 Die Beschneiungsanlage des MortAlive\u00a0Projektes\u00a0soll dazu beitragen, dem Problem der schmelzenden Gletscher entgegenzuwirken. Schnee sch\u00fctzt das darunter liegende Eis vor dem Abschmelzen, weil er isolierend wirkt und einen gro\u00dfen Teil der Sonneneinstrahlung reflektiert. Solange der Gletscher mit Schnee bedeckt ist, wird das Eis nicht schmelzen. Dadurch werden die Gletscher auch f\u00fcr k\u00fcnftige Generationen als zuverl\u00e4ssiger [&hellip;]","og_url":"https:\/\/glaciersalive.ch\/en\/gletscherschutz-weltweit\/","og_site_name":"GlaciersAlive","article_publisher":"https:\/\/www.facebook.com\/GlaciersAlive","article_modified_time":"2025-12-14T20:45:53+00:00","twitter_card":"summary_large_image","twitter_misc":{"Est. reading time":"3 minutes"},"schema":{"@context":"https:\/\/schema.org","@graph":[{"@type":"WebPage","@id":"https:\/\/glaciersalive.ch\/gletscherschutz-weltweit\/","url":"https:\/\/glaciersalive.ch\/gletscherschutz-weltweit\/","name":"Gletscherschutz weltweit | GlaciersAlive","isPartOf":{"@id":"https:\/\/glaciersalive.ch\/#website"},"datePublished":"2025-08-31T08:22:54+00:00","dateModified":"2025-12-14T20:45:53+00:00","breadcrumb":{"@id":"https:\/\/glaciersalive.ch\/gletscherschutz-weltweit\/#breadcrumb"},"inLanguage":"en-US","potentialAction":[{"@type":"ReadAction","target":["https:\/\/glaciersalive.ch\/gletscherschutz-weltweit\/"]}]},{"@type":"BreadcrumbList","@id":"https:\/\/glaciersalive.ch\/gletscherschutz-weltweit\/#breadcrumb","itemListElement":[{"@type":"ListItem","position":1,"name":"Startseite","item":"https:\/\/glaciersalive.ch\/"},{"@type":"ListItem","position":2,"name":"Gletscherschutz weltweit"}]},{"@type":"WebSite","@id":"https:\/\/glaciersalive.ch\/#website","url":"https:\/\/glaciersalive.ch\/","name":"GlaciersAlive","description":"Gletscherpflege f\u00fcr die nachhaltigen Sicherung der Wasserversorgung in Gebirgsregionen.","publisher":{"@id":"https:\/\/glaciersalive.ch\/#organization"},"potentialAction":[{"@type":"SearchAction","target":{"@type":"EntryPoint","urlTemplate":"https:\/\/glaciersalive.ch\/?s={search_term_string}"},"query-input":{"@type":"PropertyValueSpecification","valueRequired":true,"valueName":"search_term_string"}}],"inLanguage":"en-US"},{"@type":"Organization","@id":"https:\/\/glaciersalive.ch\/#organization","name":"GlaciersAlive","url":"https:\/\/glaciersalive.ch\/","logo":{"@type":"ImageObject","inLanguage":"en-US","@id":"https:\/\/glaciersalive.ch\/#\/schema\/logo\/image\/","url":"https:\/\/glaciersalive.ch\/wp-content\/uploads\/2025\/12\/GlaciersAlivelogo.jpg","contentUrl":"https:\/\/glaciersalive.ch\/wp-content\/uploads\/2025\/12\/GlaciersAlivelogo.jpg","width":1091,"height":1031,"caption":"GlaciersAlive"},"image":{"@id":"https:\/\/glaciersalive.ch\/#\/schema\/logo\/image\/"},"sameAs":["https:\/\/www.facebook.com\/GlaciersAlive","https:\/\/www.instagram.com\/glaciers_alive\/"]}]}},"campaignId":"","_links":{"self":[{"href":"https:\/\/glaciersalive.ch\/en\/wp-json\/wp\/v2\/pages\/30818","targetHints":{"allow":["GET"]}}],"collection":[{"href":"https:\/\/glaciersalive.ch\/en\/wp-json\/wp\/v2\/pages"}],"about":[{"href":"https:\/\/glaciersalive.ch\/en\/wp-json\/wp\/v2\/types\/page"}],"author":[{"embeddable":true,"href":"https:\/\/glaciersalive.ch\/en\/wp-json\/wp\/v2\/users\/1"}],"replies":[{"embeddable":true,"href":"https:\/\/glaciersalive.ch\/en\/wp-json\/wp\/v2\/comments?post=30818"}],"version-history":[{"count":17,"href":"https:\/\/glaciersalive.ch\/en\/wp-json\/wp\/v2\/pages\/30818\/revisions"}],"predecessor-version":[{"id":32719,"href":"https:\/\/glaciersalive.ch\/en\/wp-json\/wp\/v2\/pages\/30818\/revisions\/32719"}],"wp:attachment":[{"href":"https:\/\/glaciersalive.ch\/en\/wp-json\/wp\/v2\/media?parent=30818"}],"curies":[{"name":"wp","href":"https:\/\/api.w.org\/{rel}","templated":true}]}}