{"id":30824,"date":"2025-08-31T10:22:23","date_gmt":"2025-08-31T08:22:23","guid":{"rendered":"https:\/\/glaciersalive.ch\/?page_id=30824"},"modified":"2026-01-01T10:36:17","modified_gmt":"2026-01-01T09:36:17","slug":"nessy-zeroe-schneilanzen","status":"publish","type":"page","link":"https:\/\/glaciersalive.ch\/en\/nessy-zeroe-schneilanzen\/","title":{"rendered":"NESSy ZeroE Snow Lances"},"content":{"rendered":"<p>[et_pb_section fb_built=&#8220;1&#8243; fullwidth=&#8220;on&#8220; disabled_on=&#8220;on|on|off&#8220; _builder_version=&#8220;4.27.4&#8243; _module_preset=&#8220;default&#8220; global_colors_info=&#8220;{}&#8220;][et_pb_fullwidth_menu menu_id=&#8220;14&#8243; fullwidth_menu=&#8220;off&#8220; logo=&#8220;https:\/\/glaciersalive.ch\/wp-content\/uploads\/2025\/12\/IMG_1429.jpg&#8220; logo_width=&#8220;32%&#8220; show_search_icon=&#8220;on&#8220; _builder_version=&#8220;4.27.4&#8243; _module_preset=&#8220;default&#8220; menu_font_size=&#8220;16px&#8220; text_orientation=&#8220;right&#8220; custom_padding=&#8220;||0px|||&#8220; global_colors_info=&#8220;{}&#8220;][\/et_pb_fullwidth_menu][et_pb_fullwidth_menu menu_style=&#8220;centered&#8220; fullwidth_menu=&#8220;off&#8220; active_link_color=&#8220;#FFFFFF&#8220; logo_height=&#8220;104px&#8220; logo_max_height=&#8220;78px&#8220; _builder_version=&#8220;4.27.4&#8243; _module_preset=&#8220;default&#8220; menu_text_color=&#8220;#FFFFFF&#8220; menu_font_size=&#8220;20px&#8220; background_color=&#8220;#072130&#8243; custom_padding=&#8220;1px|||||&#8220; child_filter_hue_rotate=&#8220;359deg&#8220; child_filter_brightness=&#8220;200%&#8220; child_filter_contrast=&#8220;0%&#8220; border_color_all_image=&#8220;#FFFFFF&#8220; global_colors_info=&#8220;{}&#8220;][\/et_pb_fullwidth_menu][\/et_pb_section][et_pb_section fb_built=&#8220;1&#8243; fullwidth=&#8220;on&#8220; disabled_on=&#8220;off|off|on&#8220; _builder_version=&#8220;4.27.4&#8243; _module_preset=&#8220;default&#8220; global_colors_info=&#8220;{}&#8220;][et_pb_fullwidth_menu menu_id=&#8220;14&#8243; fullwidth_menu=&#8220;off&#8220; logo=&#8220;https:\/\/glaciersalive.ch\/wp-content\/uploads\/2025\/12\/IMG_1429.jpg&#8220; logo_width=&#8220;76%&#8220; show_search_icon=&#8220;on&#8220; _builder_version=&#8220;4.27.4&#8243; _module_preset=&#8220;default&#8220; menu_font_size=&#8220;16px&#8220; text_orientation=&#8220;right&#8220; custom_padding=&#8220;||0px|||&#8220; global_colors_info=&#8220;{}&#8220;][\/et_pb_fullwidth_menu][et_pb_fullwidth_menu menu_style=&#8220;centered&#8220; fullwidth_menu=&#8220;off&#8220; active_link_color=&#8220;#FFFFFF&#8220; logo_height=&#8220;104px&#8220; logo_max_height=&#8220;78px&#8220; _builder_version=&#8220;4.27.4&#8243; _module_preset=&#8220;default&#8220; menu_text_color=&#8220;#FFFFFF&#8220; menu_font_size=&#8220;20px&#8220; background_color=&#8220;#072130&#8243; custom_padding=&#8220;1px|||||&#8220; child_filter_hue_rotate=&#8220;359deg&#8220; child_filter_brightness=&#8220;200%&#8220; child_filter_contrast=&#8220;0%&#8220; border_color_all_image=&#8220;#FFFFFF&#8220; global_colors_info=&#8220;{}&#8220;][\/et_pb_fullwidth_menu][\/et_pb_section][et_pb_section fb_built=&#8220;1&#8243; admin_label=&#8220;Header&#8220; _builder_version=&#8220;4.27.4&#8243; _module_preset=&#8220;f08e7613-a180-4797-9c4f-8fef2b5afe95&#8243; background_color_gradient_stops=&#8220;gcid-d119accd-44d7-4f2f-b9d7-599c8463324b 98%|rgba(255,255,255,0) 100%|rgba(7,33,48,0.6) 100%|#072130 100%&#8220; background_image=&#8220;https:\/\/glaciersalive.ch\/wp-content\/uploads\/2025\/08\/DSC_0233-scaled.jpg&#8220; background_enable_image=&#8220;on&#8220; locked=&#8220;off&#8220; collapsed=&#8220;on&#8220; global_colors_info=&#8220;{%22gcid-1f1bf5fb-a99d-4acc-8d9e-ddac074c158c%22:%91%22background_color_gradient_stops%22,%22background_color_gradient_stops%22%93,%22gcid-4c79ba3d-a281-4fb6-9b14-02f9a4c793f2%22:%91%22background_color_gradient_stops%22,%22background_color_gradient_stops%22%93,%22gcid-688c464a-d6f2-4296-b592-395352c71c79%22:%91%22background_color_gradient_stops%22,%22background_color_gradient_stops%22%93,%22gcid-d119accd-44d7-4f2f-b9d7-599c8463324b%22:%91%22background_color_gradient_stops%22,%22background_color_gradient_stops%22%93}&#8220;][et_pb_row _builder_version=&#8220;4.25.1&#8243; _module_preset=&#8220;default&#8220; custom_padding=&#8220;||3px|||&#8220; global_colors_info=&#8220;{}&#8220;][et_pb_column type=&#8220;4_4&#8243; _builder_version=&#8220;4.25.1&#8243; _module_preset=&#8220;default&#8220; global_colors_info=&#8220;{}&#8220;][et_pb_heading title=&#8220;NESSy ZeroE Schneilanzen&#8220; disabled_on=&#8220;on|off|off&#8220; _builder_version=&#8220;4.27.4&#8243; _module_preset=&#8220;9bab56d2-91ba-4ba3-b0ff-49ada2eb4275&#8243; title_text_align=&#8220;center&#8220; title_text_color=&#8220;#FFFFFF&#8220; title_font_size=&#8220;90px&#8220; custom_margin=&#8220;||10px||false|false&#8220; global_colors_info=&#8220;{}&#8220;][\/et_pb_heading][et_pb_heading title=&#8220;NESSy ZeroE Schneilanzen&#8220; disabled_on=&#8220;off|on|on&#8220; _builder_version=&#8220;4.27.4&#8243; _module_preset=&#8220;9bab56d2-91ba-4ba3-b0ff-49ada2eb4275&#8243; title_text_align=&#8220;center&#8220; title_text_color=&#8220;#FFFFFF&#8220; title_font_size=&#8220;100px&#8220; custom_margin=&#8220;||10px||false|false&#8220; global_colors_info=&#8220;{}&#8220;][\/et_pb_heading][\/et_pb_column][\/et_pb_row][et_pb_row column_structure=&#8220;1_3,1_3,1_3&#8243; make_equal=&#8220;on&#8220; _builder_version=&#8220;4.27.4&#8243; _module_preset=&#8220;default&#8220; custom_padding=&#8220;||0px|||&#8220; global_colors_info=&#8220;{}&#8220;][et_pb_column type=&#8220;1_3&#8243; _builder_version=&#8220;4.27.4&#8243; _module_preset=&#8220;d66df6ce-5467-4eab-b5b4-3bc8c37fe3c1&#8243; background_color=&#8220;#072130&#8243; border_color_all=&#8220;RGBA(255,255,255,0)&#8220; global_colors_info=&#8220;{}&#8220;][et_pb_heading title=&#8220;200 Meter&#8220; _builder_version=&#8220;4.27.4&#8243; _module_preset=&#8220;6285fc03-f68e-436b-88eb-ce0ec9ac41e8&#8243; title_text_color=&#8220;#FFFFFF&#8220; custom_margin=&#8220;||10px||false|false&#8220; global_colors_info=&#8220;{}&#8220;][\/et_pb_heading][et_pb_text _builder_version=&#8220;4.27.4&#8243; _module_preset=&#8220;96b74340-f02e-4e69-a17e-b537329df2e9&#8243;]<\/p>\n<div class=\"dxp-col-lg-4 dxp-col-md-6 dxp-col-12\">\n<div class=\"dxp dxp-content-item\" dir=\"ltr\" data-theme=\"dxp-theme-white\">\n<div class=\"column-item false\">\n<div class=\"dxp dxp-theme-white column-content vertical\">\n<div class=\"column-content-item content-image-text\">\n<div class=\"content-text-wrapper\">\n<div class=\"cms-dxp-flex-layout aem-GridColumn aem-GridColumn--default--12\">\n<div class=\"dxp-theme-white dxp-flex-layout\" data-theme=\"dxp-theme-white\">\n<div class=\"dxp-row dxp-flex-pd-mg-0\">\n<div class=\"dxp-col-12 dxp-flex-pd-mg-0 dxp-col-md-12 dxp-col-lg-12 dxp-col-xl-12\">\n<div class=\"dxp-theme-white dxp-flex-layout-item bg-norepeat\" data-theme=\"dxp-theme-white\">\n<div class=\"aem-Grid aem-Grid--12 aem-Grid--default--12 \">\n<div class=\"cms-dxp-content-item-grid aem-GridColumn aem-GridColumn--default--12\">\n<div class=\"dxp-container\">\n<div class=\"dxp-theme-white dxp-content-item-grid\" dir=\"ltr\" data-theme=\"dxp-theme-white\">\n<div class=\"dxp-row grid\">\n<div class=\"dxp-col-lg-4 dxp-col-md-6 dxp-col-12\">\n<div class=\"dxp dxp-content-item\" dir=\"ltr\" data-theme=\"dxp-theme-white\">\n<div class=\"column-item false\">\n<div class=\"dxp dxp-theme-white column-content vertical\">\n<div class=\"column-content-item content-image-text\">\n<div class=\"content-text-wrapper\">\n<p>H\u00f6henunterschied zwischen der Wasserquelle und dem Schneekabel sind n\u00f6tig, um den notwendigen Druck von 20 bar in der Wasserleitung zu erzeugen.<\/p>\n<\/div>\n<\/div>\n<\/div>\n<\/div>\n<\/div>\n<\/div>\n<\/div>\n<\/div>\n<\/div>\n<\/div>\n<\/div>\n<\/div>\n<\/div>\n<\/div>\n<\/div>\n<\/div>\n<\/div>\n<\/div>\n<\/div>\n<\/div>\n<\/div>\n<\/div>\n<p>[\/et_pb_text][\/et_pb_column][et_pb_column type=&#8220;1_3&#8243; _builder_version=&#8220;4.25.2&#8243; _module_preset=&#8220;73efed0a-a873-499f-8b62-3482c2579d7f&#8220; global_colors_info=&#8220;{}&#8220;][et_pb_heading title=&#8220;- 2.5 Grad&#8220; _builder_version=&#8220;4.27.4&#8243; _module_preset=&#8220;6285fc03-f68e-436b-88eb-ce0ec9ac41e8&#8243; title_text_color=&#8220;gcid-1f1b4e15-7cc6-4e13-8154-74d77a956460&#8243; custom_margin=&#8220;||10px||false|false&#8220; locked=&#8220;off&#8220; global_colors_info=&#8220;{%22gcid-1f1b4e15-7cc6-4e13-8154-74d77a956460%22:%91%22title_text_color%22%93}&#8220;][\/et_pb_heading][et_pb_text _builder_version=&#8220;4.27.4&#8243; _module_preset=&#8220;8f302659-ff75-4ed0-9f7b-3d265b7a27e2&#8243; locked=&#8220;off&#8220; global_colors_info=&#8220;{}&#8220;]<\/p>\n<div class=\"dxp-col-lg-4 dxp-col-md-6 dxp-col-12\">\n<div class=\"dxp dxp-content-item\" dir=\"ltr\" data-theme=\"dxp-theme-white\">\n<div class=\"column-item false\">\n<div class=\"dxp dxp-theme-white column-content vertical\">\n<div class=\"column-content-item content-image-text\">\n<div class=\"content-text-wrapper\">\n<div class=\"dxp-col-lg-4 dxp-col-md-6 dxp-col-12\">\n<div class=\"dxp dxp-content-item\" dir=\"ltr\" data-theme=\"dxp-theme-white\">\n<div class=\"column-item false\">\n<div class=\"dxp dxp-theme-white column-content vertical\">\n<div class=\"column-content-item content-image-text\">\n<div class=\"content-text-wrapper\">\n<p class=\"description\">Feuchtkugeltemperatur reichen bereits, um vollkommen ohne Strom und Zusatzenergie Schnee zu produzieren.<\/p>\n<\/div>\n<\/div>\n<\/div>\n<\/div>\n<\/div>\n<\/div>\n<\/div>\n<\/div>\n<\/div>\n<\/div>\n<\/div>\n<\/div>\n<div class=\"dxp-col-lg-4 dxp-col-md-6 dxp-col-12\">\n<div class=\"dxp dxp-content-item\" dir=\"ltr\" data-theme=\"dxp-theme-white\">\n<div class=\"column-item false\">\n<div class=\"dxp dxp-theme-white column-content vertical\">\n<div class=\"column-content-item content-image-text\">\n<div class=\"img-wrapper dxp-flex\">\n<div class=\"img-zoom\">\n<p>&nbsp;<\/p>\n<\/div>\n<\/div>\n<div class=\"content-text-wrapper\">\n<div class=\"heading-wrapper\">\u00a0<\/div>\n<\/div>\n<\/div>\n<\/div>\n<\/div>\n<\/div>\n<\/div>\n<p>[\/et_pb_text][\/et_pb_column][et_pb_column type=&#8220;1_3&#8243; _builder_version=&#8220;4.25.2&#8243; _module_preset=&#8220;2bc4d0a3-e501-46f0-bd98-06b18df0353e&#8220; global_colors_info=&#8220;{}&#8220;][et_pb_heading title=&#8220;200 bis 400m2&#8243; _builder_version=&#8220;4.27.4&#8243; _module_preset=&#8220;6285fc03-f68e-436b-88eb-ce0ec9ac41e8&#8243; title_text_color=&#8220;#FFFFFF&#8220; custom_margin=&#8220;||10px||false|false&#8220; locked=&#8220;off&#8220; global_colors_info=&#8220;{}&#8220;][\/et_pb_heading][et_pb_text _builder_version=&#8220;4.27.4&#8243; _module_preset=&#8220;96b74340-f02e-4e69-a17e-b537329df2e9&#8243; locked=&#8220;off&#8220;]<\/p>\n<div class=\"heading-wrapper\">\n<p>k\u00f6nnen mit einem einzigen NESSy ZeroE w\u00e4hrend der Sommermonate bedeckt werden.<\/p>\n<\/div>\n<p>[\/et_pb_text][\/et_pb_column][\/et_pb_row][\/et_pb_section][et_pb_section fb_built=&#8220;1&#8243; admin_label=&#8220;Video&#8220; _builder_version=&#8220;4.25.1&#8243; _module_preset=&#8220;ebd57eff-f9d4-426f-9813-6efc706727b4&#8243; custom_padding=&#8220;7px||1px|||&#8220; locked=&#8220;off&#8220; collapsed=&#8220;on&#8220;][et_pb_row column_structure=&#8220;1_2,1_2&#8243; _builder_version=&#8220;4.25.1&#8243; _module_preset=&#8220;default&#8220; custom_padding=&#8220;23px|||||&#8220; locked=&#8220;off&#8220; global_colors_info=&#8220;{}&#8220;][et_pb_column type=&#8220;1_2&#8243; _builder_version=&#8220;4.25.1&#8243; _module_preset=&#8220;default&#8220; global_colors_info=&#8220;{}&#8220;][et_pb_text _builder_version=&#8220;4.27.4&#8243; _module_preset=&#8220;8f302659-ff75-4ed0-9f7b-3d265b7a27e2&#8243; text_orientation=&#8220;justified&#8220; custom_margin=&#8220;||10px||false|false&#8220; global_colors_info=&#8220;{}&#8220;]<\/p>\n<h2>Schneilanzen<\/h2>\n<div class=\"relative basis-auto flex-col -mb-(--composer-overlap-px) [--composer-overlap-px:55px] grow flex overflow-hidden\">\n<div class=\"relative h-full\">\n<div class=\"flex h-full flex-col overflow-y-auto thread-xl:pt-(--header-height) [scrollbar-gutter:stable_both-edges]\">\n<div class=\"flex flex-col text-sm thread-xl:pt-header-height\">\n<article class=\"text-token-text-primary w-full focus:outline-none [--shadow-height:45px] has-data-writing-block:pointer-events-none has-data-writing-block:-mt-(--shadow-height) has-data-writing-block:pt-(--shadow-height) [&amp;:has([data-writing-block])&gt;*]:pointer-events-auto [content-visibility:auto] supports-[content-visibility:auto]:[contain-intrinsic-size:auto_100lvh] scroll-mt-[calc(var(--header-height)+min(200px,max(70px,20svh)))]\" dir=\"auto\" tabindex=\"-1\" data-turn-id=\"request-WEB:c9ae4650-fac3-4fef-b2c0-6c49a34af803-1\" data-testid=\"conversation-turn-4\" data-scroll-anchor=\"false\" data-turn=\"assistant\">\n<div class=\"text-base my-auto mx-auto [--thread-content-margin:--spacing(4)] thread-sm:[--thread-content-margin:--spacing(6)] thread-lg:[--thread-content-margin:--spacing(16)] px-(--thread-content-margin)\">\n<div class=\"[--thread-content-max-width:40rem] thread-lg:[--thread-content-max-width:48rem] mx-auto max-w-(--thread-content-max-width) flex-1 group\/turn-messages focus-visible:outline-hidden relative flex w-full min-w-0 flex-col agent-turn\" tabindex=\"-1\">\n<div class=\"flex max-w-full flex-col grow\">\n<div class=\"min-h-8 text-message relative flex w-full flex-col items-end gap-2 text-start break-words whitespace-normal [.text-message+&amp;]:mt-1\" dir=\"auto\" data-message-author-role=\"assistant\" data-message-id=\"541b8613-d3fa-45af-9c15-80391ac955fe\" data-message-model-slug=\"gpt-5\">\n<div class=\"flex w-full flex-col gap-1 empty:hidden first:pt-[1px]\">\n<div class=\"markdown prose dark:prose-invert w-full break-words light markdown-new-styling\">\n<p data-start=\"154\" data-end=\"554\">Mit dem in der Schweiz entwickelten und patentierten \u201eNessy\u201c-System (Schneiseil) kann Schnee ohne elektrische Energie hergestellt werden. Daf\u00fcr nutzt das System die nat\u00fcrliche Schwerkraft: Wenn zwischen der Wasserquelle und dem Schneiseil ein H\u00f6henunterschied von mindestens 200 Metern besteht, entsteht automatisch genug Druck (20 bar), um Schnee zu erzeugen \u2013 ganz ohne Pumpen oder Strom.<\/p>\n<p data-start=\"556\" data-end=\"907\">Ein einzelnes NESSy ZeroE (das steht f\u00fcr <em data-start=\"601\" data-end=\"635\">New Energy Efficient Snow System<\/em>) kann im Sommer eine Fl\u00e4che von 200 bis 400 Quadratmetern mit Schnee bedecken. Das Wasser daf\u00fcr kann beispielsweise aus einem Schmelzwassersee stammen, der sich \u00fcber dem zu beschneiten Gebiet bildet.<\/p>\n<p data-start=\"909\" data-end=\"1196\">Im Februar 2021 wurde das erste Schneiseil bei der Diavolezza installiert \u2013 ein wichtiger Schritt im <a href=\"https:\/\/glaciersalive.ch\/mortalive-2-2\/\">MortAlive-Projekt<\/a>.\u00a0 <span style=\"color: #666666;\">Seither wird die Technologie kontinuierlich getestet und weiterentwickelt, um ihre Leistung und Effizienz zu optimieren.\u00a0<\/span><\/p>\n<p data-start=\"1198\" data-end=\"1425\">Ziel ist es, diese Schneiseile k\u00fcnftig auch in Skigebieten und in L\u00e4ndern zu installieren, die stark vom Gletscherwasser abh\u00e4ngig sind \u2013 um dort die Wasserreserven langfristig zu sch\u00fctzen.<\/p>\n<\/div>\n<\/div>\n<\/div>\n<\/div>\n<\/div>\n<\/div>\n<\/article>\n<\/div>\n<\/div>\n<\/div>\n<\/div>\n<p>[\/et_pb_text][et_pb_button button_url=&#8220;https:\/\/www.bachler.ch\/de\/Beschneiung\/NESSy-ZeroE&#8220; button_text=&#8220;Mehr zum ,,Nessy&#8220;-System&#8220; disabled_on=&#8220;on|off|off&#8220; _builder_version=&#8220;4.27.4&#8243; _module_preset=&#8220;c78839f2-7ddd-474d-8c1b-ba1392bff639&#8243; custom_padding=&#8220;13px|50px|13px|40px|true|false&#8220; global_colors_info=&#8220;{}&#8220;][\/et_pb_button][et_pb_button button_url=&#8220;https:\/\/www.bachler.ch\/de\/Beschneiung\/NESSy-ZeroE&#8220; button_text=&#8220;Mehr zum ,,Nessy&#8220;-System&#8220; disabled_on=&#8220;off|on|on&#8220; _builder_version=&#8220;4.27.4&#8243; _module_preset=&#8220;c78839f2-7ddd-474d-8c1b-ba1392bff639&#8243; button_text_size=&#8220;11px&#8220; custom_padding=&#8220;13px|50px|13px|40px|true|false&#8220; global_colors_info=&#8220;{}&#8220;][\/et_pb_button][\/et_pb_column][et_pb_column type=&#8220;1_2&#8243; _builder_version=&#8220;4.25.1&#8243; _module_preset=&#8220;default&#8220; global_colors_info=&#8220;{}&#8220;][et_pb_image src=&#8220;https:\/\/glaciersalive.ch\/wp-content\/uploads\/2022\/10\/280377225_721969922421506_8510978885136232038_n-scaled-e1665160948395.jpg&#8220; title_text=&#8220;280377225_721969922421506_8510978885136232038_n&#8220; _builder_version=&#8220;4.27.4&#8243; _module_preset=&#8220;default&#8220; global_colors_info=&#8220;{}&#8220;][\/et_pb_image][\/et_pb_column][\/et_pb_row][et_pb_row _builder_version=&#8220;4.27.4&#8243; _module_preset=&#8220;default&#8220; custom_padding=&#8220;3px|||||&#8220; global_colors_info=&#8220;{}&#8220;][et_pb_column type=&#8220;4_4&#8243; _builder_version=&#8220;4.27.4&#8243; _module_preset=&#8220;default&#8220; global_colors_info=&#8220;{}&#8220;][et_pb_text _builder_version=&#8220;4.27.5&#8243; _module_preset=&#8220;default&#8220; text_font=&#8220;Inter||||||||&#8220; text_font_size=&#8220;16px&#8220; hover_enabled=&#8220;0&#8243; global_colors_info=&#8220;{}&#8220; sticky_enabled=&#8220;0&#8243;]<\/p>\n<p>Sind Sie an diesem Projekt interessiert und m\u00f6chten es gerne unterst\u00fctzen? <a href=\"https:\/\/glaciersalive.ch\/spenden\/\">Hier<\/a>\u00a0k\u00f6nnen Sie mit Ihrer Spende einen wichtigen Beitrag leisten.<\/p>\n<p>[\/et_pb_text][\/et_pb_column][\/et_pb_row][\/et_pb_section]<\/p>\n","protected":false},"excerpt":{"rendered":"<p>H\u00f6henunterschied zwischen der Wasserquelle und dem Schneekabel sind n\u00f6tig, um den notwendigen Druck von 20 bar in der Wasserleitung zu erzeugen. Feuchtkugeltemperatur reichen bereits, um vollkommen ohne Strom und Zusatzenergie Schnee zu produzieren. &nbsp; \u00a0 k\u00f6nnen mit einem einzigen NESSy ZeroE w\u00e4hrend der Sommermonate bedeckt werden. Schneilanzen Mit dem in der Schweiz entwickelten und patentierten [&hellip;]<\/p>\n","protected":false},"author":1,"featured_media":0,"parent":0,"menu_order":0,"comment_status":"closed","ping_status":"closed","template":"","meta":{"give_campaign_id":0,"_et_pb_use_builder":"on","_et_pb_old_content":"","_et_gb_content_width":"","footnotes":""},"class_list":["post-30824","page","type-page","status-publish","hentry"],"yoast_head":"<!-- This site is optimized with the Yoast SEO plugin v27.1.1 - https:\/\/yoast.com\/product\/yoast-seo-wordpress\/ -->\n<title>NESSy ZeroE Schneilanzen | GlaciersAlive<\/title>\n<meta name=\"robots\" content=\"index, follow, max-snippet:-1, max-image-preview:large, max-video-preview:-1\" \/>\n<link rel=\"canonical\" href=\"https:\/\/glaciersalive.ch\/en\/nessy-zeroe-schneilanzen\/\" \/>\n<meta property=\"og:locale\" content=\"en_US\" \/>\n<meta property=\"og:type\" content=\"article\" \/>\n<meta property=\"og:title\" content=\"NESSy ZeroE Schneilanzen | GlaciersAlive\" \/>\n<meta property=\"og:description\" content=\"H\u00f6henunterschied zwischen der Wasserquelle und dem Schneekabel sind n\u00f6tig, um den notwendigen Druck von 20 bar in der Wasserleitung zu erzeugen. Feuchtkugeltemperatur reichen bereits, um vollkommen ohne Strom und Zusatzenergie Schnee zu produzieren. &nbsp; \u00a0 k\u00f6nnen mit einem einzigen NESSy ZeroE w\u00e4hrend der Sommermonate bedeckt werden. Schneilanzen Mit dem in der Schweiz entwickelten und patentierten [&hellip;]\" \/>\n<meta property=\"og:url\" content=\"https:\/\/glaciersalive.ch\/en\/nessy-zeroe-schneilanzen\/\" \/>\n<meta property=\"og:site_name\" content=\"GlaciersAlive\" \/>\n<meta property=\"article:publisher\" content=\"https:\/\/www.facebook.com\/GlaciersAlive\" \/>\n<meta property=\"article:modified_time\" content=\"2026-01-01T09:36:17+00:00\" \/>\n<meta name=\"twitter:card\" content=\"summary_large_image\" \/>\n<meta name=\"twitter:label1\" content=\"Est. reading time\" \/>\n\t<meta name=\"twitter:data1\" content=\"3 minutes\" \/>\n<script type=\"application\/ld+json\" class=\"yoast-schema-graph\">{\"@context\":\"https:\/\/schema.org\",\"@graph\":[{\"@type\":\"WebPage\",\"@id\":\"https:\/\/glaciersalive.ch\/nessy-zeroe-schneilanzen\/\",\"url\":\"https:\/\/glaciersalive.ch\/nessy-zeroe-schneilanzen\/\",\"name\":\"NESSy ZeroE Schneilanzen | GlaciersAlive\",\"isPartOf\":{\"@id\":\"https:\/\/glaciersalive.ch\/#website\"},\"datePublished\":\"2025-08-31T08:22:23+00:00\",\"dateModified\":\"2026-01-01T09:36:17+00:00\",\"breadcrumb\":{\"@id\":\"https:\/\/glaciersalive.ch\/nessy-zeroe-schneilanzen\/#breadcrumb\"},\"inLanguage\":\"en-US\",\"potentialAction\":[{\"@type\":\"ReadAction\",\"target\":[\"https:\/\/glaciersalive.ch\/nessy-zeroe-schneilanzen\/\"]}]},{\"@type\":\"BreadcrumbList\",\"@id\":\"https:\/\/glaciersalive.ch\/nessy-zeroe-schneilanzen\/#breadcrumb\",\"itemListElement\":[{\"@type\":\"ListItem\",\"position\":1,\"name\":\"Startseite\",\"item\":\"https:\/\/glaciersalive.ch\/\"},{\"@type\":\"ListItem\",\"position\":2,\"name\":\"NESSy ZeroE Schneilanzen\"}]},{\"@type\":\"WebSite\",\"@id\":\"https:\/\/glaciersalive.ch\/#website\",\"url\":\"https:\/\/glaciersalive.ch\/\",\"name\":\"GlaciersAlive\",\"description\":\"Gletscherpflege f\u00fcr die nachhaltigen Sicherung der Wasserversorgung in Gebirgsregionen.\",\"publisher\":{\"@id\":\"https:\/\/glaciersalive.ch\/#organization\"},\"potentialAction\":[{\"@type\":\"SearchAction\",\"target\":{\"@type\":\"EntryPoint\",\"urlTemplate\":\"https:\/\/glaciersalive.ch\/?s={search_term_string}\"},\"query-input\":{\"@type\":\"PropertyValueSpecification\",\"valueRequired\":true,\"valueName\":\"search_term_string\"}}],\"inLanguage\":\"en-US\"},{\"@type\":\"Organization\",\"@id\":\"https:\/\/glaciersalive.ch\/#organization\",\"name\":\"GlaciersAlive\",\"url\":\"https:\/\/glaciersalive.ch\/\",\"logo\":{\"@type\":\"ImageObject\",\"inLanguage\":\"en-US\",\"@id\":\"https:\/\/glaciersalive.ch\/#\/schema\/logo\/image\/\",\"url\":\"https:\/\/glaciersalive.ch\/wp-content\/uploads\/2025\/12\/GlaciersAlivelogo.jpg\",\"contentUrl\":\"https:\/\/glaciersalive.ch\/wp-content\/uploads\/2025\/12\/GlaciersAlivelogo.jpg\",\"width\":1091,\"height\":1031,\"caption\":\"GlaciersAlive\"},\"image\":{\"@id\":\"https:\/\/glaciersalive.ch\/#\/schema\/logo\/image\/\"},\"sameAs\":[\"https:\/\/www.facebook.com\/GlaciersAlive\",\"https:\/\/www.instagram.com\/glaciers_alive\/\"]}]}<\/script>\n<!-- \/ Yoast SEO plugin. -->","yoast_head_json":{"title":"NESSy ZeroE Schneilanzen | GlaciersAlive","robots":{"index":"index","follow":"follow","max-snippet":"max-snippet:-1","max-image-preview":"max-image-preview:large","max-video-preview":"max-video-preview:-1"},"canonical":"https:\/\/glaciersalive.ch\/en\/nessy-zeroe-schneilanzen\/","og_locale":"en_US","og_type":"article","og_title":"NESSy ZeroE Schneilanzen | GlaciersAlive","og_description":"H\u00f6henunterschied zwischen der Wasserquelle und dem Schneekabel sind n\u00f6tig, um den notwendigen Druck von 20 bar in der Wasserleitung zu erzeugen. Feuchtkugeltemperatur reichen bereits, um vollkommen ohne Strom und Zusatzenergie Schnee zu produzieren. &nbsp; \u00a0 k\u00f6nnen mit einem einzigen NESSy ZeroE w\u00e4hrend der Sommermonate bedeckt werden. Schneilanzen Mit dem in der Schweiz entwickelten und patentierten [&hellip;]","og_url":"https:\/\/glaciersalive.ch\/en\/nessy-zeroe-schneilanzen\/","og_site_name":"GlaciersAlive","article_publisher":"https:\/\/www.facebook.com\/GlaciersAlive","article_modified_time":"2026-01-01T09:36:17+00:00","twitter_card":"summary_large_image","twitter_misc":{"Est. reading time":"3 minutes"},"schema":{"@context":"https:\/\/schema.org","@graph":[{"@type":"WebPage","@id":"https:\/\/glaciersalive.ch\/nessy-zeroe-schneilanzen\/","url":"https:\/\/glaciersalive.ch\/nessy-zeroe-schneilanzen\/","name":"NESSy ZeroE Schneilanzen | GlaciersAlive","isPartOf":{"@id":"https:\/\/glaciersalive.ch\/#website"},"datePublished":"2025-08-31T08:22:23+00:00","dateModified":"2026-01-01T09:36:17+00:00","breadcrumb":{"@id":"https:\/\/glaciersalive.ch\/nessy-zeroe-schneilanzen\/#breadcrumb"},"inLanguage":"en-US","potentialAction":[{"@type":"ReadAction","target":["https:\/\/glaciersalive.ch\/nessy-zeroe-schneilanzen\/"]}]},{"@type":"BreadcrumbList","@id":"https:\/\/glaciersalive.ch\/nessy-zeroe-schneilanzen\/#breadcrumb","itemListElement":[{"@type":"ListItem","position":1,"name":"Startseite","item":"https:\/\/glaciersalive.ch\/"},{"@type":"ListItem","position":2,"name":"NESSy ZeroE Schneilanzen"}]},{"@type":"WebSite","@id":"https:\/\/glaciersalive.ch\/#website","url":"https:\/\/glaciersalive.ch\/","name":"GlaciersAlive","description":"Gletscherpflege f\u00fcr die nachhaltigen Sicherung der Wasserversorgung in Gebirgsregionen.","publisher":{"@id":"https:\/\/glaciersalive.ch\/#organization"},"potentialAction":[{"@type":"SearchAction","target":{"@type":"EntryPoint","urlTemplate":"https:\/\/glaciersalive.ch\/?s={search_term_string}"},"query-input":{"@type":"PropertyValueSpecification","valueRequired":true,"valueName":"search_term_string"}}],"inLanguage":"en-US"},{"@type":"Organization","@id":"https:\/\/glaciersalive.ch\/#organization","name":"GlaciersAlive","url":"https:\/\/glaciersalive.ch\/","logo":{"@type":"ImageObject","inLanguage":"en-US","@id":"https:\/\/glaciersalive.ch\/#\/schema\/logo\/image\/","url":"https:\/\/glaciersalive.ch\/wp-content\/uploads\/2025\/12\/GlaciersAlivelogo.jpg","contentUrl":"https:\/\/glaciersalive.ch\/wp-content\/uploads\/2025\/12\/GlaciersAlivelogo.jpg","width":1091,"height":1031,"caption":"GlaciersAlive"},"image":{"@id":"https:\/\/glaciersalive.ch\/#\/schema\/logo\/image\/"},"sameAs":["https:\/\/www.facebook.com\/GlaciersAlive","https:\/\/www.instagram.com\/glaciers_alive\/"]}]}},"campaignId":"","_links":{"self":[{"href":"https:\/\/glaciersalive.ch\/en\/wp-json\/wp\/v2\/pages\/30824","targetHints":{"allow":["GET"]}}],"collection":[{"href":"https:\/\/glaciersalive.ch\/en\/wp-json\/wp\/v2\/pages"}],"about":[{"href":"https:\/\/glaciersalive.ch\/en\/wp-json\/wp\/v2\/types\/page"}],"author":[{"embeddable":true,"href":"https:\/\/glaciersalive.ch\/en\/wp-json\/wp\/v2\/users\/1"}],"replies":[{"embeddable":true,"href":"https:\/\/glaciersalive.ch\/en\/wp-json\/wp\/v2\/comments?post=30824"}],"version-history":[{"count":17,"href":"https:\/\/glaciersalive.ch\/en\/wp-json\/wp\/v2\/pages\/30824\/revisions"}],"predecessor-version":[{"id":32815,"href":"https:\/\/glaciersalive.ch\/en\/wp-json\/wp\/v2\/pages\/30824\/revisions\/32815"}],"wp:attachment":[{"href":"https:\/\/glaciersalive.ch\/en\/wp-json\/wp\/v2\/media?parent=30824"}],"curies":[{"name":"wp","href":"https:\/\/api.w.org\/{rel}","templated":true}]}}