{"id":32761,"date":"2025-12-30T15:45:51","date_gmt":"2025-12-30T14:45:51","guid":{"rendered":"https:\/\/glaciersalive.ch\/?page_id=32761"},"modified":"2026-01-01T10:24:51","modified_gmt":"2026-01-01T09:24:51","slug":"bernina-glaciers-experience","status":"publish","type":"page","link":"https:\/\/glaciersalive.ch\/en\/bernina-glaciers-experience\/","title":{"rendered":"Bernina Glaciers Experience"},"content":{"rendered":"<p>[et_pb_section fb_built=&#8220;1&#8243; fullwidth=&#8220;on&#8220; disabled_on=&#8220;on|on|off&#8220; _builder_version=&#8220;4.27.4&#8243; _module_preset=&#8220;default&#8220; global_colors_info=&#8220;{}&#8220;][et_pb_fullwidth_menu menu_id=&#8220;14&#8243; fullwidth_menu=&#8220;off&#8220; logo=&#8220;https:\/\/glaciersalive.ch\/wp-content\/uploads\/2025\/12\/IMG_1429.jpg&#8220; logo_width=&#8220;32%&#8220; show_search_icon=&#8220;on&#8220; _builder_version=&#8220;4.27.4&#8243; _module_preset=&#8220;default&#8220; menu_font_size=&#8220;16px&#8220; text_orientation=&#8220;right&#8220; custom_padding=&#8220;||0px|||&#8220; global_colors_info=&#8220;{}&#8220;][\/et_pb_fullwidth_menu][et_pb_fullwidth_menu menu_style=&#8220;centered&#8220; fullwidth_menu=&#8220;off&#8220; active_link_color=&#8220;#FFFFFF&#8220; logo_height=&#8220;104px&#8220; logo_max_height=&#8220;78px&#8220; _builder_version=&#8220;4.27.4&#8243; _module_preset=&#8220;default&#8220; menu_text_color=&#8220;#FFFFFF&#8220; menu_font_size=&#8220;20px&#8220; background_color=&#8220;#072130&#8243; custom_padding=&#8220;1px|||||&#8220; child_filter_hue_rotate=&#8220;359deg&#8220; child_filter_brightness=&#8220;200%&#8220; child_filter_contrast=&#8220;0%&#8220; border_color_all_image=&#8220;#FFFFFF&#8220; global_colors_info=&#8220;{}&#8220;][\/et_pb_fullwidth_menu][\/et_pb_section][et_pb_section fb_built=&#8220;1&#8243; fullwidth=&#8220;on&#8220; disabled_on=&#8220;off|off|on&#8220; _builder_version=&#8220;4.27.4&#8243; _module_preset=&#8220;default&#8220; global_colors_info=&#8220;{}&#8220;][et_pb_fullwidth_menu menu_id=&#8220;14&#8243; fullwidth_menu=&#8220;off&#8220; logo=&#8220;https:\/\/glaciersalive.ch\/wp-content\/uploads\/2025\/12\/IMG_1429.jpg&#8220; logo_width=&#8220;76%&#8220; show_search_icon=&#8220;on&#8220; _builder_version=&#8220;4.27.4&#8243; _module_preset=&#8220;default&#8220; menu_font_size=&#8220;16px&#8220; text_orientation=&#8220;right&#8220; custom_padding=&#8220;||0px|||&#8220; global_colors_info=&#8220;{}&#8220;][\/et_pb_fullwidth_menu][et_pb_fullwidth_menu menu_style=&#8220;centered&#8220; fullwidth_menu=&#8220;off&#8220; active_link_color=&#8220;#FFFFFF&#8220; logo_height=&#8220;104px&#8220; logo_max_height=&#8220;78px&#8220; _builder_version=&#8220;4.27.4&#8243; _module_preset=&#8220;default&#8220; menu_text_color=&#8220;#FFFFFF&#8220; menu_font_size=&#8220;20px&#8220; background_color=&#8220;#072130&#8243; custom_padding=&#8220;1px|||||&#8220; child_filter_hue_rotate=&#8220;359deg&#8220; child_filter_brightness=&#8220;200%&#8220; child_filter_contrast=&#8220;0%&#8220; border_color_all_image=&#8220;#FFFFFF&#8220; global_colors_info=&#8220;{}&#8220;][\/et_pb_fullwidth_menu][\/et_pb_section][et_pb_section fb_built=&#8220;1&#8243; disabled_on=&#8220;on|on|off&#8220; admin_label=&#8220;Header&#8220; _builder_version=&#8220;4.27.5&#8243; _module_preset=&#8220;f08e7613-a180-4797-9c4f-8fef2b5afe95&#8243; background_color_gradient_stops=&#8220;gcid-d119accd-44d7-4f2f-b9d7-599c8463324b 0%|rgba(255,255,255,0) 100%|rgba(7,33,48,0.6) 100%|#072130 100%&#8220; background_image=&#8220;https:\/\/glaciersalive.ch\/wp-content\/uploads\/2025\/12\/2glacierexperience-scaled.jpg&#8220; background_enable_image=&#8220;on&#8220; locked=&#8220;off&#8220; collapsed=&#8220;on&#8220; global_colors_info=&#8220;{%22gcid-1f1bf5fb-a99d-4acc-8d9e-ddac074c158c%22:%91%22background_color_gradient_stops%22,%22background_color_gradient_stops%22%93,%22gcid-4c79ba3d-a281-4fb6-9b14-02f9a4c793f2%22:%91%22background_color_gradient_stops%22,%22background_color_gradient_stops%22%93,%22gcid-688c464a-d6f2-4296-b592-395352c71c79%22:%91%22background_color_gradient_stops%22,%22background_color_gradient_stops%22%93,%22gcid-d119accd-44d7-4f2f-b9d7-599c8463324b%22:%91%22background_color_gradient_stops%22,%22background_color_gradient_stops%22%93}&#8220;][et_pb_row _builder_version=&#8220;4.25.1&#8243; _module_preset=&#8220;default&#8220; global_colors_info=&#8220;{}&#8220;][et_pb_column type=&#8220;4_4&#8243; _builder_version=&#8220;4.25.1&#8243; _module_preset=&#8220;default&#8220; global_colors_info=&#8220;{}&#8220;][et_pb_heading title=&#8220;Bernina Glaciers Experience&#8220; _builder_version=&#8220;4.27.5&#8243; _module_preset=&#8220;9bab56d2-91ba-4ba3-b0ff-49ada2eb4275&#8243; title_text_align=&#8220;center&#8220; title_text_color=&#8220;#FFFFFF&#8220; title_font_size=&#8220;88px&#8220; custom_margin=&#8220;||10px||false|false&#8220; global_colors_info=&#8220;{}&#8220;][\/et_pb_heading][\/et_pb_column][\/et_pb_row][et_pb_row column_structure=&#8220;1_3,1_3,1_3&#8243; make_equal=&#8220;on&#8220; _builder_version=&#8220;4.27.4&#8243; _module_preset=&#8220;default&#8220; global_colors_info=&#8220;{}&#8220;][et_pb_column type=&#8220;1_3&#8243; _builder_version=&#8220;4.25.2&#8243; _module_preset=&#8220;d66df6ce-5467-4eab-b5b4-3bc8c37fe3c1&#8243; global_colors_info=&#8220;{}&#8220;][et_pb_heading title=&#8220;2020&#8243; _builder_version=&#8220;4.27.5&#8243; _module_preset=&#8220;6285fc03-f68e-436b-88eb-ce0ec9ac41e8&#8243; title_text_color=&#8220;#FFFFFF&#8220; custom_margin=&#8220;||10px||false|false&#8220; global_colors_info=&#8220;{}&#8220;][\/et_pb_heading][et_pb_text _builder_version=&#8220;4.27.5&#8243; _module_preset=&#8220;96b74340-f02e-4e69-a17e-b537329df2e9&#8243; global_colors_info=&#8220;{}&#8220;]<\/p>\n<p>wurde die VR Glacier Experience Ausstellung zum ersten Mal er\u00f6ffnet.<\/p>\n<p>[\/et_pb_text][\/et_pb_column][et_pb_column type=&#8220;1_3&#8243; _builder_version=&#8220;4.25.2&#8243; _module_preset=&#8220;73efed0a-a873-499f-8b62-3482c2579d7f&#8220; global_colors_info=&#8220;{}&#8220;][et_pb_heading title=&#8220;#gkb2020,&#8220; _builder_version=&#8220;4.27.5&#8243; _module_preset=&#8220;6285fc03-f68e-436b-88eb-ce0ec9ac41e8&#8243; title_text_color=&#8220;gcid-1f1b4e15-7cc6-4e13-8154-74d77a956460&#8243; custom_margin=&#8220;||10px||false|false&#8220; locked=&#8220;off&#8220; global_colors_info=&#8220;{%22gcid-1f1b4e15-7cc6-4e13-8154-74d77a956460%22:%91%22title_text_color%22%93}&#8220;][\/et_pb_heading][et_pb_text _builder_version=&#8220;4.27.5&#8243; _module_preset=&#8220;8f302659-ff75-4ed0-9f7b-3d265b7a27e2&#8243; locked=&#8220;off&#8220; global_colors_info=&#8220;{}&#8220;]<\/p>\n<p>das Jubil\u00e4umsprojekt der Graub\u00fcndner Kantonalbank, erm\u00f6glichte die VR Glacier Experience.<\/p>\n<p>[\/et_pb_text][\/et_pb_column][et_pb_column type=&#8220;1_3&#8243; _builder_version=&#8220;4.27.4&#8243; _module_preset=&#8220;2bc4d0a3-e501-46f0-bd98-06b18df0353e&#8220; global_colors_info=&#8220;{}&#8220;][et_pb_heading title=&#8220;Staunen &#038; Verstehen&#8220; _builder_version=&#8220;4.27.5&#8243; _module_preset=&#8220;6285fc03-f68e-436b-88eb-ce0ec9ac41e8&#8243; title_text_color=&#8220;#FFFFFF&#8220; custom_margin=&#8220;||10px||false|false&#8220; locked=&#8220;off&#8220; global_colors_info=&#8220;{}&#8220;][\/et_pb_heading][et_pb_text _builder_version=&#8220;4.27.5&#8243; _module_preset=&#8220;96b74340-f02e-4e69-a17e-b537329df2e9&#8243; locked=&#8220;off&#8220; global_colors_info=&#8220;{}&#8220;]<\/p>\n<p>befindet sich als neue Ausstellung aktuell in Planung.<\/p>\n<p>[\/et_pb_text][\/et_pb_column][\/et_pb_row][\/et_pb_section][et_pb_section fb_built=&#8220;1&#8243; disabled_on=&#8220;off|off|on&#8220; admin_label=&#8220;Header&#8220; _builder_version=&#8220;4.27.5&#8243; _module_preset=&#8220;f08e7613-a180-4797-9c4f-8fef2b5afe95&#8243; background_color_gradient_stops=&#8220;gcid-d119accd-44d7-4f2f-b9d7-599c8463324b 0%|rgba(255,255,255,0) 100%|rgba(7,33,48,0.6) 100%|#072130 100%&#8220; background_image=&#8220;https:\/\/glaciersalive.ch\/wp-content\/uploads\/2025\/12\/2glacierexperience-scaled.jpg&#8220; background_enable_image=&#8220;on&#8220; custom_padding=&#8220;8px||6px|||&#8220; locked=&#8220;off&#8220; collapsed=&#8220;on&#8220; global_colors_info=&#8220;{%22gcid-1f1bf5fb-a99d-4acc-8d9e-ddac074c158c%22:%91%22background_color_gradient_stops%22,%22background_color_gradient_stops%22%93,%22gcid-4c79ba3d-a281-4fb6-9b14-02f9a4c793f2%22:%91%22background_color_gradient_stops%22,%22background_color_gradient_stops%22%93,%22gcid-688c464a-d6f2-4296-b592-395352c71c79%22:%91%22background_color_gradient_stops%22,%22background_color_gradient_stops%22%93,%22gcid-d119accd-44d7-4f2f-b9d7-599c8463324b%22:%91%22background_color_gradient_stops%22,%22background_color_gradient_stops%22%93}&#8220;][et_pb_row _builder_version=&#8220;4.25.1&#8243; _module_preset=&#8220;default&#8220; custom_padding=&#8220;||20px|||&#8220; global_colors_info=&#8220;{}&#8220;][et_pb_column type=&#8220;4_4&#8243; _builder_version=&#8220;4.25.1&#8243; _module_preset=&#8220;default&#8220; global_colors_info=&#8220;{}&#8220;][et_pb_heading title=&#8220;Bernina Glaciers Experience&#8220; _builder_version=&#8220;4.27.5&#8243; _module_preset=&#8220;9bab56d2-91ba-4ba3-b0ff-49ada2eb4275&#8243; title_text_align=&#8220;center&#8220; title_text_color=&#8220;#FFFFFF&#8220; title_font_size=&#8220;88px&#8220; custom_margin=&#8220;||10px||false|false&#8220; title_font_size_phone=&#8220;54px&#8220; global_colors_info=&#8220;{}&#8220;][\/et_pb_heading][\/et_pb_column][\/et_pb_row][et_pb_row column_structure=&#8220;1_3,1_3,1_3&#8243; make_equal=&#8220;on&#8220; _builder_version=&#8220;4.27.4&#8243; _module_preset=&#8220;default&#8220; global_colors_info=&#8220;{}&#8220;][et_pb_column type=&#8220;1_3&#8243; _builder_version=&#8220;4.25.2&#8243; _module_preset=&#8220;d66df6ce-5467-4eab-b5b4-3bc8c37fe3c1&#8243; global_colors_info=&#8220;{}&#8220;][et_pb_heading title=&#8220;2020&#8243; _builder_version=&#8220;4.27.5&#8243; _module_preset=&#8220;6285fc03-f68e-436b-88eb-ce0ec9ac41e8&#8243; title_text_color=&#8220;#FFFFFF&#8220; custom_margin=&#8220;||10px||false|false&#8220; global_colors_info=&#8220;{}&#8220;][\/et_pb_heading][et_pb_text _builder_version=&#8220;4.27.5&#8243; _module_preset=&#8220;96b74340-f02e-4e69-a17e-b537329df2e9&#8243; global_colors_info=&#8220;{}&#8220;]<\/p>\n<p>wurde die VR Glacier Experience Ausstellung zum ersten Mal er\u00f6ffnet.<\/p>\n<p>[\/et_pb_text][\/et_pb_column][et_pb_column type=&#8220;1_3&#8243; _builder_version=&#8220;4.25.2&#8243; _module_preset=&#8220;73efed0a-a873-499f-8b62-3482c2579d7f&#8220; global_colors_info=&#8220;{}&#8220;][et_pb_heading title=&#8220;#gkb2020,&#8220; _builder_version=&#8220;4.27.5&#8243; _module_preset=&#8220;6285fc03-f68e-436b-88eb-ce0ec9ac41e8&#8243; title_text_color=&#8220;gcid-1f1b4e15-7cc6-4e13-8154-74d77a956460&#8243; custom_margin=&#8220;||10px||false|false&#8220; locked=&#8220;off&#8220; global_colors_info=&#8220;{%22gcid-1f1b4e15-7cc6-4e13-8154-74d77a956460%22:%91%22title_text_color%22%93}&#8220;][\/et_pb_heading][et_pb_text _builder_version=&#8220;4.27.5&#8243; _module_preset=&#8220;8f302659-ff75-4ed0-9f7b-3d265b7a27e2&#8243; locked=&#8220;off&#8220; global_colors_info=&#8220;{}&#8220;]<\/p>\n<p>das Jubil\u00e4umsprojekt der Graub\u00fcndner Kantonalbank, erm\u00f6glichte die VR Glacier Experience.<\/p>\n<p>[\/et_pb_text][\/et_pb_column][et_pb_column type=&#8220;1_3&#8243; _builder_version=&#8220;4.27.4&#8243; _module_preset=&#8220;2bc4d0a3-e501-46f0-bd98-06b18df0353e&#8220; global_colors_info=&#8220;{}&#8220;][et_pb_heading title=&#8220;Staunen &#038; Verstehen&#8220; _builder_version=&#8220;4.27.5&#8243; _module_preset=&#8220;6285fc03-f68e-436b-88eb-ce0ec9ac41e8&#8243; title_text_color=&#8220;#FFFFFF&#8220; custom_margin=&#8220;||10px||false|false&#8220; locked=&#8220;off&#8220; global_colors_info=&#8220;{}&#8220;][\/et_pb_heading][et_pb_text _builder_version=&#8220;4.27.5&#8243; _module_preset=&#8220;96b74340-f02e-4e69-a17e-b537329df2e9&#8243; locked=&#8220;off&#8220; global_colors_info=&#8220;{}&#8220;]<\/p>\n<p>befindet sich als neue Ausstellung aktuell in Planung.<\/p>\n<p>[\/et_pb_text][\/et_pb_column][\/et_pb_row][\/et_pb_section][et_pb_section fb_built=&#8220;1&#8243; admin_label=&#8220;Video&#8220; _builder_version=&#8220;4.25.1&#8243; _module_preset=&#8220;ebd57eff-f9d4-426f-9813-6efc706727b4&#8243; custom_padding=&#8220;32px||4px|||&#8220; locked=&#8220;off&#8220; collapsed=&#8220;on&#8220; global_colors_info=&#8220;{}&#8220;][et_pb_row column_structure=&#8220;1_2,1_2&#8243; _builder_version=&#8220;4.25.1&#8243; _module_preset=&#8220;default&#8220; custom_padding=&#8220;8px||3px|||&#8220; locked=&#8220;off&#8220; global_colors_info=&#8220;{}&#8220;][et_pb_column type=&#8220;1_2&#8243; _builder_version=&#8220;4.25.1&#8243; _module_preset=&#8220;default&#8220; global_colors_info=&#8220;{}&#8220;][et_pb_text _builder_version=&#8220;4.27.5&#8243; _module_preset=&#8220;8f302659-ff75-4ed0-9f7b-3d265b7a27e2&#8243; text_orientation=&#8220;justified&#8220; custom_margin=&#8220;||10px||false|false&#8220; global_colors_info=&#8220;{}&#8220;]<\/p>\n<h2>Feel the change<\/h2>\n<p>Die VR Glacier Experience ist eine interaktive Virtual-Reality-Ausstellung an der Talstation Diavolezza in Pontresina, die Besucherinnen und Besucher in die hochalpine Welt des Morteratschgletschers eintauchen l\u00e4sst. Sie vermittelt auf eindr\u00fcckliche Weise die Zusammenh\u00e4nge zwischen Klimawandel, Gletscherentwicklung und Wasserhaushalt \u2013 wissenschaftlich fundiert und zugleich erlebbar gemacht.<\/p>\n<p>Die Ausstellung wurde im Rahmen des <a href=\"https:\/\/www.gkb.ch\/de\/ueber-uns\/portraet\/unternehmen\/gkb2020\">#gkb2020-Jubil\u00e4umsprojekts<\/a> der Graub\u00fcndner Kantonalbank erm\u00f6glicht und in Zusammenarbeit mit der Z\u00fcrcher Hochschule der K\u00fcnste sowie der Universit\u00e4t Freiburg entwickelt. Sie ist t\u00e4glich ge\u00f6ffnet und kostenlos zug\u00e4nglich, mit dem Ziel, Bewusstsein f\u00fcr die Folgen des Klimawandels zu schaffen und Wissen \u00fcber Gletscher, Wasser und Zukunftsszenarien zu vermitteln.<\/p>\n<p>[\/et_pb_text][\/et_pb_column][et_pb_column type=&#8220;1_2&#8243; _builder_version=&#8220;4.25.1&#8243; _module_preset=&#8220;default&#8220; global_colors_info=&#8220;{}&#8220;][et_pb_video src=&#8220;https:\/\/youtu.be\/ymgMe2WPyhs&#8220; _builder_version=&#8220;4.27.5&#8243; _module_preset=&#8220;default&#8220; global_colors_info=&#8220;{}&#8220;][\/et_pb_video][et_pb_button button_url=&#8220;https:\/\/glacierexperience.com\/erlebnis&#8220; button_text=&#8220;VR Glacier Experience&#8220; _builder_version=&#8220;4.27.5&#8243; _module_preset=&#8220;c78839f2-7ddd-474d-8c1b-ba1392bff639&#8243; custom_padding=&#8220;13px|50px|13px|40px|true|false&#8220; global_colors_info=&#8220;{}&#8220;][\/et_pb_button][\/et_pb_column][\/et_pb_row][\/et_pb_section][et_pb_section fb_built=&#8220;1&#8243; admin_label=&#8220;Video&#8220; _builder_version=&#8220;4.25.1&#8243; _module_preset=&#8220;ebd57eff-f9d4-426f-9813-6efc706727b4&#8243; custom_padding=&#8220;3px||5px|||&#8220; locked=&#8220;off&#8220; collapsed=&#8220;on&#8220; global_colors_info=&#8220;{}&#8220;][et_pb_row _builder_version=&#8220;4.25.1&#8243; _module_preset=&#8220;default&#8220; custom_padding=&#8220;||3px|||&#8220; locked=&#8220;off&#8220; global_colors_info=&#8220;{}&#8220;][et_pb_column type=&#8220;4_4&#8243; _builder_version=&#8220;4.25.1&#8243; _module_preset=&#8220;default&#8220; global_colors_info=&#8220;{}&#8220;][et_pb_text _builder_version=&#8220;4.27.5&#8243; _module_preset=&#8220;8f302659-ff75-4ed0-9f7b-3d265b7a27e2&#8243; text_orientation=&#8220;justified&#8220; custom_margin=&#8220;||10px||false|false&#8220; global_colors_info=&#8220;{}&#8220;]<\/p>\n<h2 style=\"text-align: left;\" data-start=\"81\" data-end=\"139\">Neue Ausstellung in Planung \u2013 Staunen und Verstehen<\/h2>\n<p style=\"font-weight: 400;\">Die Bernina Glaciers Experience l\u00e4dt dazu ein, diese faszinierende Bergwelt zu betreten. Sie zeigt, wie eng die Elemente miteinander verflochten sind: Schnee wird zu Eis, Eis zu Wasser, und Wasser formt die Welt. Doch dieser Kreislauf, einst scheinbar unver\u00e4nderlich, befindet sich heute im Wandel. Die Temperatur steigt, die Gletscher ziehen sich zur\u00fcck, und das Gef\u00fcge dieser empfindlichen Systeme verschiebt sich. Was sich fr\u00fcher \u00fcber Jahrhunderte vollzog, passiert nun in wenigen Jahrzehnten \u2013 mit weitreichenden Folgen f\u00fcr Landschaft und Menschen. In der Begegnung mit historischen Spuren, aktuellen wissenschaftlichen Erkenntnissen und sinnlichen Erlebnissen wird sichtbar, wie die Klimaver\u00e4nderung die alpine Landschaft trifft.<\/p>\n<p style=\"font-weight: 400;\">\n<p style=\"font-weight: 400;\">Diese Ausstellung versteht sich als Einladung zum Staunen, zum Interagieren \u2013 und zum Nachdenken. Sie macht erfahrbar, wie m\u00e4chtig die Naturkr\u00e4fte sind, die hier wirken, und wie verletzlich zugleich das System ist. Zwischen eindr\u00fccklichen Bildern, Modellen, Kl\u00e4ngen und Geschichten entsteht eine packende und aufr\u00fcttelte Erz\u00e4hlung rund um die Erlebnisregion Bernina Glaciers.<\/p>\n<p>[\/et_pb_text][\/et_pb_column][\/et_pb_row][et_pb_row _builder_version=&#8220;4.27.5&#8243; _module_preset=&#8220;default&#8220; custom_padding=&#8220;3px|||||&#8220; global_colors_info=&#8220;{}&#8220;][et_pb_column type=&#8220;4_4&#8243; _builder_version=&#8220;4.27.5&#8243; _module_preset=&#8220;default&#8220; global_colors_info=&#8220;{}&#8220;][et_pb_gallery gallery_ids=&#8220;32768,32767,32769,32770&#8243; fullwidth=&#8220;on&#8220; _builder_version=&#8220;4.27.5&#8243; _module_preset=&#8220;default&#8220; global_colors_info=&#8220;{}&#8220;][\/et_pb_gallery][et_pb_text _builder_version=&#8220;4.27.5&#8243; _module_preset=&#8220;default&#8220; hover_enabled=&#8220;0&#8243; global_colors_info=&#8220;{}&#8220; sticky_enabled=&#8220;0&#8243;]<\/p>\n<p>Sind Sie an diesem Projekt interessiert und m\u00f6chten es gerne unterst\u00fctzen?\u00a0<a href=\"https:\/\/glaciersalive.ch\/spenden\/\">Hier<\/a>\u00a0k\u00f6nnen Sie mit Ihrer Spende einen wichtigen Beitrag leisten.<\/p>\n<p>[\/et_pb_text][\/et_pb_column][\/et_pb_row][\/et_pb_section]<\/p>\n","protected":false},"excerpt":{"rendered":"<p>wurde die VR Glacier Experience Ausstellung zum ersten Mal er\u00f6ffnet.das Jubil\u00e4umsprojekt der Graub\u00fcndner Kantonalbank, erm\u00f6glichte die VR Glacier Experience.befindet sich als neue Ausstellung aktuell in Planung.wurde die VR Glacier Experience Ausstellung zum ersten Mal er\u00f6ffnet.das Jubil\u00e4umsprojekt der Graub\u00fcndner Kantonalbank, erm\u00f6glichte die VR Glacier Experience.befindet sich als neue Ausstellung aktuell in Planung.Feel the change Die VR [&hellip;]<\/p>\n","protected":false},"author":1,"featured_media":0,"parent":0,"menu_order":0,"comment_status":"closed","ping_status":"closed","template":"","meta":{"give_campaign_id":0,"_et_pb_use_builder":"on","_et_pb_old_content":"","_et_gb_content_width":"","footnotes":""},"class_list":["post-32761","page","type-page","status-publish","hentry"],"yoast_head":"<!-- This site is optimized with the Yoast SEO plugin v27.1.1 - https:\/\/yoast.com\/product\/yoast-seo-wordpress\/ -->\n<title>Bernina Glaciers Experience | GlaciersAlive<\/title>\n<meta name=\"robots\" content=\"index, follow, max-snippet:-1, max-image-preview:large, max-video-preview:-1\" \/>\n<link rel=\"canonical\" href=\"https:\/\/glaciersalive.ch\/en\/bernina-glaciers-experience\/\" \/>\n<meta property=\"og:locale\" content=\"en_US\" \/>\n<meta property=\"og:type\" content=\"article\" \/>\n<meta property=\"og:title\" content=\"Bernina Glaciers Experience | GlaciersAlive\" \/>\n<meta property=\"og:description\" content=\"wurde die VR Glacier Experience Ausstellung zum ersten Mal er\u00f6ffnet.das Jubil\u00e4umsprojekt der Graub\u00fcndner Kantonalbank, erm\u00f6glichte die VR Glacier Experience.befindet sich als neue Ausstellung aktuell in Planung.wurde die VR Glacier Experience Ausstellung zum ersten Mal er\u00f6ffnet.das Jubil\u00e4umsprojekt der Graub\u00fcndner Kantonalbank, erm\u00f6glichte die VR Glacier Experience.befindet sich als neue Ausstellung aktuell in Planung.Feel the change Die VR [&hellip;]\" \/>\n<meta property=\"og:url\" content=\"https:\/\/glaciersalive.ch\/en\/bernina-glaciers-experience\/\" \/>\n<meta property=\"og:site_name\" content=\"GlaciersAlive\" \/>\n<meta property=\"article:publisher\" content=\"https:\/\/www.facebook.com\/GlaciersAlive\" \/>\n<meta property=\"article:modified_time\" content=\"2026-01-01T09:24:51+00:00\" \/>\n<meta name=\"twitter:card\" content=\"summary_large_image\" \/>\n<meta name=\"twitter:label1\" content=\"Est. reading time\" \/>\n\t<meta name=\"twitter:data1\" content=\"5 minutes\" \/>\n<script type=\"application\/ld+json\" class=\"yoast-schema-graph\">{\"@context\":\"https:\/\/schema.org\",\"@graph\":[{\"@type\":\"WebPage\",\"@id\":\"https:\/\/glaciersalive.ch\/bernina-glaciers-experience\/\",\"url\":\"https:\/\/glaciersalive.ch\/bernina-glaciers-experience\/\",\"name\":\"Bernina Glaciers Experience | GlaciersAlive\",\"isPartOf\":{\"@id\":\"https:\/\/glaciersalive.ch\/#website\"},\"datePublished\":\"2025-12-30T14:45:51+00:00\",\"dateModified\":\"2026-01-01T09:24:51+00:00\",\"breadcrumb\":{\"@id\":\"https:\/\/glaciersalive.ch\/bernina-glaciers-experience\/#breadcrumb\"},\"inLanguage\":\"en-US\",\"potentialAction\":[{\"@type\":\"ReadAction\",\"target\":[\"https:\/\/glaciersalive.ch\/bernina-glaciers-experience\/\"]}]},{\"@type\":\"BreadcrumbList\",\"@id\":\"https:\/\/glaciersalive.ch\/bernina-glaciers-experience\/#breadcrumb\",\"itemListElement\":[{\"@type\":\"ListItem\",\"position\":1,\"name\":\"Startseite\",\"item\":\"https:\/\/glaciersalive.ch\/\"},{\"@type\":\"ListItem\",\"position\":2,\"name\":\"Bernina Glaciers Experience\"}]},{\"@type\":\"WebSite\",\"@id\":\"https:\/\/glaciersalive.ch\/#website\",\"url\":\"https:\/\/glaciersalive.ch\/\",\"name\":\"GlaciersAlive\",\"description\":\"Gletscherpflege f\u00fcr die nachhaltigen Sicherung der Wasserversorgung in Gebirgsregionen.\",\"publisher\":{\"@id\":\"https:\/\/glaciersalive.ch\/#organization\"},\"potentialAction\":[{\"@type\":\"SearchAction\",\"target\":{\"@type\":\"EntryPoint\",\"urlTemplate\":\"https:\/\/glaciersalive.ch\/?s={search_term_string}\"},\"query-input\":{\"@type\":\"PropertyValueSpecification\",\"valueRequired\":true,\"valueName\":\"search_term_string\"}}],\"inLanguage\":\"en-US\"},{\"@type\":\"Organization\",\"@id\":\"https:\/\/glaciersalive.ch\/#organization\",\"name\":\"GlaciersAlive\",\"url\":\"https:\/\/glaciersalive.ch\/\",\"logo\":{\"@type\":\"ImageObject\",\"inLanguage\":\"en-US\",\"@id\":\"https:\/\/glaciersalive.ch\/#\/schema\/logo\/image\/\",\"url\":\"https:\/\/glaciersalive.ch\/wp-content\/uploads\/2025\/12\/GlaciersAlivelogo.jpg\",\"contentUrl\":\"https:\/\/glaciersalive.ch\/wp-content\/uploads\/2025\/12\/GlaciersAlivelogo.jpg\",\"width\":1091,\"height\":1031,\"caption\":\"GlaciersAlive\"},\"image\":{\"@id\":\"https:\/\/glaciersalive.ch\/#\/schema\/logo\/image\/\"},\"sameAs\":[\"https:\/\/www.facebook.com\/GlaciersAlive\",\"https:\/\/www.instagram.com\/glaciers_alive\/\"]}]}<\/script>\n<!-- \/ Yoast SEO plugin. -->","yoast_head_json":{"title":"Bernina Glaciers Experience | GlaciersAlive","robots":{"index":"index","follow":"follow","max-snippet":"max-snippet:-1","max-image-preview":"max-image-preview:large","max-video-preview":"max-video-preview:-1"},"canonical":"https:\/\/glaciersalive.ch\/en\/bernina-glaciers-experience\/","og_locale":"en_US","og_type":"article","og_title":"Bernina Glaciers Experience | GlaciersAlive","og_description":"wurde die VR Glacier Experience Ausstellung zum ersten Mal er\u00f6ffnet.das Jubil\u00e4umsprojekt der Graub\u00fcndner Kantonalbank, erm\u00f6glichte die VR Glacier Experience.befindet sich als neue Ausstellung aktuell in Planung.wurde die VR Glacier Experience Ausstellung zum ersten Mal er\u00f6ffnet.das Jubil\u00e4umsprojekt der Graub\u00fcndner Kantonalbank, erm\u00f6glichte die VR Glacier Experience.befindet sich als neue Ausstellung aktuell in Planung.Feel the change Die VR [&hellip;]","og_url":"https:\/\/glaciersalive.ch\/en\/bernina-glaciers-experience\/","og_site_name":"GlaciersAlive","article_publisher":"https:\/\/www.facebook.com\/GlaciersAlive","article_modified_time":"2026-01-01T09:24:51+00:00","twitter_card":"summary_large_image","twitter_misc":{"Est. reading time":"5 minutes"},"schema":{"@context":"https:\/\/schema.org","@graph":[{"@type":"WebPage","@id":"https:\/\/glaciersalive.ch\/bernina-glaciers-experience\/","url":"https:\/\/glaciersalive.ch\/bernina-glaciers-experience\/","name":"Bernina Glaciers Experience | GlaciersAlive","isPartOf":{"@id":"https:\/\/glaciersalive.ch\/#website"},"datePublished":"2025-12-30T14:45:51+00:00","dateModified":"2026-01-01T09:24:51+00:00","breadcrumb":{"@id":"https:\/\/glaciersalive.ch\/bernina-glaciers-experience\/#breadcrumb"},"inLanguage":"en-US","potentialAction":[{"@type":"ReadAction","target":["https:\/\/glaciersalive.ch\/bernina-glaciers-experience\/"]}]},{"@type":"BreadcrumbList","@id":"https:\/\/glaciersalive.ch\/bernina-glaciers-experience\/#breadcrumb","itemListElement":[{"@type":"ListItem","position":1,"name":"Startseite","item":"https:\/\/glaciersalive.ch\/"},{"@type":"ListItem","position":2,"name":"Bernina Glaciers Experience"}]},{"@type":"WebSite","@id":"https:\/\/glaciersalive.ch\/#website","url":"https:\/\/glaciersalive.ch\/","name":"GlaciersAlive","description":"Gletscherpflege f\u00fcr die nachhaltigen Sicherung der Wasserversorgung in Gebirgsregionen.","publisher":{"@id":"https:\/\/glaciersalive.ch\/#organization"},"potentialAction":[{"@type":"SearchAction","target":{"@type":"EntryPoint","urlTemplate":"https:\/\/glaciersalive.ch\/?s={search_term_string}"},"query-input":{"@type":"PropertyValueSpecification","valueRequired":true,"valueName":"search_term_string"}}],"inLanguage":"en-US"},{"@type":"Organization","@id":"https:\/\/glaciersalive.ch\/#organization","name":"GlaciersAlive","url":"https:\/\/glaciersalive.ch\/","logo":{"@type":"ImageObject","inLanguage":"en-US","@id":"https:\/\/glaciersalive.ch\/#\/schema\/logo\/image\/","url":"https:\/\/glaciersalive.ch\/wp-content\/uploads\/2025\/12\/GlaciersAlivelogo.jpg","contentUrl":"https:\/\/glaciersalive.ch\/wp-content\/uploads\/2025\/12\/GlaciersAlivelogo.jpg","width":1091,"height":1031,"caption":"GlaciersAlive"},"image":{"@id":"https:\/\/glaciersalive.ch\/#\/schema\/logo\/image\/"},"sameAs":["https:\/\/www.facebook.com\/GlaciersAlive","https:\/\/www.instagram.com\/glaciers_alive\/"]}]}},"campaignId":"","_links":{"self":[{"href":"https:\/\/glaciersalive.ch\/en\/wp-json\/wp\/v2\/pages\/32761","targetHints":{"allow":["GET"]}}],"collection":[{"href":"https:\/\/glaciersalive.ch\/en\/wp-json\/wp\/v2\/pages"}],"about":[{"href":"https:\/\/glaciersalive.ch\/en\/wp-json\/wp\/v2\/types\/page"}],"author":[{"embeddable":true,"href":"https:\/\/glaciersalive.ch\/en\/wp-json\/wp\/v2\/users\/1"}],"replies":[{"embeddable":true,"href":"https:\/\/glaciersalive.ch\/en\/wp-json\/wp\/v2\/comments?post=32761"}],"version-history":[{"count":10,"href":"https:\/\/glaciersalive.ch\/en\/wp-json\/wp\/v2\/pages\/32761\/revisions"}],"predecessor-version":[{"id":32806,"href":"https:\/\/glaciersalive.ch\/en\/wp-json\/wp\/v2\/pages\/32761\/revisions\/32806"}],"wp:attachment":[{"href":"https:\/\/glaciersalive.ch\/en\/wp-json\/wp\/v2\/media?parent=32761"}],"curies":[{"name":"wp","href":"https:\/\/api.w.org\/{rel}","templated":true}]}}